{"id":8103,"date":"2024-07-05T08:06:48","date_gmt":"2024-07-05T08:06:48","guid":{"rendered":"https:\/\/www.onurkoserealestate.com\/?post_type=product&#038;p=8103"},"modified":"2024-07-05T08:06:48","modified_gmt":"2024-07-05T08:06:48","slug":"exclusive-seafront-apartment-in-alanya-mahmutlar-your-perfect-living-space","status":"publish","type":"product","link":"https:\/\/www.onurkoserealestate.com\/product\/exclusive-seafront-apartment-in-alanya-mahmutlar-your-perfect-living-space\/","title":{"rendered":"&#8220;Exclusive Seafront Apartment in Alanya Mahmutlar: Your Perfect Living Space!&#8221;"},"content":{"rendered":"<p>&nbsp;<\/p>\n<p><span style=\"vertical-align: inherit\"><span style=\"vertical-align: inherit\">**Mahmutlar&#8217;da Benzersiz 2+1 A\u00e7\u0131k Mutfakl\u0131 Daire**<\/span><\/span><\/p>\n<p><span style=\"vertical-align: inherit\"><span style=\"vertical-align: inherit\">Sunset Aqua Residence&#8217;daki bu \u00e7arp\u0131c\u0131 2+1 a\u00e7\u0131k plan mutfakl\u0131 daire, Alanya Mahmutlar&#8217;\u0131n en \u00e7ok tercih edilen lokasyonlar\u0131ndan birinde sizi bekliyor. 85 m2&#8217;lik geni\u015f bir alana sahip dairemiz, 12 katl\u0131 bir binan\u0131n 8. kat\u0131nda yer almaktad\u0131r ve sadece 2 ya\u015f\u0131ndad\u0131r.<\/span><\/span><\/p>\n<p><span style=\"vertical-align: inherit\"><span style=\"vertical-align: inherit\">Daire \u00d6zellikleri: <\/span><\/span><br \/>\n<span style=\"vertical-align: inherit\"><span style=\"vertical-align: inherit\">&#8211; **2+1 A\u00e7\u0131k Mutfak**: Modern ve fonksiyonel mutfak tasar\u0131m\u0131. <\/span><\/span><br \/>\n<span style=\"vertical-align: inherit\"><span style=\"vertical-align: inherit\">&#8211; **85m2 Ya\u015fam Alan\u0131**: Geni\u015f ve ayd\u0131nl\u0131k oturma alan\u0131. <\/span><\/span><br \/>\n<span style=\"vertical-align: inherit\"><span style=\"vertical-align: inherit\">&#8211; **8. Kat Konumu**: Muhte\u015fem deniz manzaras\u0131. <\/span><\/span><br \/>\n<span style=\"vertical-align: inherit\"><span style=\"vertical-align: inherit\">&#8211; **Deniz K\u0131y\u0131s\u0131**: Plajla b\u00fct\u00fcnle\u015fmi\u015f bir ya\u015fam tarz\u0131.<\/span><\/span><\/p>\n<p><span style=\"vertical-align: inherit\"><span style=\"vertical-align: inherit\">Residence \u00d6zellikleri: <\/span><\/span><br \/>\n<span style=\"vertical-align: inherit\"><span style=\"vertical-align: inherit\">&#8211; **T\u00fcrk Hamam\u0131** <\/span><\/span><br \/>\n<span style=\"vertical-align: inherit\"><span style=\"vertical-align: inherit\">&#8211; **Sauna** <\/span><\/span><br \/>\n<span style=\"vertical-align: inherit\"><span style=\"vertical-align: inherit\">&#8211; **Fitness Center** <\/span><\/span><br \/>\n<span style=\"vertical-align: inherit\"><span style=\"vertical-align: inherit\">&#8211; **A\u00e7\u0131k\/Kapal\u0131 Havuz** <\/span><\/span><br \/>\n<span style=\"vertical-align: inherit\"><span style=\"vertical-align: inherit\">&#8211; **24 Saat G\u00fcvenlik**<\/span><\/span><\/p>\n<p><span style=\"vertical-align: inherit\"><span style=\"vertical-align: inherit\">Sunset Aqua Residence sadece bir ev de\u011fil; konfor ve l\u00fcks\u00fc birle\u015ftiren bir ya\u015fam tarz\u0131 sunuyor. Alanya Mahmutlar&#8217;da r\u00fcya gibi bir hayata ad\u0131m atmak i\u00e7in bu e\u015fsiz f\u0131rsat\u0131 ka\u00e7\u0131rmay\u0131n!<\/span><\/span><\/p>\n<p>&nbsp;<\/p>\n","protected":false},"excerpt":{"rendered":"<p>&nbsp; **Mahmutlar&#8217;da Benzersiz 2+1 A\u00e7\u0131k Mutfakl\u0131 Daire** Sunset Aqua Residence&#8217;daki bu \u00e7arp\u0131c\u0131 2+1 a\u00e7\u0131k plan mutfakl\u0131 daire, Alanya Mahmutlar&#8217;\u0131n en<\/p>\n","protected":false},"featured_media":8124,"comment_status":"open","ping_status":"closed","template":"","meta":[],"product_cat":[59,49],"product_tag":[],"country":[75],"district":[184],"selling-type":[34],"property-type":[37],"location":[42],"property-city":[43],"class_list":{"0":"post-8103","1":"product","2":"type-product","3":"status-publish","4":"has-post-thumbnail","6":"product_cat-castle-view","7":"product_cat-sea-view","8":"country-turkey","9":"district-mahmutlar","10":"selling-type-completed-projects","11":"property-type-apartment","12":"location-alanya","13":"property-city-antalya","15":"first","16":"instock","17":"shipping-taxable","18":"purchasable","19":"product-type-simple"},"_links":{"self":[{"href":"https:\/\/www.onurkoserealestate.com\/de\/wp-json\/wp\/v2\/product\/8103","targetHints":{"allow":["GET"]}}],"collection":[{"href":"https:\/\/www.onurkoserealestate.com\/de\/wp-json\/wp\/v2\/product"}],"about":[{"href":"https:\/\/www.onurkoserealestate.com\/de\/wp-json\/wp\/v2\/types\/product"}],"replies":[{"embeddable":true,"href":"https:\/\/www.onurkoserealestate.com\/de\/wp-json\/wp\/v2\/comments?post=8103"}],"wp:featuredmedia":[{"embeddable":true,"href":"https:\/\/www.onurkoserealestate.com\/de\/wp-json\/wp\/v2\/media\/8124"}],"wp:attachment":[{"href":"https:\/\/www.onurkoserealestate.com\/de\/wp-json\/wp\/v2\/media?parent=8103"}],"wp:term":[{"taxonomy":"product_cat","embeddable":true,"href":"https:\/\/www.onurkoserealestate.com\/de\/wp-json\/wp\/v2\/product_cat?post=8103"},{"taxonomy":"product_tag","embeddable":true,"href":"https:\/\/www.onurkoserealestate.com\/de\/wp-json\/wp\/v2\/product_tag?post=8103"},{"taxonomy":"country","embeddable":true,"href":"https:\/\/www.onurkoserealestate.com\/de\/wp-json\/wp\/v2\/country?post=8103"},{"taxonomy":"district","embeddable":true,"href":"https:\/\/www.onurkoserealestate.com\/de\/wp-json\/wp\/v2\/district?post=8103"},{"taxonomy":"selling-type","embeddable":true,"href":"https:\/\/www.onurkoserealestate.com\/de\/wp-json\/wp\/v2\/selling-type?post=8103"},{"taxonomy":"property-type","embeddable":true,"href":"https:\/\/www.onurkoserealestate.com\/de\/wp-json\/wp\/v2\/property-type?post=8103"},{"taxonomy":"location","embeddable":true,"href":"https:\/\/www.onurkoserealestate.com\/de\/wp-json\/wp\/v2\/location?post=8103"},{"taxonomy":"property-city","embeddable":true,"href":"https:\/\/www.onurkoserealestate.com\/de\/wp-json\/wp\/v2\/property-city?post=8103"}],"curies":[{"name":"wp","href":"https:\/\/api.w.org\/{rel}","templated":true}]}}