{"id":8886,"date":"2024-07-08T10:04:19","date_gmt":"2024-07-08T10:04:19","guid":{"rendered":"https:\/\/www.onurkoserealestate.com\/product\/luxurioese-sea-villa-41-in-alanya-bezirk-bektas\/"},"modified":"2024-07-08T10:04:19","modified_gmt":"2024-07-08T10:04:19","slug":"luxuriose-sea-villa-41-in-alanya-bektas-bezirk","status":"publish","type":"product","link":"https:\/\/www.onurkoserealestate.com\/de\/product\/luxuriose-sea-villa-41-in-alanya-bektas-bezirk\/","title":{"rendered":"Luxuri\u00f6se SEA VILLA 4+1 in Alanya &#8211; Bezirk Bektas"},"content":{"rendered":"<h3>Alanya &#8211; Bezirk Bektas<\/h3>\n<p><strong>Anzahl der Bl\u00f6cke: 1<\/strong><br \/>\n<strong>Anzahl der Stockwerke pro Block: 2,5<\/strong><br \/>\n<strong>Gesamtzahl der Einheiten: 5<\/strong><br \/>\n<strong>Anfangsdatum: 15.04.2021<\/strong><br \/>\n<strong>Fertigstellungstermin: 01.01.2025<\/strong><\/p>\n<h3>Details zur Immobilie<\/h3>\n<p><strong>Gesamtfl\u00e4che: 4134 m\u00b2<\/strong><br \/>\n<strong>Innenbereich: 761 m\u00b2<\/strong><br \/>\n<strong>\u00dcberdachter Parkplatz: 100 m\u00b2<\/strong><br \/>\n<strong>Au\u00dfenbereich: 598 m\u00b2<\/strong><\/p>\n<ul>\n<li><strong>Gartenterrasse (harte Oberfl\u00e4che): 268 m\u00b2<\/strong><\/li>\n<li><strong>Dekorativer Pool: 45,7 m\u00b2<\/strong><\/li>\n<li><strong>Schwimmbad: 54 m\u00b2<\/strong><\/li>\n<li><strong>Gr\u00fcnfl\u00e4che: 231 m\u00b2<\/strong><\/li>\n<li><strong>Pool L\u00e4nge: 15&#215;4 m<\/strong><\/li>\n<\/ul>\n<h3>Entfernungen<\/h3>\n<p><strong>Entfernung zum Meer: 10 min &#8211; 5 km<\/strong><br \/>\n<strong>Entfernung zum Zentrum: 10 min &#8211; 7 km<\/strong><br \/>\n<strong>Entfernung zum Flughafen: 30 min &#8211; 25 km<\/strong><br \/>\n<strong>Entfernung zur Schule: 5 min &#8211; 4 km<\/strong><br \/>\n<strong>Entfernung zum Krankenhaus: 10 min &#8211; 10 km<\/strong><br \/>\n<strong>Entfernung zum Markt: 3 min &#8211; 200 m<\/strong><\/p>\n<h3>SEE-VILLA 4+1<\/h3>\n<p><strong>Betonklasse: C30<\/strong><br \/>\n<strong>Isolierung:<\/strong><\/p>\n<ul>\n<li>Betonzusatzmittel f\u00fcr Fundamente, Bitumenanwendung f\u00fcr Vorhangfassaden<\/li>\n<li>Innere Oberfl\u00e4che W\u00e4rmed\u00e4mmung Polyurethan, \u00e4u\u00dfere Oberfl\u00e4che Polyharnstoff + voll elastische Beschichtung auf Zementbasis<\/li>\n<li>Botanische Membran<\/li>\n<\/ul>\n<p><strong>Heizungs- und K\u00fchlungssysteme:<\/strong><\/p>\n<ul>\n<li>VRF Mitsubishi heavy oder analog, Kanall\u00fcftung, Fu\u00dfbodenheizung mit Wassersystem und W\u00e4rmepumpe<\/li>\n<\/ul>\n<p><strong>Fenster:<\/strong><\/p>\n<ul>\n<li>W\u00e4rmeged\u00e4mmtes Aluminiumprofil + geh\u00e4rtetes Komfortglas<\/li>\n<\/ul>\n<p><strong>Beleuchtung und Niederspannung:<\/strong><\/p>\n<ul>\n<li>Halogenfreie Kabelinfrastruktur, Au\u00dfenkameras, CCTV, Bewegungsmelder, W\u00e4rme- und Rauchmelder, Automatisierungsinfrastruktur, drahtlose Fernsteuerung im Wohnzimmer und in den Hauptschlafzimmern<\/li>\n<\/ul>\n<p><strong>Fassadenverkleidung:<\/strong><\/p>\n<ul>\n<li>Gespaltener Stein oder Kulturstein, d\u00fcnner Stein oder Schieferstein, Farbe der Marke Jotun oder gleichwertig<\/li>\n<\/ul>\n<p><strong>Bodenbel\u00e4ge:<\/strong><\/p>\n<ul>\n<li>Marmor &#8211; Keramiken<\/li>\n<\/ul>\n<p><strong>Pool-Beschichtung:<\/strong><\/p>\n<ul>\n<li>Keramik<\/li>\n<\/ul>\n<p><strong>Feuchtgebiete:<\/strong><\/p>\n<ul>\n<li>Keramik<\/li>\n<\/ul>\n<p><strong>Wei\u00dfe Ware:<\/strong><\/p>\n<ul>\n<li>Geschirrsp\u00fcler, Waschmaschine, Trockner, K\u00fchlschrank, Abzugshaube, Backofen, Mikrowelle, Herd<\/li>\n<\/ul>\n<p><strong>Sanit\u00e4rkeramik &#8211; Armaturen:<\/strong><\/p>\n<ul>\n<li>Grohe, Duravit oder gleichwertig<\/li>\n<\/ul>\n<hr>\n<p>F\u00fcr weitere Informationen \u00fcber diese luxuri\u00f6se Villa und um einen Besichtigungstermin zu vereinbaren, kontaktieren Sie uns bitte. Diese Villa bietet unvergleichlichen Komfort und eine atemberaubende Aussicht und ist damit das perfekte Zuhause f\u00fcr alle, die Luxus und Ruhe in Alanyas sch\u00f6nem Stadtteil Bekta\u015f suchen.<\/p>\n","protected":false},"excerpt":{"rendered":"<p>Alanya &#8211; Bezirk Bektas Anzahl der Bl\u00f6cke: 1 Anzahl der Stockwerke pro Block: 2,5 Gesamtzahl der Einheiten: 5 Anfangsdatum: 15.04.2021<\/p>\n","protected":false},"featured_media":8750,"comment_status":"open","ping_status":"closed","template":"","meta":[],"product_cat":[96,102,85,99,90,93,87,79,82],"product_tag":[],"country":[144],"district":[194],"selling-type":[155],"property-type":[139],"location":[142],"property-city":[143],"class_list":{"0":"post-8886","1":"product","2":"type-product","3":"status-publish","4":"has-post-thumbnail","6":"product_cat-aufenthaltsgenehmigung","7":"product_cat-geeignet-fuer-wohnsitz","8":"product_cat-heises-angebot","9":"product_cat-meerblick","10":"product_cat-online-rundgang","11":"product_cat-pool-ansicht","12":"product_cat-ratenzahlung","13":"product_cat-schloss-ansicht","14":"product_cat-staatsburgerschaft","15":"country-turkey-de","16":"district-bektas-de","17":"selling-type-im-bau-befindliche-projekte","18":"property-type-villa-de","19":"location-alanya-de","20":"property-city-antalya-de","22":"first","23":"instock","24":"shipping-taxable","25":"purchasable","26":"product-type-simple"},"_links":{"self":[{"href":"https:\/\/www.onurkoserealestate.com\/de\/wp-json\/wp\/v2\/product\/8886","targetHints":{"allow":["GET"]}}],"collection":[{"href":"https:\/\/www.onurkoserealestate.com\/de\/wp-json\/wp\/v2\/product"}],"about":[{"href":"https:\/\/www.onurkoserealestate.com\/de\/wp-json\/wp\/v2\/types\/product"}],"replies":[{"embeddable":true,"href":"https:\/\/www.onurkoserealestate.com\/de\/wp-json\/wp\/v2\/comments?post=8886"}],"wp:featuredmedia":[{"embeddable":true,"href":"https:\/\/www.onurkoserealestate.com\/de\/wp-json\/wp\/v2\/media\/8750"}],"wp:attachment":[{"href":"https:\/\/www.onurkoserealestate.com\/de\/wp-json\/wp\/v2\/media?parent=8886"}],"wp:term":[{"taxonomy":"product_cat","embeddable":true,"href":"https:\/\/www.onurkoserealestate.com\/de\/wp-json\/wp\/v2\/product_cat?post=8886"},{"taxonomy":"product_tag","embeddable":true,"href":"https:\/\/www.onurkoserealestate.com\/de\/wp-json\/wp\/v2\/product_tag?post=8886"},{"taxonomy":"country","embeddable":true,"href":"https:\/\/www.onurkoserealestate.com\/de\/wp-json\/wp\/v2\/country?post=8886"},{"taxonomy":"district","embeddable":true,"href":"https:\/\/www.onurkoserealestate.com\/de\/wp-json\/wp\/v2\/district?post=8886"},{"taxonomy":"selling-type","embeddable":true,"href":"https:\/\/www.onurkoserealestate.com\/de\/wp-json\/wp\/v2\/selling-type?post=8886"},{"taxonomy":"property-type","embeddable":true,"href":"https:\/\/www.onurkoserealestate.com\/de\/wp-json\/wp\/v2\/property-type?post=8886"},{"taxonomy":"location","embeddable":true,"href":"https:\/\/www.onurkoserealestate.com\/de\/wp-json\/wp\/v2\/location?post=8886"},{"taxonomy":"property-city","embeddable":true,"href":"https:\/\/www.onurkoserealestate.com\/de\/wp-json\/wp\/v2\/property-city?post=8886"}],"curies":[{"name":"wp","href":"https:\/\/api.w.org\/{rel}","templated":true}]}}