{"id":9078,"date":"2024-07-10T09:02:10","date_gmt":"2024-07-10T09:02:10","guid":{"rendered":"https:\/\/www.onurkoserealestate.com\/product\/modernes-duplex-wohnen-in-oba-vollstaendig-moebliert-mit-premium-annehmlichkeiten\/"},"modified":"2024-07-10T09:02:10","modified_gmt":"2024-07-10T09:02:10","slug":"modern-duplex-living-in-oba-fully-furnished-2-br-with-premium-amenities","status":"publish","type":"product","link":"https:\/\/www.onurkoserealestate.com\/de\/product\/modern-duplex-living-in-oba-fully-furnished-2-br-with-premium-amenities\/","title":{"rendered":"Modernes Duplex-Wohnen in Oba: Vollst\u00e4ndig m\u00f6bliert mit Premium-Annehmlichkeiten"},"content":{"rendered":"<p>In Oba gelegen, bietet dieses voll m\u00f6blierte 2-Schlafzimmer-Doppelhaus eine gro\u00dfz\u00fcgige Wohnfl\u00e4che von 90 Quadratmetern im vierten Stock. Die Wohnung verf\u00fcgt \u00fcber eine offene K\u00fcche und eine nach Nordwesten ausgerichtete Fassade und genie\u00dft eine erstklassige Lage nur 1,8 km vom Meer entfernt. Zu den Einrichtungen des Komplexes geh\u00f6ren sowohl Au\u00dfen- als auch Innenpools, eine Sauna, Fitnesseinrichtungen, Grillpl\u00e4tze und ein Kinderspielplatz, um die unterschiedlichsten Freizeitbed\u00fcrfnisse zu erf\u00fcllen. Mit einer \u00fcberschaubaren monatlichen Geb\u00fchr von 1.200TL und in einem vierst\u00f6ckigen Geb\u00e4ude mit Nullkreis gelegen, stellt diese Immobilie eine komfortable und bequeme Wahl f\u00fcr Bewohner dar, die sowohl modernen Komfort als auch die N\u00e4he zur K\u00fcste suchen<\/p>\n","protected":false},"excerpt":{"rendered":"<p>In Oba gelegen, bietet dieses voll m\u00f6blierte 2-Schlafzimmer-Doppelhaus eine gro\u00dfz\u00fcgige Wohnfl\u00e4che von 90 Quadratmetern im vierten Stock. Die Wohnung verf\u00fcgt<\/p>\n","protected":false},"featured_media":8995,"comment_status":"open","ping_status":"closed","template":"","meta":[],"product_cat":[85,99],"product_tag":[],"country":[144],"district":[156],"selling-type":[141],"property-type":[126],"location":[142],"property-city":[143],"class_list":{"0":"post-9078","1":"product","2":"type-product","3":"status-publish","4":"has-post-thumbnail","6":"product_cat-heises-angebot","7":"product_cat-meerblick","8":"country-turkey-de","9":"district-oba-de","10":"selling-type-wiederverkauf","11":"property-type-apartment-de","12":"location-alanya-de","13":"property-city-antalya-de","15":"first","16":"instock","17":"shipping-taxable","18":"purchasable","19":"product-type-simple"},"_links":{"self":[{"href":"https:\/\/www.onurkoserealestate.com\/de\/wp-json\/wp\/v2\/product\/9078","targetHints":{"allow":["GET"]}}],"collection":[{"href":"https:\/\/www.onurkoserealestate.com\/de\/wp-json\/wp\/v2\/product"}],"about":[{"href":"https:\/\/www.onurkoserealestate.com\/de\/wp-json\/wp\/v2\/types\/product"}],"replies":[{"embeddable":true,"href":"https:\/\/www.onurkoserealestate.com\/de\/wp-json\/wp\/v2\/comments?post=9078"}],"wp:featuredmedia":[{"embeddable":true,"href":"https:\/\/www.onurkoserealestate.com\/de\/wp-json\/wp\/v2\/media\/8995"}],"wp:attachment":[{"href":"https:\/\/www.onurkoserealestate.com\/de\/wp-json\/wp\/v2\/media?parent=9078"}],"wp:term":[{"taxonomy":"product_cat","embeddable":true,"href":"https:\/\/www.onurkoserealestate.com\/de\/wp-json\/wp\/v2\/product_cat?post=9078"},{"taxonomy":"product_tag","embeddable":true,"href":"https:\/\/www.onurkoserealestate.com\/de\/wp-json\/wp\/v2\/product_tag?post=9078"},{"taxonomy":"country","embeddable":true,"href":"https:\/\/www.onurkoserealestate.com\/de\/wp-json\/wp\/v2\/country?post=9078"},{"taxonomy":"district","embeddable":true,"href":"https:\/\/www.onurkoserealestate.com\/de\/wp-json\/wp\/v2\/district?post=9078"},{"taxonomy":"selling-type","embeddable":true,"href":"https:\/\/www.onurkoserealestate.com\/de\/wp-json\/wp\/v2\/selling-type?post=9078"},{"taxonomy":"property-type","embeddable":true,"href":"https:\/\/www.onurkoserealestate.com\/de\/wp-json\/wp\/v2\/property-type?post=9078"},{"taxonomy":"location","embeddable":true,"href":"https:\/\/www.onurkoserealestate.com\/de\/wp-json\/wp\/v2\/location?post=9078"},{"taxonomy":"property-city","embeddable":true,"href":"https:\/\/www.onurkoserealestate.com\/de\/wp-json\/wp\/v2\/property-city?post=9078"}],"curies":[{"name":"wp","href":"https:\/\/api.w.org\/{rel}","templated":true}]}}