{"id":9154,"date":"2024-07-10T09:22:07","date_gmt":"2024-07-10T09:22:07","guid":{"rendered":"https:\/\/www.onurkoserealestate.com\/product\/komfortable-31-wohnung-mit-west-fassade-in-oba\/"},"modified":"2024-07-10T09:33:58","modified_gmt":"2024-07-10T09:33:58","slug":"comfortable-31-apartment-with-west-facing-facade-in-oba","status":"publish","type":"product","link":"https:\/\/www.onurkoserealestate.com\/de\/product\/comfortable-31-apartment-with-west-facing-facade-in-oba\/","title":{"rendered":"Komfortable 3+1 Wohnung mit West-Fassade in Oba"},"content":{"rendered":"<p>Diese ger\u00e4umige 3-Schlafzimmer-Wohnung mit offener K\u00fcche befindet sich in Oba und erstreckt sich \u00fcber 145 Quadratmeter im zweiten Stock. Mit drei Badezimmern und voll m\u00f6bliert f\u00fcr den sofortigen Einzug, bietet es Bequemlichkeit und Komfort. Die nach Westen ausgerichtete Fassade sorgt f\u00fcr reichlich nat\u00fcrliches Licht w\u00e4hrend des ganzen Tages. Die 2007 erbaute Wohnung ist ideal gelegen, nur 200 Meter vom Meer entfernt, und somit ideal f\u00fcr Strandliebhaber. Die monatlichen Geb\u00fchren sind mit 350 TL angemessen und beinhalten den Zugang zu einem Pool innerhalb des Komplexes, der den Lebensstil mit Freizeitangeboten bereichert<\/p>\n","protected":false},"excerpt":{"rendered":"<p>Diese ger\u00e4umige 3-Schlafzimmer-Wohnung mit offener K\u00fcche befindet sich in Oba und erstreckt sich \u00fcber 145 Quadratmeter im zweiten Stock. Mit<\/p>\n","protected":false},"featured_media":9107,"comment_status":"open","ping_status":"closed","template":"","meta":[],"product_cat":[102,85],"product_tag":[],"country":[144],"district":[156],"selling-type":[141],"property-type":[126],"location":[142],"property-city":[143],"class_list":{"0":"post-9154","1":"product","2":"type-product","3":"status-publish","4":"has-post-thumbnail","6":"product_cat-geeignet-fuer-wohnsitz","7":"product_cat-heises-angebot","8":"country-turkey-de","9":"district-oba-de","10":"selling-type-wiederverkauf","11":"property-type-apartment-de","12":"location-alanya-de","13":"property-city-antalya-de","15":"first","16":"instock","17":"shipping-taxable","18":"purchasable","19":"product-type-simple"},"_links":{"self":[{"href":"https:\/\/www.onurkoserealestate.com\/de\/wp-json\/wp\/v2\/product\/9154","targetHints":{"allow":["GET"]}}],"collection":[{"href":"https:\/\/www.onurkoserealestate.com\/de\/wp-json\/wp\/v2\/product"}],"about":[{"href":"https:\/\/www.onurkoserealestate.com\/de\/wp-json\/wp\/v2\/types\/product"}],"replies":[{"embeddable":true,"href":"https:\/\/www.onurkoserealestate.com\/de\/wp-json\/wp\/v2\/comments?post=9154"}],"wp:featuredmedia":[{"embeddable":true,"href":"https:\/\/www.onurkoserealestate.com\/de\/wp-json\/wp\/v2\/media\/9107"}],"wp:attachment":[{"href":"https:\/\/www.onurkoserealestate.com\/de\/wp-json\/wp\/v2\/media?parent=9154"}],"wp:term":[{"taxonomy":"product_cat","embeddable":true,"href":"https:\/\/www.onurkoserealestate.com\/de\/wp-json\/wp\/v2\/product_cat?post=9154"},{"taxonomy":"product_tag","embeddable":true,"href":"https:\/\/www.onurkoserealestate.com\/de\/wp-json\/wp\/v2\/product_tag?post=9154"},{"taxonomy":"country","embeddable":true,"href":"https:\/\/www.onurkoserealestate.com\/de\/wp-json\/wp\/v2\/country?post=9154"},{"taxonomy":"district","embeddable":true,"href":"https:\/\/www.onurkoserealestate.com\/de\/wp-json\/wp\/v2\/district?post=9154"},{"taxonomy":"selling-type","embeddable":true,"href":"https:\/\/www.onurkoserealestate.com\/de\/wp-json\/wp\/v2\/selling-type?post=9154"},{"taxonomy":"property-type","embeddable":true,"href":"https:\/\/www.onurkoserealestate.com\/de\/wp-json\/wp\/v2\/property-type?post=9154"},{"taxonomy":"location","embeddable":true,"href":"https:\/\/www.onurkoserealestate.com\/de\/wp-json\/wp\/v2\/location?post=9154"},{"taxonomy":"property-city","embeddable":true,"href":"https:\/\/www.onurkoserealestate.com\/de\/wp-json\/wp\/v2\/property-city?post=9154"}],"curies":[{"name":"wp","href":"https:\/\/api.w.org\/{rel}","templated":true}]}}