{"id":9463,"date":"2024-07-12T07:21:40","date_gmt":"2024-07-12T07:21:40","guid":{"rendered":"https:\/\/www.onurkoserealestate.com\/product\/fantastische-11-wohnung-in-oba-mit-pool-und-mehr\/"},"modified":"2024-07-12T07:24:39","modified_gmt":"2024-07-12T07:24:39","slug":"fantastic-11-apartment-in-oba-with-pool-and-more","status":"publish","type":"product","link":"https:\/\/www.onurkoserealestate.com\/de\/product\/fantastic-11-apartment-in-oba-with-pool-and-more\/","title":{"rendered":"Fantastische 1+1 Wohnung in Oba mit Pool und mehr!"},"content":{"rendered":"<p>Diese moderne 1+1 Wohnung in Oba, die sich im 1. Stock befindet, bietet eine komfortable Wohnfl\u00e4che von 45 m\u00b2. Die offene K\u00fcche schafft eine gro\u00dfz\u00fcgige Atmosph\u00e4re und die nach Osten ausgerichteten Fenster sorgen f\u00fcr viel nat\u00fcrliches Licht in der Wohnung. Da es sich um eine brandneue Einheit handelt, ist sie die perfekte Option f\u00fcr einen Neuanfang. Nur 1,8 km vom Meer entfernt, ist dieses Anwesen von verschiedenen sozialen Einrichtungen umgeben. Die Anlage verf\u00fcgt \u00fcber ein Hallenbad, eine Sauna, ein Fitnesscenter, ein Dampfbad, einen Grillplatz und einen Kinderspielplatz. Dies ist eine ideale Gelegenheit f\u00fcr alle, die einen ruhigen Lebensstil mit vielen Aktivit\u00e4ten in der N\u00e4he suchen!<\/p>\n","protected":false},"excerpt":{"rendered":"<p>Diese moderne 1+1 Wohnung in Oba, die sich im 1. Stock befindet, bietet eine komfortable Wohnfl\u00e4che von 45 m\u00b2. Die<\/p>\n","protected":false},"featured_media":9428,"comment_status":"open","ping_status":"closed","template":"","meta":[],"product_cat":[85,93],"product_tag":[],"country":[144],"district":[156],"selling-type":[141],"property-type":[126],"location":[142],"property-city":[143],"class_list":{"0":"post-9463","1":"product","2":"type-product","3":"status-publish","4":"has-post-thumbnail","6":"product_cat-heises-angebot","7":"product_cat-pool-ansicht","8":"country-turkey-de","9":"district-oba-de","10":"selling-type-wiederverkauf","11":"property-type-apartment-de","12":"location-alanya-de","13":"property-city-antalya-de","15":"first","16":"instock","17":"shipping-taxable","18":"purchasable","19":"product-type-simple"},"_links":{"self":[{"href":"https:\/\/www.onurkoserealestate.com\/de\/wp-json\/wp\/v2\/product\/9463","targetHints":{"allow":["GET"]}}],"collection":[{"href":"https:\/\/www.onurkoserealestate.com\/de\/wp-json\/wp\/v2\/product"}],"about":[{"href":"https:\/\/www.onurkoserealestate.com\/de\/wp-json\/wp\/v2\/types\/product"}],"replies":[{"embeddable":true,"href":"https:\/\/www.onurkoserealestate.com\/de\/wp-json\/wp\/v2\/comments?post=9463"}],"wp:featuredmedia":[{"embeddable":true,"href":"https:\/\/www.onurkoserealestate.com\/de\/wp-json\/wp\/v2\/media\/9428"}],"wp:attachment":[{"href":"https:\/\/www.onurkoserealestate.com\/de\/wp-json\/wp\/v2\/media?parent=9463"}],"wp:term":[{"taxonomy":"product_cat","embeddable":true,"href":"https:\/\/www.onurkoserealestate.com\/de\/wp-json\/wp\/v2\/product_cat?post=9463"},{"taxonomy":"product_tag","embeddable":true,"href":"https:\/\/www.onurkoserealestate.com\/de\/wp-json\/wp\/v2\/product_tag?post=9463"},{"taxonomy":"country","embeddable":true,"href":"https:\/\/www.onurkoserealestate.com\/de\/wp-json\/wp\/v2\/country?post=9463"},{"taxonomy":"district","embeddable":true,"href":"https:\/\/www.onurkoserealestate.com\/de\/wp-json\/wp\/v2\/district?post=9463"},{"taxonomy":"selling-type","embeddable":true,"href":"https:\/\/www.onurkoserealestate.com\/de\/wp-json\/wp\/v2\/selling-type?post=9463"},{"taxonomy":"property-type","embeddable":true,"href":"https:\/\/www.onurkoserealestate.com\/de\/wp-json\/wp\/v2\/property-type?post=9463"},{"taxonomy":"location","embeddable":true,"href":"https:\/\/www.onurkoserealestate.com\/de\/wp-json\/wp\/v2\/location?post=9463"},{"taxonomy":"property-city","embeddable":true,"href":"https:\/\/www.onurkoserealestate.com\/de\/wp-json\/wp\/v2\/property-city?post=9463"}],"curies":[{"name":"wp","href":"https:\/\/api.w.org\/{rel}","templated":true}]}}