{"id":9547,"date":"2024-07-12T07:34:02","date_gmt":"2024-07-12T07:34:02","guid":{"rendered":"https:\/\/www.onurkoserealestate.com\/product\/attraktives-grundstueck-in-oba-ein-familientraum\/"},"modified":"2024-07-12T07:34:02","modified_gmt":"2024-07-12T07:34:02","slug":"attractive-property-in-oba-a-family-dream","status":"publish","type":"product","link":"https:\/\/www.onurkoserealestate.com\/de\/product\/attractive-property-in-oba-a-family-dream\/","title":{"rendered":"Attraktives Grundst\u00fcck in Oba &#8211; ein Familientraum!"},"content":{"rendered":"<p>Diese einladende 2+1-Wohnung in Oba verf\u00fcgt \u00fcber eine offene K\u00fcche und bietet eine gro\u00dfz\u00fcgige Wohnfl\u00e4che von 110 m\u00b2. Diese Wohnung befindet sich im 1. Stock von Block B und verf\u00fcgt \u00fcber ein Hauptbadezimmer und zwei Balkone sowie zwei WCs f\u00fcr zus\u00e4tzlichen Komfort. Mit ihrer Nordwestfassade ist die Wohnung den ganzen Tag \u00fcber gut beleuchtet. Das Geb\u00e4ude ist 15 Jahre alt und besteht aus vier Stockwerken. Es liegt nur 1 km vom Meer und 100 m vom Krankenhaus entfernt. Der monatliche Beitrag betr\u00e4gt 700 TL. Der Komplex bietet ausgezeichnete Annehmlichkeiten, darunter Innen- und Au\u00dfenpools, eine Sauna, ein Fitnesscenter, einen Aquapark, Parkpl\u00e4tze und einen 24\/7-Sicherheitsdienst. Dies ist eine perfekte Gelegenheit f\u00fcr einen komfortablen und aktiven Lebensstil!<\/p>\n","protected":false},"excerpt":{"rendered":"<p>Diese einladende 2+1-Wohnung in Oba verf\u00fcgt \u00fcber eine offene K\u00fcche und bietet eine gro\u00dfz\u00fcgige Wohnfl\u00e4che von 110 m\u00b2. Diese Wohnung<\/p>\n","protected":false},"featured_media":9520,"comment_status":"open","ping_status":"closed","template":"","meta":[],"product_cat":[85],"product_tag":[],"country":[144],"district":[156],"selling-type":[141],"property-type":[126],"location":[142],"property-city":[143],"class_list":{"0":"post-9547","1":"product","2":"type-product","3":"status-publish","4":"has-post-thumbnail","6":"product_cat-heises-angebot","7":"country-turkey-de","8":"district-oba-de","9":"selling-type-wiederverkauf","10":"property-type-apartment-de","11":"location-alanya-de","12":"property-city-antalya-de","14":"first","15":"instock","16":"shipping-taxable","17":"purchasable","18":"product-type-simple"},"_links":{"self":[{"href":"https:\/\/www.onurkoserealestate.com\/de\/wp-json\/wp\/v2\/product\/9547","targetHints":{"allow":["GET"]}}],"collection":[{"href":"https:\/\/www.onurkoserealestate.com\/de\/wp-json\/wp\/v2\/product"}],"about":[{"href":"https:\/\/www.onurkoserealestate.com\/de\/wp-json\/wp\/v2\/types\/product"}],"replies":[{"embeddable":true,"href":"https:\/\/www.onurkoserealestate.com\/de\/wp-json\/wp\/v2\/comments?post=9547"}],"wp:featuredmedia":[{"embeddable":true,"href":"https:\/\/www.onurkoserealestate.com\/de\/wp-json\/wp\/v2\/media\/9520"}],"wp:attachment":[{"href":"https:\/\/www.onurkoserealestate.com\/de\/wp-json\/wp\/v2\/media?parent=9547"}],"wp:term":[{"taxonomy":"product_cat","embeddable":true,"href":"https:\/\/www.onurkoserealestate.com\/de\/wp-json\/wp\/v2\/product_cat?post=9547"},{"taxonomy":"product_tag","embeddable":true,"href":"https:\/\/www.onurkoserealestate.com\/de\/wp-json\/wp\/v2\/product_tag?post=9547"},{"taxonomy":"country","embeddable":true,"href":"https:\/\/www.onurkoserealestate.com\/de\/wp-json\/wp\/v2\/country?post=9547"},{"taxonomy":"district","embeddable":true,"href":"https:\/\/www.onurkoserealestate.com\/de\/wp-json\/wp\/v2\/district?post=9547"},{"taxonomy":"selling-type","embeddable":true,"href":"https:\/\/www.onurkoserealestate.com\/de\/wp-json\/wp\/v2\/selling-type?post=9547"},{"taxonomy":"property-type","embeddable":true,"href":"https:\/\/www.onurkoserealestate.com\/de\/wp-json\/wp\/v2\/property-type?post=9547"},{"taxonomy":"location","embeddable":true,"href":"https:\/\/www.onurkoserealestate.com\/de\/wp-json\/wp\/v2\/location?post=9547"},{"taxonomy":"property-city","embeddable":true,"href":"https:\/\/www.onurkoserealestate.com\/de\/wp-json\/wp\/v2\/property-city?post=9547"}],"curies":[{"name":"wp","href":"https:\/\/api.w.org\/{rel}","templated":true}]}}