{"id":9873,"date":"2024-07-12T12:18:01","date_gmt":"2024-07-12T12:18:01","guid":{"rendered":"https:\/\/www.onurkoserealestate.com\/product\/komfortables-wohnen-erwartet-sie-in-dieser-schoenen-wohnung-in-oba\/"},"modified":"2024-07-12T12:18:01","modified_gmt":"2024-07-12T12:18:01","slug":"comfortable-living-awaits-in-this-lovely-oba-apartment","status":"publish","type":"product","link":"https:\/\/www.onurkoserealestate.com\/de\/product\/comfortable-living-awaits-in-this-lovely-oba-apartment\/","title":{"rendered":"Komfortables Wohnen erwartet Sie in dieser sch\u00f6nen Wohnung in Oba!"},"content":{"rendered":"<p>Diese charmante 2+1-Wohnung in Oba bietet 110 m\u00b2 Wohnfl\u00e4che im 2. Stock, mit offener K\u00fcche und komfortabler Einrichtung. Genie\u00dfen Sie den Luxus einer Fu\u00dfbodenheizung im gesamten Haus. In einem gepflegten Komplex gelegen, k\u00f6nnen die Bewohner von fantastischen Annehmlichkeiten profitieren, darunter ein Pool, ein Garten, ein Grillplatz und ein 24\/7-Sicherheitsdienst. Diese Wohnung ist perfekt f\u00fcr einen komfortablen und sicheren Lebensstil!<\/p>\n","protected":false},"excerpt":{"rendered":"<p>Diese charmante 2+1-Wohnung in Oba bietet 110 m\u00b2 Wohnfl\u00e4che im 2. Stock, mit offener K\u00fcche und komfortabler Einrichtung. Genie\u00dfen Sie<\/p>\n","protected":false},"featured_media":9892,"comment_status":"open","ping_status":"closed","template":"","meta":[],"product_cat":[85],"product_tag":[],"country":[144],"district":[156],"selling-type":[141],"property-type":[126],"location":[142],"property-city":[143],"class_list":{"0":"post-9873","1":"product","2":"type-product","3":"status-publish","4":"has-post-thumbnail","6":"product_cat-heises-angebot","7":"country-turkey-de","8":"district-oba-de","9":"selling-type-wiederverkauf","10":"property-type-apartment-de","11":"location-alanya-de","12":"property-city-antalya-de","14":"first","15":"instock","16":"shipping-taxable","17":"purchasable","18":"product-type-simple"},"_links":{"self":[{"href":"https:\/\/www.onurkoserealestate.com\/de\/wp-json\/wp\/v2\/product\/9873","targetHints":{"allow":["GET"]}}],"collection":[{"href":"https:\/\/www.onurkoserealestate.com\/de\/wp-json\/wp\/v2\/product"}],"about":[{"href":"https:\/\/www.onurkoserealestate.com\/de\/wp-json\/wp\/v2\/types\/product"}],"replies":[{"embeddable":true,"href":"https:\/\/www.onurkoserealestate.com\/de\/wp-json\/wp\/v2\/comments?post=9873"}],"wp:featuredmedia":[{"embeddable":true,"href":"https:\/\/www.onurkoserealestate.com\/de\/wp-json\/wp\/v2\/media\/9892"}],"wp:attachment":[{"href":"https:\/\/www.onurkoserealestate.com\/de\/wp-json\/wp\/v2\/media?parent=9873"}],"wp:term":[{"taxonomy":"product_cat","embeddable":true,"href":"https:\/\/www.onurkoserealestate.com\/de\/wp-json\/wp\/v2\/product_cat?post=9873"},{"taxonomy":"product_tag","embeddable":true,"href":"https:\/\/www.onurkoserealestate.com\/de\/wp-json\/wp\/v2\/product_tag?post=9873"},{"taxonomy":"country","embeddable":true,"href":"https:\/\/www.onurkoserealestate.com\/de\/wp-json\/wp\/v2\/country?post=9873"},{"taxonomy":"district","embeddable":true,"href":"https:\/\/www.onurkoserealestate.com\/de\/wp-json\/wp\/v2\/district?post=9873"},{"taxonomy":"selling-type","embeddable":true,"href":"https:\/\/www.onurkoserealestate.com\/de\/wp-json\/wp\/v2\/selling-type?post=9873"},{"taxonomy":"property-type","embeddable":true,"href":"https:\/\/www.onurkoserealestate.com\/de\/wp-json\/wp\/v2\/property-type?post=9873"},{"taxonomy":"location","embeddable":true,"href":"https:\/\/www.onurkoserealestate.com\/de\/wp-json\/wp\/v2\/location?post=9873"},{"taxonomy":"property-city","embeddable":true,"href":"https:\/\/www.onurkoserealestate.com\/de\/wp-json\/wp\/v2\/property-city?post=9873"}],"curies":[{"name":"wp","href":"https:\/\/api.w.org\/{rel}","templated":true}]}}