{"id":3148,"date":"2024-05-04T16:19:33","date_gmt":"2024-05-04T16:19:33","guid":{"rendered":"https:\/\/www.onurkoserealestate.com\/tadilat\/"},"modified":"2024-05-21T23:00:19","modified_gmt":"2024-05-21T23:00:19","slug":"tadilat","status":"publish","type":"page","link":"https:\/\/www.onurkoserealestate.com\/tr\/tadilat\/","title":{"rendered":"Tadilat"},"content":{"rendered":"\t\t<div data-elementor-type=\"wp-page\" data-elementor-id=\"3148\" class=\"elementor elementor-3148 elementor-295\" data-elementor-post-type=\"page\">\n\t\t\t\t<div class=\"wd-negative-gap elementor-element elementor-element-bcb30b4 e-flex e-con-boxed wd-section-disabled e-con e-parent\" data-id=\"bcb30b4\" data-element_type=\"container\" data-settings=\"{&quot;jet_parallax_layout_list&quot;:[]}\">\n\t\t\t\t\t<div class=\"e-con-inner\">\n\t\t<div class=\"elementor-element elementor-element-2ed5215 e-con-full e-flex wd-section-disabled e-con e-child\" data-id=\"2ed5215\" data-element_type=\"container\" data-settings=\"{&quot;jet_parallax_layout_list&quot;:[]}\">\n\t\t\t\t<div class=\"elementor-element elementor-element-fdebbe6 elementor-widget elementor-widget-heading\" data-id=\"fdebbe6\" data-element_type=\"widget\" data-widget_type=\"heading.default\">\n\t\t\t\t<div class=\"elementor-widget-container\">\n\t\t\t<style>\/*! elementor - v3.21.0 - 30-04-2024 *\/\n.elementor-heading-title{padding:0;margin:0;line-height:1}.elementor-widget-heading .elementor-heading-title[class*=elementor-size-]>a{color:inherit;font-size:inherit;line-height:inherit}.elementor-widget-heading .elementor-heading-title.elementor-size-small{font-size:15px}.elementor-widget-heading .elementor-heading-title.elementor-size-medium{font-size:19px}.elementor-widget-heading .elementor-heading-title.elementor-size-large{font-size:29px}.elementor-widget-heading .elementor-heading-title.elementor-size-xl{font-size:39px}.elementor-widget-heading .elementor-heading-title.elementor-size-xxl{font-size:59px}<\/style><h2 class=\"elementor-heading-title elementor-size-default\">Yenileme<\/h2>\t\t<\/div>\n\t\t\t\t<\/div>\n\t\t\t\t<div class=\"elementor-element elementor-element-87348de color-scheme-inherit text-left elementor-widget elementor-widget-text-editor\" data-id=\"87348de\" data-element_type=\"widget\" data-widget_type=\"text-editor.default\">\n\t\t\t\t<div class=\"elementor-widget-container\">\n\t\t\t<style>\/*! elementor - v3.21.0 - 30-04-2024 *\/\n.elementor-widget-text-editor.elementor-drop-cap-view-stacked .elementor-drop-cap{background-color:#69727d;color:#fff}.elementor-widget-text-editor.elementor-drop-cap-view-framed .elementor-drop-cap{color:#69727d;border:3px solid;background-color:transparent}.elementor-widget-text-editor:not(.elementor-drop-cap-view-default) .elementor-drop-cap{margin-top:8px}.elementor-widget-text-editor:not(.elementor-drop-cap-view-default) .elementor-drop-cap-letter{width:1em;height:1em}.elementor-widget-text-editor .elementor-drop-cap{float:left;text-align:center;line-height:1;font-size:50px}.elementor-widget-text-editor .elementor-drop-cap-letter{display:inline-block}<\/style>\t\t\t\t<p>Onur K\u00f6se Emlak, sadece emlak\u00e7\u0131l\u0131kta de\u011fil, ge\u00e7mi\u015fte bir\u00e7ok projeyi tamamlad\u0131\u011f\u0131 i\u00e7in in\u015faat ve yenileme konusunda da b\u00fcy\u00fck bir deneyime sahiptir.<\/p>\n<p>Onur K\u00f6se Emlak, Avsallar ve Alanya&#8217;daki m\u00fclk\u00fcn\u00fcz\u00fcn yenileme projeniz i\u00e7in size en iyi malzeme, in\u015faat\u00e7\u0131 ve i\u015f\u00e7i se\u00e7eneklerini sunacakt\u0131r. \u0130ster daire ister villa olsun, Onur K\u00f6se Gayrimenkul sizinle birlikte hedeflerinize ula\u015fmaya haz\u0131r.<\/p>\n<p>Mimarlar\u0131m\u0131z, m\u00fchendislerimiz ve in\u015faat\u00e7\u0131lar\u0131m\u0131z size ba\u015f\u0131ndan sonuna kadar yard\u0131mc\u0131 olacakt\u0131r; projeye karar verme, sizin i\u00e7in en iyi malzemeleri se\u00e7me vb. Daha \u00f6nce tamamlad\u0131\u011f\u0131m\u0131z i\u015flerimizi de g\u00f6recek ve kalitemizi kendi g\u00f6zlerinizle g\u00f6receksiniz.<\/p>\n<p>Onur K\u00f6se Gayrimenkul, en iyi se\u00e7eneklere karar vermenize yard\u0131mc\u0131 olacak ve yenilemeler hakk\u0131nda sizi bilgilendirecektir.<\/p>\n<p>Onur K\u00f6se Gayrimenkul&#8217;deki profesyonellerimiz, T\u00fcrkiye&#8217;de m\u00fclk sat\u0131n alma s\u00fcrecinizin her ad\u0131m\u0131nda size rehberlik edecektir.<\/p>\n\t\t\t\t\t\t<\/div>\n\t\t\t\t<\/div>\n\t\t\t\t<\/div>\n\t\t<div class=\"elementor-element elementor-element-651fc30 e-con-full e-flex wd-section-disabled e-con e-child\" data-id=\"651fc30\" data-element_type=\"container\" data-settings=\"{&quot;jet_parallax_layout_list&quot;:[]}\">\n\t\t\t\t<div class=\"elementor-element elementor-element-54a9789 elementor-widget elementor-widget-image\" data-id=\"54a9789\" data-element_type=\"widget\" data-widget_type=\"image.default\">\n\t\t\t\t<div class=\"elementor-widget-container\">\n\t\t\t<style>\/*! elementor - v3.21.0 - 30-04-2024 *\/\n.elementor-widget-image{text-align:center}.elementor-widget-image a{display:inline-block}.elementor-widget-image a img[src$=\".svg\"]{width:48px}.elementor-widget-image img{vertical-align:middle;display:inline-block}<\/style>\t\t\t\t\t\t\t\t\t\t<img fetchpriority=\"high\" decoding=\"async\" width=\"500\" height=\"500\" src=\"https:\/\/www.onurkoserealestate.com\/wp-content\/uploads\/2024\/05\/renovationheader-q6nceb8en0tig7t9gs681fhk33xha2vo9bq4vc391k.jpg\" class=\"attachment-large size-large wp-image-510\" alt=\"\" srcset=\"https:\/\/www.onurkoserealestate.com\/wp-content\/uploads\/2024\/05\/renovationheader-q6nceb8en0tig7t9gs681fhk33xha2vo9bq4vc391k.jpg 500w, https:\/\/www.onurkoserealestate.com\/wp-content\/uploads\/2024\/05\/renovationheader-q6nceb8en0tig7t9gs681fhk33xha2vo9bq4vc391k-300x300.jpg 300w, https:\/\/www.onurkoserealestate.com\/wp-content\/uploads\/2024\/05\/renovationheader-q6nceb8en0tig7t9gs681fhk33xha2vo9bq4vc391k-150x150.jpg 150w\" sizes=\"(max-width: 500px) 100vw, 500px\" \/>\t\t\t\t\t\t\t\t\t\t\t\t\t<\/div>\n\t\t\t\t<\/div>\n\t\t\t\t<\/div>\n\t\t\t\t\t<\/div>\n\t\t\t\t<\/div>\n\t\t\t\t<\/div>\n\t\t","protected":false},"excerpt":{"rendered":"<p>Yenileme Onur K\u00f6se Emlak, sadece emlak\u00e7\u0131l\u0131kta de\u011fil, ge\u00e7mi\u015fte bir\u00e7ok projeyi tamamlad\u0131\u011f\u0131 i\u00e7in in\u015faat ve yenileme konusunda da b\u00fcy\u00fck bir deneyime<\/p>\n","protected":false},"author":1,"featured_media":0,"parent":0,"menu_order":0,"comment_status":"closed","ping_status":"closed","template":"","meta":{"footnotes":""},"class_list":["post-3148","page","type-page","status-publish","hentry"],"_links":{"self":[{"href":"https:\/\/www.onurkoserealestate.com\/tr\/wp-json\/wp\/v2\/pages\/3148","targetHints":{"allow":["GET"]}}],"collection":[{"href":"https:\/\/www.onurkoserealestate.com\/tr\/wp-json\/wp\/v2\/pages"}],"about":[{"href":"https:\/\/www.onurkoserealestate.com\/tr\/wp-json\/wp\/v2\/types\/page"}],"author":[{"embeddable":true,"href":"https:\/\/www.onurkoserealestate.com\/tr\/wp-json\/wp\/v2\/users\/1"}],"replies":[{"embeddable":true,"href":"https:\/\/www.onurkoserealestate.com\/tr\/wp-json\/wp\/v2\/comments?post=3148"}],"version-history":[{"count":1,"href":"https:\/\/www.onurkoserealestate.com\/tr\/wp-json\/wp\/v2\/pages\/3148\/revisions"}],"predecessor-version":[{"id":3150,"href":"https:\/\/www.onurkoserealestate.com\/tr\/wp-json\/wp\/v2\/pages\/3148\/revisions\/3150"}],"wp:attachment":[{"href":"https:\/\/www.onurkoserealestate.com\/tr\/wp-json\/wp\/v2\/media?parent=3148"}],"curies":[{"name":"wp","href":"https:\/\/api.w.org\/{rel}","templated":true}]}}