{"id":3155,"date":"2024-05-04T16:19:33","date_gmt":"2024-05-04T16:19:33","guid":{"rendered":"https:\/\/www.onurkoserealestate.com\/mulkunuzu-kiralayin\/"},"modified":"2024-05-21T23:06:20","modified_gmt":"2024-05-21T23:06:20","slug":"mulkunuzu-kiralayin","status":"publish","type":"page","link":"https:\/\/www.onurkoserealestate.com\/tr\/mulkunuzu-kiralayin\/","title":{"rendered":"M\u00fclk\u00fcn\u00fcz\u00fc Kiralay\u0131n"},"content":{"rendered":"\t\t<div data-elementor-type=\"wp-page\" data-elementor-id=\"3155\" class=\"elementor elementor-3155 elementor-296\" data-elementor-post-type=\"page\">\n\t\t\t\t<div class=\"elementor-element elementor-element-e1da7e6 e-con-full e-flex wd-section-disabled e-con e-parent\" data-id=\"e1da7e6\" data-element_type=\"container\" data-settings=\"{&quot;jet_parallax_layout_list&quot;:[]}\">\n\t\t\t\t<div class=\"elementor-element elementor-element-dca8100 elementor-widget elementor-widget-heading\" data-id=\"dca8100\" data-element_type=\"widget\" data-widget_type=\"heading.default\">\n\t\t\t\t<div class=\"elementor-widget-container\">\n\t\t\t<style>\/*! elementor - v3.21.0 - 30-04-2024 *\/\n.elementor-heading-title{padding:0;margin:0;line-height:1}.elementor-widget-heading .elementor-heading-title[class*=elementor-size-]>a{color:inherit;font-size:inherit;line-height:inherit}.elementor-widget-heading .elementor-heading-title.elementor-size-small{font-size:15px}.elementor-widget-heading .elementor-heading-title.elementor-size-medium{font-size:19px}.elementor-widget-heading .elementor-heading-title.elementor-size-large{font-size:29px}.elementor-widget-heading .elementor-heading-title.elementor-size-xl{font-size:39px}.elementor-widget-heading .elementor-heading-title.elementor-size-xxl{font-size:59px}<\/style><h2 class=\"elementor-heading-title elementor-size-default\">Evinizle Gelir Elde Etmeye Ne Dersiniz?<\/h2>\t\t<\/div>\n\t\t\t\t<\/div>\n\t\t\t\t<div class=\"elementor-element elementor-element-724a95c color-scheme-inherit text-left elementor-widget elementor-widget-text-editor\" data-id=\"724a95c\" data-element_type=\"widget\" data-widget_type=\"text-editor.default\">\n\t\t\t\t<div class=\"elementor-widget-container\">\n\t\t\t<style>\/*! elementor - v3.21.0 - 30-04-2024 *\/\n.elementor-widget-text-editor.elementor-drop-cap-view-stacked .elementor-drop-cap{background-color:#69727d;color:#fff}.elementor-widget-text-editor.elementor-drop-cap-view-framed .elementor-drop-cap{color:#69727d;border:3px solid;background-color:transparent}.elementor-widget-text-editor:not(.elementor-drop-cap-view-default) .elementor-drop-cap{margin-top:8px}.elementor-widget-text-editor:not(.elementor-drop-cap-view-default) .elementor-drop-cap-letter{width:1em;height:1em}.elementor-widget-text-editor .elementor-drop-cap{float:left;text-align:center;line-height:1;font-size:50px}.elementor-widget-text-editor .elementor-drop-cap-letter{display:inline-block}<\/style>\t\t\t\t<p>Gayrimenkul d\u00fcnyas\u0131ndaki en \u00f6nemli kural; &#8216;En de\u011ferli varl\u0131\u011f\u0131n\u0131z bo\u015f kalmamal\u0131d\u0131r&#8217;. Evinizin t\u00fcm potansiyelini kullanmak ve rahat\u00e7a gelir elde etmek mi istiyorsunuz? \u0130\u015fte biz burada devreye giriyoruz.<\/p>\n<p>Avsallar&#8217;da emlak sekt\u00f6r\u00fcn\u00fcn \u00f6nc\u00fc firmas\u0131 olarak evlerinizi h\u0131zl\u0131, g\u00fcvenilir ve karl\u0131 bir \u015fekilde kiral\u0131yoruz. T\u00fcm s\u00fcreci sizin i\u00e7in y\u00f6netiyoruz, evinizin bak\u0131m\u0131n\u0131, temizli\u011fini ve kirac\u0131larla ilgilenmeyi \u00fcstleniyoruz.<\/p>\n\t\t\t\t\t\t<\/div>\n\t\t\t\t<\/div>\n\t\t\t\t<div class=\"elementor-element elementor-element-c9aaadf elementor-widget elementor-widget-button\" data-id=\"c9aaadf\" data-element_type=\"widget\" data-widget_type=\"button.default\">\n\t\t\t\t<div class=\"elementor-widget-container\">\n\t\t\t\t\t<div class=\"elementor-button-wrapper\">\n\t\t\t<a class=\"elementor-button elementor-button-link elementor-size-sm\" href=\"https:\/\/api.whatsapp.com\/send\/?phone=905393780638&#038;text&#038;type=phone_number&#038;app_absent=0\" target=\"_blank\" rel=\"noopener\">\n\t\t\t\t\t\t<span class=\"elementor-button-content-wrapper\">\n\t\t\t\t\t\t\t\t\t<span class=\"elementor-button-text\">Bize ula\u015f\u0131n<\/span>\n\t\t\t\t\t<\/span>\n\t\t\t\t\t<\/a>\n\t\t<\/div>\n\t\t\t\t<\/div>\n\t\t\t\t<\/div>\n\t\t\t\t<\/div>\n\t\t<div class=\"wd-negative-gap elementor-element elementor-element-1d83385 e-flex e-con-boxed wd-section-disabled e-con e-parent\" data-id=\"1d83385\" data-element_type=\"container\" data-settings=\"{&quot;jet_parallax_layout_list&quot;:[]}\">\n\t\t\t\t\t<div class=\"e-con-inner\">\n\t\t\t\t<div class=\"elementor-element elementor-element-4854932 elementor-widget elementor-widget-image\" data-id=\"4854932\" data-element_type=\"widget\" data-widget_type=\"image.default\">\n\t\t\t\t<div class=\"elementor-widget-container\">\n\t\t\t<style>\/*! elementor - v3.21.0 - 30-04-2024 *\/\n.elementor-widget-image{text-align:center}.elementor-widget-image a{display:inline-block}.elementor-widget-image a img[src$=\".svg\"]{width:48px}.elementor-widget-image img{vertical-align:middle;display:inline-block}<\/style>\t\t\t\t\t\t\t\t\t\t<img fetchpriority=\"high\" decoding=\"async\" width=\"1024\" height=\"768\" src=\"https:\/\/www.onurkoserealestate.com\/wp-content\/uploads\/2024\/05\/5895468678714081947_121-1024x768.jpg\" class=\"attachment-large size-large wp-image-376\" alt=\"\" srcset=\"https:\/\/www.onurkoserealestate.com\/wp-content\/uploads\/2024\/05\/5895468678714081947_121-1024x768.jpg 1024w, https:\/\/www.onurkoserealestate.com\/wp-content\/uploads\/2024\/05\/5895468678714081947_121-300x225.jpg 300w, https:\/\/www.onurkoserealestate.com\/wp-content\/uploads\/2024\/05\/5895468678714081947_121-768x576.jpg 768w, https:\/\/www.onurkoserealestate.com\/wp-content\/uploads\/2024\/05\/5895468678714081947_121-600x450.jpg 600w, https:\/\/www.onurkoserealestate.com\/wp-content\/uploads\/2024\/05\/5895468678714081947_121-150x113.jpg 150w, https:\/\/www.onurkoserealestate.com\/wp-content\/uploads\/2024\/05\/5895468678714081947_121.jpg 1280w\" sizes=\"(max-width: 1024px) 100vw, 1024px\" \/>\t\t\t\t\t\t\t\t\t\t\t\t\t<\/div>\n\t\t\t\t<\/div>\n\t\t\t\t\t<\/div>\n\t\t\t\t<\/div>\n\t\t<div class=\"elementor-element elementor-element-14d7698 e-con-full e-flex wd-section-disabled e-con e-parent\" data-id=\"14d7698\" data-element_type=\"container\" data-settings=\"{&quot;jet_parallax_layout_list&quot;:[]}\">\n\t\t\t\t<div class=\"elementor-element elementor-element-7022144 elementor-widget elementor-widget-heading\" data-id=\"7022144\" data-element_type=\"widget\" data-widget_type=\"heading.default\">\n\t\t\t\t<div class=\"elementor-widget-container\">\n\t\t\t<h2 class=\"elementor-heading-title elementor-size-default\">Hayalinizdeki Evi Bulman\u0131za Yard\u0131mc\u0131 Olal\u0131m\n<\/h2>\t\t<\/div>\n\t\t\t\t<\/div>\n\t\t\t\t<div class=\"elementor-element elementor-element-d2dd736 color-scheme-inherit text-left elementor-widget elementor-widget-text-editor\" data-id=\"d2dd736\" data-element_type=\"widget\" data-widget_type=\"text-editor.default\">\n\t\t\t\t<div class=\"elementor-widget-container\">\n\t\t\t\t\t\t\t<p>Onur K\u00f6se Gayrimenkul olarak hayalinizdeki evi bulman\u0131za yard\u0131mc\u0131 olmak i\u00e7in buraday\u0131z. Profesyonel ve g\u00fcvenilir hizmet anlay\u0131\u015f\u0131m\u0131zla her t\u00fcrl\u00fc gayrimenkul ihtiyac\u0131n\u0131zda yan\u0131n\u0131zday\u0131z. Siz de gayrimenkulde do\u011fru karar vermek istiyorsan\u0131z bizimle ileti\u015fime ge\u00e7in. Birlikte m\u00fckemmel \u00e7\u00f6z\u00fcmler bulaca\u011f\u0131m\u0131za eminiz.<\/p>\n\t\t\t\t\t\t<\/div>\n\t\t\t\t<\/div>\n\t\t\t\t<div class=\"elementor-element elementor-element-a9ba5a1 elementor-widget elementor-widget-button\" data-id=\"a9ba5a1\" data-element_type=\"widget\" data-widget_type=\"button.default\">\n\t\t\t\t<div class=\"elementor-widget-container\">\n\t\t\t\t\t<div class=\"elementor-button-wrapper\">\n\t\t\t<a class=\"elementor-button elementor-button-link elementor-size-sm\" href=\"https:\/\/api.whatsapp.com\/send\/?phone=905393780638&#038;text&#038;type=phone_number&#038;app_absent=0\" target=\"_blank\" rel=\"noopener\">\n\t\t\t\t\t\t<span class=\"elementor-button-content-wrapper\">\n\t\t\t\t\t\t\t\t\t<span class=\"elementor-button-text\">Bize ula\u015f\u0131n<\/span>\n\t\t\t\t\t<\/span>\n\t\t\t\t\t<\/a>\n\t\t<\/div>\n\t\t\t\t<\/div>\n\t\t\t\t<\/div>\n\t\t\t\t<\/div>\n\t\t\t\t<\/div>\n\t\t","protected":false},"excerpt":{"rendered":"<p>Evinizle Gelir Elde Etmeye Ne Dersiniz? Gayrimenkul d\u00fcnyas\u0131ndaki en \u00f6nemli kural; &#8216;En de\u011ferli varl\u0131\u011f\u0131n\u0131z bo\u015f kalmamal\u0131d\u0131r&#8217;. Evinizin t\u00fcm potansiyelini kullanmak<\/p>\n","protected":false},"author":1,"featured_media":0,"parent":0,"menu_order":0,"comment_status":"closed","ping_status":"closed","template":"","meta":{"footnotes":""},"class_list":["post-3155","page","type-page","status-publish","hentry"],"_links":{"self":[{"href":"https:\/\/www.onurkoserealestate.com\/tr\/wp-json\/wp\/v2\/pages\/3155","targetHints":{"allow":["GET"]}}],"collection":[{"href":"https:\/\/www.onurkoserealestate.com\/tr\/wp-json\/wp\/v2\/pages"}],"about":[{"href":"https:\/\/www.onurkoserealestate.com\/tr\/wp-json\/wp\/v2\/types\/page"}],"author":[{"embeddable":true,"href":"https:\/\/www.onurkoserealestate.com\/tr\/wp-json\/wp\/v2\/users\/1"}],"replies":[{"embeddable":true,"href":"https:\/\/www.onurkoserealestate.com\/tr\/wp-json\/wp\/v2\/comments?post=3155"}],"version-history":[{"count":1,"href":"https:\/\/www.onurkoserealestate.com\/tr\/wp-json\/wp\/v2\/pages\/3155\/revisions"}],"predecessor-version":[{"id":3156,"href":"https:\/\/www.onurkoserealestate.com\/tr\/wp-json\/wp\/v2\/pages\/3155\/revisions\/3156"}],"wp:attachment":[{"href":"https:\/\/www.onurkoserealestate.com\/tr\/wp-json\/wp\/v2\/media?parent=3155"}],"curies":[{"name":"wp","href":"https:\/\/api.w.org\/{rel}","templated":true}]}}