{"id":10305,"date":"2024-07-15T09:34:24","date_gmt":"2024-07-15T09:34:24","guid":{"rendered":"https:\/\/www.onurkoserealestate.com\/product\/manzarali-cepheye-sahip-cagdas-21-daire\/"},"modified":"2024-07-15T09:41:26","modified_gmt":"2024-07-15T09:41:26","slug":"contemporary-21-apartment-with-scenic-facade","status":"publish","type":"product","link":"https:\/\/www.onurkoserealestate.com\/tr\/product\/contemporary-21-apartment-with-scenic-facade\/","title":{"rendered":"Manzaral\u0131 Cepheye Sahip \u00c7a\u011fda\u015f 2+1 Daire"},"content":{"rendered":"<p>Bu modern 2+1 daire, konforlu bir ya\u015fam deneyimi sa\u011flayan a\u00e7\u0131k mutfa\u011fa sahip 110 metrekarelik geni\u015f bir alan sunmaktad\u0131r. 2. katta (4. kata e\u015fde\u011fer) yer alan daire, bol miktarda do\u011fal \u0131\u015f\u0131k sa\u011flayan kuzeydo\u011fu cephesine sahiptir. Tamamen mobilyal\u0131 olan tesis b\u00fcnyesinde a\u00e7\u0131k ve kapal\u0131 havuzlar, fitness merkezi, sauna ve hamam gibi \u00e7e\u015fitli olanaklar bulunmaktad\u0131r. Sakinler ayr\u0131ca otoparka, markete ve tesis b\u00fcnyesindeki doktora kolay eri\u015fimin keyfini \u00e7\u0131karabilirler. 7\/24 g\u00fcvenlik, hal\u0131 saha, tenis kortlar\u0131, bowling salonlar\u0131 ve restoran\u0131 ile bu ya\u015fam alan\u0131 hem konfor hem de pratiklik arayanlar i\u00e7in m\u00fckemmel bir se\u00e7imdir.<\/p>\n","protected":false},"excerpt":{"rendered":"<p>Bu modern 2+1 daire, konforlu bir ya\u015fam deneyimi sa\u011flayan a\u00e7\u0131k mutfa\u011fa sahip 110 metrekarelik geni\u015f bir alan sunmaktad\u0131r. 2. katta<\/p>\n","protected":false},"featured_media":10211,"comment_status":"open","ping_status":"closed","template":"","meta":[],"product_cat":[77],"product_tag":[],"country":[109],"district":[193],"selling-type":[118],"property-type":[120],"location":[152],"property-city":[124],"class_list":{"0":"post-10305","1":"product","2":"type-product","3":"status-publish","4":"has-post-thumbnail","6":"product_cat-acil-satilik","7":"country-turkey-tr","8":"district-oba-tr","9":"selling-type-resale-tr","10":"property-type-apartment-tr","11":"location-alanya-tr","12":"property-city-antalya-tr","14":"first","15":"instock","16":"shipping-taxable","17":"purchasable","18":"product-type-simple"},"_links":{"self":[{"href":"https:\/\/www.onurkoserealestate.com\/tr\/wp-json\/wp\/v2\/product\/10305","targetHints":{"allow":["GET"]}}],"collection":[{"href":"https:\/\/www.onurkoserealestate.com\/tr\/wp-json\/wp\/v2\/product"}],"about":[{"href":"https:\/\/www.onurkoserealestate.com\/tr\/wp-json\/wp\/v2\/types\/product"}],"replies":[{"embeddable":true,"href":"https:\/\/www.onurkoserealestate.com\/tr\/wp-json\/wp\/v2\/comments?post=10305"}],"wp:featuredmedia":[{"embeddable":true,"href":"https:\/\/www.onurkoserealestate.com\/tr\/wp-json\/wp\/v2\/media\/10211"}],"wp:attachment":[{"href":"https:\/\/www.onurkoserealestate.com\/tr\/wp-json\/wp\/v2\/media?parent=10305"}],"wp:term":[{"taxonomy":"product_cat","embeddable":true,"href":"https:\/\/www.onurkoserealestate.com\/tr\/wp-json\/wp\/v2\/product_cat?post=10305"},{"taxonomy":"product_tag","embeddable":true,"href":"https:\/\/www.onurkoserealestate.com\/tr\/wp-json\/wp\/v2\/product_tag?post=10305"},{"taxonomy":"country","embeddable":true,"href":"https:\/\/www.onurkoserealestate.com\/tr\/wp-json\/wp\/v2\/country?post=10305"},{"taxonomy":"district","embeddable":true,"href":"https:\/\/www.onurkoserealestate.com\/tr\/wp-json\/wp\/v2\/district?post=10305"},{"taxonomy":"selling-type","embeddable":true,"href":"https:\/\/www.onurkoserealestate.com\/tr\/wp-json\/wp\/v2\/selling-type?post=10305"},{"taxonomy":"property-type","embeddable":true,"href":"https:\/\/www.onurkoserealestate.com\/tr\/wp-json\/wp\/v2\/property-type?post=10305"},{"taxonomy":"location","embeddable":true,"href":"https:\/\/www.onurkoserealestate.com\/tr\/wp-json\/wp\/v2\/location?post=10305"},{"taxonomy":"property-city","embeddable":true,"href":"https:\/\/www.onurkoserealestate.com\/tr\/wp-json\/wp\/v2\/property-city?post=10305"}],"curies":[{"name":"wp","href":"https:\/\/api.w.org\/{rel}","templated":true}]}}