{"id":10426,"date":"2024-07-15T09:56:34","date_gmt":"2024-07-15T09:56:34","guid":{"rendered":"https:\/\/www.onurkoserealestate.com\/product\/mukemmel-aile-evi-iki-terasli-31\/"},"modified":"2024-07-15T09:56:34","modified_gmt":"2024-07-15T09:56:34","slug":"perfect-family-home-31-with-two-terraces","status":"publish","type":"product","link":"https:\/\/www.onurkoserealestate.com\/tr\/product\/perfect-family-home-31-with-two-terraces\/","title":{"rendered":"M\u00fckemmel Aile Evi: \u0130ki Terasl\u0131 3+1"},"content":{"rendered":"<p>Bu harika 3 + 1 daire a\u00e7\u0131k mutfak d\u00fczenine sahiptir ve 170 m\u00b2&#8217;dir. 3. katta yer alan tamamen mobilyal\u0131 birim, daha fazla konfor i\u00e7in en-suite banyo sunmaktad\u0131r. Hem banyolarda hem de oturma odas\u0131nda yerden \u0131s\u0131tma sistemi ile y\u0131l boyunca rahat bir atmosfer sa\u011flar. Daire g\u00fcney, kuzey ve bat\u0131 cephelerinin yan\u0131 s\u0131ra geni\u015f bir a\u00e7\u0131k alan i\u00e7in iki terasa sahiptir. Denize sadece 300 metre mesafede yer alan tesis sakinleri her g\u00fcn plaja eri\u015fimin keyfini \u00e7\u0131karabilir. Ayr\u0131ca, ayl\u0131k \u00fccreti yaln\u0131zca 40 \u20ac olan kompleks, y\u00fczme havuzu gibi olanaklar da sunarak konforlu ve keyifli bir ya\u015fam deneyimi arayanlar i\u00e7in ideal bir se\u00e7imdir.<\/p>\n","protected":false},"excerpt":{"rendered":"<p>Bu harika 3 + 1 daire a\u00e7\u0131k mutfak d\u00fczenine sahiptir ve 170 m\u00b2&#8217;dir. 3. katta yer alan tamamen mobilyal\u0131 birim,<\/p>\n","protected":false},"featured_media":10411,"comment_status":"open","ping_status":"closed","template":"","meta":[],"product_cat":[77,78,95],"product_tag":[],"country":[109],"district":[193],"selling-type":[118],"property-type":[120],"location":[152],"property-city":[124],"class_list":{"0":"post-10426","1":"product","2":"type-product","3":"status-publish","4":"has-post-thumbnail","6":"product_cat-acil-satilik","7":"product_cat-konut-icin-uygun","8":"product_cat-havuz-manzarasi","9":"country-turkey-tr","10":"district-oba-tr","11":"selling-type-resale-tr","12":"property-type-apartment-tr","13":"location-alanya-tr","14":"property-city-antalya-tr","16":"first","17":"instock","18":"shipping-taxable","19":"purchasable","20":"product-type-simple"},"_links":{"self":[{"href":"https:\/\/www.onurkoserealestate.com\/tr\/wp-json\/wp\/v2\/product\/10426","targetHints":{"allow":["GET"]}}],"collection":[{"href":"https:\/\/www.onurkoserealestate.com\/tr\/wp-json\/wp\/v2\/product"}],"about":[{"href":"https:\/\/www.onurkoserealestate.com\/tr\/wp-json\/wp\/v2\/types\/product"}],"replies":[{"embeddable":true,"href":"https:\/\/www.onurkoserealestate.com\/tr\/wp-json\/wp\/v2\/comments?post=10426"}],"wp:featuredmedia":[{"embeddable":true,"href":"https:\/\/www.onurkoserealestate.com\/tr\/wp-json\/wp\/v2\/media\/10411"}],"wp:attachment":[{"href":"https:\/\/www.onurkoserealestate.com\/tr\/wp-json\/wp\/v2\/media?parent=10426"}],"wp:term":[{"taxonomy":"product_cat","embeddable":true,"href":"https:\/\/www.onurkoserealestate.com\/tr\/wp-json\/wp\/v2\/product_cat?post=10426"},{"taxonomy":"product_tag","embeddable":true,"href":"https:\/\/www.onurkoserealestate.com\/tr\/wp-json\/wp\/v2\/product_tag?post=10426"},{"taxonomy":"country","embeddable":true,"href":"https:\/\/www.onurkoserealestate.com\/tr\/wp-json\/wp\/v2\/country?post=10426"},{"taxonomy":"district","embeddable":true,"href":"https:\/\/www.onurkoserealestate.com\/tr\/wp-json\/wp\/v2\/district?post=10426"},{"taxonomy":"selling-type","embeddable":true,"href":"https:\/\/www.onurkoserealestate.com\/tr\/wp-json\/wp\/v2\/selling-type?post=10426"},{"taxonomy":"property-type","embeddable":true,"href":"https:\/\/www.onurkoserealestate.com\/tr\/wp-json\/wp\/v2\/property-type?post=10426"},{"taxonomy":"location","embeddable":true,"href":"https:\/\/www.onurkoserealestate.com\/tr\/wp-json\/wp\/v2\/location?post=10426"},{"taxonomy":"property-city","embeddable":true,"href":"https:\/\/www.onurkoserealestate.com\/tr\/wp-json\/wp\/v2\/property-city?post=10426"}],"curies":[{"name":"wp","href":"https:\/\/api.w.org\/{rel}","templated":true}]}}