{"id":10570,"date":"2024-07-15T11:10:41","date_gmt":"2024-07-15T11:10:41","guid":{"rendered":"https:\/\/www.onurkoserealestate.com\/product\/mukemmel-kacamak-modern-daire\/"},"modified":"2024-07-15T11:10:41","modified_gmt":"2024-07-15T11:10:41","slug":"perfect-getaway-modern-apartment-with-fitness-pool","status":"publish","type":"product","link":"https:\/\/www.onurkoserealestate.com\/tr\/product\/perfect-getaway-modern-apartment-with-fitness-pool\/","title":{"rendered":"M\u00fckemmel Ka\u00e7amak: Modern Daire"},"content":{"rendered":"<p>90 metrekarelik bu \u00e7arp\u0131c\u0131 2+1 a\u00e7\u0131k mutfak daire, sadece 1 ya\u015f\u0131nda olan modern bir binan\u0131n 2. kat\u0131nda yer almaktad\u0131r. G\u00fcneye bakan cephesiyle bol miktarda do\u011fal \u0131\u015f\u0131k alan daire, k\u0131smi deniz ve kale manzaras\u0131 sunmaktad\u0131r. Plaja 1,5 km mesafede yer alan otel, rahatl\u0131k ve konforu bir araya getirmektedir. Komplekste a\u00e7\u0131k ve kapal\u0131 havuzlar, fitness merkezi, sauna, squash kortu, buhar odas\u0131 ve \u00e7ocuk oyun alan\u0131 gibi m\u00fckemmel olanaklar bulunmaktad\u0131r. Ayr\u0131ca, konut sakinleri barbek\u00fc alan\u0131n\u0131n, geni\u015f otopark\u0131n ve 7\/24 g\u00fcvenli\u011fin keyfini \u00e7\u0131karabilirler. Ayl\u0131k \u00fccreti sadece 50 \u20ac olan bu tamamen mobilyal\u0131 daire, canl\u0131 bir toplumda ya\u015famak isteyen herkes i\u00e7in ideal bir se\u00e7imdir!<\/p>\n","protected":false},"excerpt":{"rendered":"<p>90 metrekarelik bu \u00e7arp\u0131c\u0131 2+1 a\u00e7\u0131k mutfak daire, sadece 1 ya\u015f\u0131nda olan modern bir binan\u0131n 2. kat\u0131nda yer almaktad\u0131r. G\u00fcneye<\/p>\n","protected":false},"featured_media":10567,"comment_status":"open","ping_status":"closed","template":"","meta":[],"product_cat":[77,101,81],"product_tag":[],"country":[109],"district":[193],"selling-type":[118],"property-type":[120],"location":[152],"property-city":[124],"class_list":{"0":"post-10570","1":"product","2":"type-product","3":"status-publish","4":"has-post-thumbnail","6":"product_cat-acil-satilik","7":"product_cat-deniz-manzarali","8":"product_cat-kale-manzarasi","9":"country-turkey-tr","10":"district-oba-tr","11":"selling-type-resale-tr","12":"property-type-apartment-tr","13":"location-alanya-tr","14":"property-city-antalya-tr","16":"first","17":"instock","18":"shipping-taxable","19":"purchasable","20":"product-type-simple"},"_links":{"self":[{"href":"https:\/\/www.onurkoserealestate.com\/tr\/wp-json\/wp\/v2\/product\/10570","targetHints":{"allow":["GET"]}}],"collection":[{"href":"https:\/\/www.onurkoserealestate.com\/tr\/wp-json\/wp\/v2\/product"}],"about":[{"href":"https:\/\/www.onurkoserealestate.com\/tr\/wp-json\/wp\/v2\/types\/product"}],"replies":[{"embeddable":true,"href":"https:\/\/www.onurkoserealestate.com\/tr\/wp-json\/wp\/v2\/comments?post=10570"}],"wp:featuredmedia":[{"embeddable":true,"href":"https:\/\/www.onurkoserealestate.com\/tr\/wp-json\/wp\/v2\/media\/10567"}],"wp:attachment":[{"href":"https:\/\/www.onurkoserealestate.com\/tr\/wp-json\/wp\/v2\/media?parent=10570"}],"wp:term":[{"taxonomy":"product_cat","embeddable":true,"href":"https:\/\/www.onurkoserealestate.com\/tr\/wp-json\/wp\/v2\/product_cat?post=10570"},{"taxonomy":"product_tag","embeddable":true,"href":"https:\/\/www.onurkoserealestate.com\/tr\/wp-json\/wp\/v2\/product_tag?post=10570"},{"taxonomy":"country","embeddable":true,"href":"https:\/\/www.onurkoserealestate.com\/tr\/wp-json\/wp\/v2\/country?post=10570"},{"taxonomy":"district","embeddable":true,"href":"https:\/\/www.onurkoserealestate.com\/tr\/wp-json\/wp\/v2\/district?post=10570"},{"taxonomy":"selling-type","embeddable":true,"href":"https:\/\/www.onurkoserealestate.com\/tr\/wp-json\/wp\/v2\/selling-type?post=10570"},{"taxonomy":"property-type","embeddable":true,"href":"https:\/\/www.onurkoserealestate.com\/tr\/wp-json\/wp\/v2\/property-type?post=10570"},{"taxonomy":"location","embeddable":true,"href":"https:\/\/www.onurkoserealestate.com\/tr\/wp-json\/wp\/v2\/location?post=10570"},{"taxonomy":"property-city","embeddable":true,"href":"https:\/\/www.onurkoserealestate.com\/tr\/wp-json\/wp\/v2\/property-city?post=10570"}],"curies":[{"name":"wp","href":"https:\/\/api.w.org\/{rel}","templated":true}]}}