{"id":10656,"date":"2024-07-17T08:36:37","date_gmt":"2024-07-17T08:36:37","guid":{"rendered":"https:\/\/www.onurkoserealestate.com\/product\/obada-rahatca-yasayin-eksiksiz-bir-paket\/"},"modified":"2024-07-17T09:38:43","modified_gmt":"2024-07-17T09:38:43","slug":"live-comfortably-in-oba-a-complete-package","status":"publish","type":"product","link":"https:\/\/www.onurkoserealestate.com\/tr\/product\/live-comfortably-in-oba-a-complete-package\/","title":{"rendered":"Oba&#8217;da Rahat\u00e7a Ya\u015fay\u0131n: Eksiksiz Bir Paket"},"content":{"rendered":"<p>Oba&#8217;daki bu 1+1 a\u00e7\u0131k mutfak daire 2. katta (tapuda 1. kat) yer almaktad\u0131r ve 48 metrekarelik bir alan\u0131 kaplamaktad\u0131r. Kuzey cepheli daire, denize sadece 1,4 km uzakl\u0131ktad\u0131r. Komplekste y\u00fczme havuzu, fitness merkezi, sauna, buhar odas\u0131 ve kapal\u0131 otopark gibi m\u00fckemmel olanaklar bulunmaktad\u0131r. Bu, rahat bir ya\u015fam alan\u0131 arayan herkes i\u00e7in harika bir f\u0131rsat!<\/p>\n","protected":false},"excerpt":{"rendered":"<p>Oba&#8217;daki bu 1+1 a\u00e7\u0131k mutfak daire 2. katta (tapuda 1. kat) yer almaktad\u0131r ve 48 metrekarelik bir alan\u0131 kaplamaktad\u0131r. Kuzey<\/p>\n","protected":false},"featured_media":10613,"comment_status":"open","ping_status":"closed","template":"","meta":[],"product_cat":[77],"product_tag":[],"country":[109],"district":[193],"selling-type":[118],"property-type":[120],"location":[152],"property-city":[124],"class_list":{"0":"post-10656","1":"product","2":"type-product","3":"status-publish","4":"has-post-thumbnail","6":"product_cat-acil-satilik","7":"country-turkey-tr","8":"district-oba-tr","9":"selling-type-resale-tr","10":"property-type-apartment-tr","11":"location-alanya-tr","12":"property-city-antalya-tr","14":"first","15":"instock","16":"shipping-taxable","17":"purchasable","18":"product-type-simple"},"_links":{"self":[{"href":"https:\/\/www.onurkoserealestate.com\/tr\/wp-json\/wp\/v2\/product\/10656","targetHints":{"allow":["GET"]}}],"collection":[{"href":"https:\/\/www.onurkoserealestate.com\/tr\/wp-json\/wp\/v2\/product"}],"about":[{"href":"https:\/\/www.onurkoserealestate.com\/tr\/wp-json\/wp\/v2\/types\/product"}],"replies":[{"embeddable":true,"href":"https:\/\/www.onurkoserealestate.com\/tr\/wp-json\/wp\/v2\/comments?post=10656"}],"wp:featuredmedia":[{"embeddable":true,"href":"https:\/\/www.onurkoserealestate.com\/tr\/wp-json\/wp\/v2\/media\/10613"}],"wp:attachment":[{"href":"https:\/\/www.onurkoserealestate.com\/tr\/wp-json\/wp\/v2\/media?parent=10656"}],"wp:term":[{"taxonomy":"product_cat","embeddable":true,"href":"https:\/\/www.onurkoserealestate.com\/tr\/wp-json\/wp\/v2\/product_cat?post=10656"},{"taxonomy":"product_tag","embeddable":true,"href":"https:\/\/www.onurkoserealestate.com\/tr\/wp-json\/wp\/v2\/product_tag?post=10656"},{"taxonomy":"country","embeddable":true,"href":"https:\/\/www.onurkoserealestate.com\/tr\/wp-json\/wp\/v2\/country?post=10656"},{"taxonomy":"district","embeddable":true,"href":"https:\/\/www.onurkoserealestate.com\/tr\/wp-json\/wp\/v2\/district?post=10656"},{"taxonomy":"selling-type","embeddable":true,"href":"https:\/\/www.onurkoserealestate.com\/tr\/wp-json\/wp\/v2\/selling-type?post=10656"},{"taxonomy":"property-type","embeddable":true,"href":"https:\/\/www.onurkoserealestate.com\/tr\/wp-json\/wp\/v2\/property-type?post=10656"},{"taxonomy":"location","embeddable":true,"href":"https:\/\/www.onurkoserealestate.com\/tr\/wp-json\/wp\/v2\/location?post=10656"},{"taxonomy":"property-city","embeddable":true,"href":"https:\/\/www.onurkoserealestate.com\/tr\/wp-json\/wp\/v2\/property-city?post=10656"}],"curies":[{"name":"wp","href":"https:\/\/api.w.org\/{rel}","templated":true}]}}