{"id":10791,"date":"2024-07-17T09:54:05","date_gmt":"2024-07-17T09:54:05","guid":{"rendered":"https:\/\/www.onurkoserealestate.com\/product\/ikamet-icin-ideal-yasam-obada-genis-21-daire\/"},"modified":"2024-07-17T09:54:05","modified_gmt":"2024-07-17T09:54:05","slug":"ideal-living-for-ikamet-spacious-21-apartment-in-oba","status":"publish","type":"product","link":"https:\/\/www.onurkoserealestate.com\/tr\/product\/ideal-living-for-ikamet-spacious-21-apartment-in-oba\/","title":{"rendered":"\u0130kamet i\u00e7in \u0130deal Ya\u015fam: Oba&#8217;da Geni\u015f 2+1 Daire"},"content":{"rendered":"<p><strong>\u0130kamet i\u00e7in uygundur<\/strong><br \/>\nBu geni\u015f 2+1 a\u00e7\u0131k mutfak daire, Alanya\/Oba&#8217;da 3. katta yer almakta olup 110 metrekaredir. Kuzey, g\u00fcney ve do\u011fu cepheli daire ayd\u0131nl\u0131k ve davetk\u00e2rd\u0131r. Tamamen mobilyal\u0131d\u0131r ve denize sadece 400 metre mesafededir. Kompleks, y\u00fczme havuzu ve asans\u00f6r eri\u015fimi gibi m\u00fckemmel olanaklar sunmaktad\u0131r. Bu, birinci s\u0131n\u0131f bir konumda konforlu bir ya\u015fam i\u00e7in ideal bir f\u0131rsat!<\/p>\n","protected":false},"excerpt":{"rendered":"<p>\u0130kamet i\u00e7in uygundur Bu geni\u015f 2+1 a\u00e7\u0131k mutfak daire, Alanya\/Oba&#8217;da 3. katta yer almakta olup 110 metrekaredir. Kuzey, g\u00fcney ve<\/p>\n","protected":false},"featured_media":10676,"comment_status":"open","ping_status":"closed","template":"","meta":[],"product_cat":[77,78],"product_tag":[],"country":[109],"district":[193],"selling-type":[118],"property-type":[120],"location":[152],"property-city":[124],"class_list":{"0":"post-10791","1":"product","2":"type-product","3":"status-publish","4":"has-post-thumbnail","6":"product_cat-acil-satilik","7":"product_cat-konut-icin-uygun","8":"country-turkey-tr","9":"district-oba-tr","10":"selling-type-resale-tr","11":"property-type-apartment-tr","12":"location-alanya-tr","13":"property-city-antalya-tr","15":"first","16":"instock","17":"shipping-taxable","18":"purchasable","19":"product-type-simple"},"_links":{"self":[{"href":"https:\/\/www.onurkoserealestate.com\/tr\/wp-json\/wp\/v2\/product\/10791","targetHints":{"allow":["GET"]}}],"collection":[{"href":"https:\/\/www.onurkoserealestate.com\/tr\/wp-json\/wp\/v2\/product"}],"about":[{"href":"https:\/\/www.onurkoserealestate.com\/tr\/wp-json\/wp\/v2\/types\/product"}],"replies":[{"embeddable":true,"href":"https:\/\/www.onurkoserealestate.com\/tr\/wp-json\/wp\/v2\/comments?post=10791"}],"wp:featuredmedia":[{"embeddable":true,"href":"https:\/\/www.onurkoserealestate.com\/tr\/wp-json\/wp\/v2\/media\/10676"}],"wp:attachment":[{"href":"https:\/\/www.onurkoserealestate.com\/tr\/wp-json\/wp\/v2\/media?parent=10791"}],"wp:term":[{"taxonomy":"product_cat","embeddable":true,"href":"https:\/\/www.onurkoserealestate.com\/tr\/wp-json\/wp\/v2\/product_cat?post=10791"},{"taxonomy":"product_tag","embeddable":true,"href":"https:\/\/www.onurkoserealestate.com\/tr\/wp-json\/wp\/v2\/product_tag?post=10791"},{"taxonomy":"country","embeddable":true,"href":"https:\/\/www.onurkoserealestate.com\/tr\/wp-json\/wp\/v2\/country?post=10791"},{"taxonomy":"district","embeddable":true,"href":"https:\/\/www.onurkoserealestate.com\/tr\/wp-json\/wp\/v2\/district?post=10791"},{"taxonomy":"selling-type","embeddable":true,"href":"https:\/\/www.onurkoserealestate.com\/tr\/wp-json\/wp\/v2\/selling-type?post=10791"},{"taxonomy":"property-type","embeddable":true,"href":"https:\/\/www.onurkoserealestate.com\/tr\/wp-json\/wp\/v2\/property-type?post=10791"},{"taxonomy":"location","embeddable":true,"href":"https:\/\/www.onurkoserealestate.com\/tr\/wp-json\/wp\/v2\/location?post=10791"},{"taxonomy":"property-city","embeddable":true,"href":"https:\/\/www.onurkoserealestate.com\/tr\/wp-json\/wp\/v2\/property-city?post=10791"}],"curies":[{"name":"wp","href":"https:\/\/api.w.org\/{rel}","templated":true}]}}