{"id":10947,"date":"2024-07-17T10:40:50","date_gmt":"2024-07-17T10:40:50","guid":{"rendered":"https:\/\/www.onurkoserealestate.com\/product\/yuksek-potansiyelli-yatirim-obada-20-daire\/"},"modified":"2024-07-17T10:40:50","modified_gmt":"2024-07-17T10:40:50","slug":"high-potential-investment-20-apartment-in-oba","status":"publish","type":"product","link":"https:\/\/www.onurkoserealestate.com\/tr\/product\/high-potential-investment-20-apartment-in-oba\/","title":{"rendered":"Y\u00fcksek Potansiyelli Yat\u0131r\u0131m: Oba&#8217;da 2+0 Daire"},"content":{"rendered":"<p>Alanya&#8217;n\u0131n hareketli b\u00f6lgesi Oba&#8217;da yer alan bu b\u00fcy\u00fcleyici 2+0 ayr\u0131 mutfakl\u0131 daire, konforlu bir ya\u015fam i\u00e7in m\u00fckemmel bir f\u0131rsatt\u0131r. 4. katta yer alan daire 45 metrekaredir ve g\u00fcn boyunca bol miktarda do\u011fal \u0131\u015f\u0131k almas\u0131n\u0131 sa\u011flayan cazip bir g\u00fcney-bat\u0131 cephesine sahiptir. Daire, Alanya&#8217;n\u0131n g\u00fczel plajlar\u0131na sadece 550 metre mesafede olup plaj severler i\u00e7in ideal bir konumdad\u0131r. Site sakinleri, kolay eri\u015fim i\u00e7in \u00e7ift asans\u00f6r, geni\u015f otopark ve s\u0131cak bir lobi alan\u0131 gibi kullan\u0131\u015fl\u0131 olanaklardan yararlanabilirler. D\u00fczen, mekan\u0131n pratikli\u011fine katk\u0131da bulunan i\u015flevsel bir WC i\u00e7erir. \u0130ster rahat bir ev ister bir tatil ka\u00e7ama\u011f\u0131 ar\u0131yor olun, bu daire konfor ve rahatl\u0131\u011f\u0131n m\u00fckemmel bir kar\u0131\u015f\u0131m\u0131n\u0131 sunar. Yerel ma\u011fazalara, restoranlara ve toplu ta\u015f\u0131ma ara\u00e7lar\u0131na yak\u0131nl\u0131\u011f\u0131 ile Alanya&#8217;da ya\u015famak hi\u00e7 bu kadar eri\u015filebilir olmam\u0131\u015ft\u0131. T\u00fcrkiye&#8217;nin en \u00e7ok ra\u011fbet g\u00f6ren k\u0131y\u0131 b\u00f6lgelerinden birinde yer alan bu keyifli m\u00fclke sahip olma \u015fans\u0131n\u0131 ka\u00e7\u0131rmay\u0131n! Bu, g\u00fczel Alanya&#8217;da huzurlu ama ba\u011flant\u0131l\u0131 bir ya\u015fam tarz\u0131 arayan herkes i\u00e7in harika bir f\u0131rsatt\u0131r.<\/p>\n","protected":false},"excerpt":{"rendered":"<p>Alanya&#8217;n\u0131n hareketli b\u00f6lgesi Oba&#8217;da yer alan bu b\u00fcy\u00fcleyici 2+0 ayr\u0131 mutfakl\u0131 daire, konforlu bir ya\u015fam i\u00e7in m\u00fckemmel bir f\u0131rsatt\u0131r. 4.<\/p>\n","protected":false},"featured_media":10904,"comment_status":"open","ping_status":"closed","template":"","meta":[],"product_cat":[77],"product_tag":[],"country":[109],"district":[193],"selling-type":[118],"property-type":[120],"location":[152],"property-city":[124],"class_list":{"0":"post-10947","1":"product","2":"type-product","3":"status-publish","4":"has-post-thumbnail","6":"product_cat-acil-satilik","7":"country-turkey-tr","8":"district-oba-tr","9":"selling-type-resale-tr","10":"property-type-apartment-tr","11":"location-alanya-tr","12":"property-city-antalya-tr","14":"first","15":"instock","16":"shipping-taxable","17":"purchasable","18":"product-type-simple"},"_links":{"self":[{"href":"https:\/\/www.onurkoserealestate.com\/tr\/wp-json\/wp\/v2\/product\/10947","targetHints":{"allow":["GET"]}}],"collection":[{"href":"https:\/\/www.onurkoserealestate.com\/tr\/wp-json\/wp\/v2\/product"}],"about":[{"href":"https:\/\/www.onurkoserealestate.com\/tr\/wp-json\/wp\/v2\/types\/product"}],"replies":[{"embeddable":true,"href":"https:\/\/www.onurkoserealestate.com\/tr\/wp-json\/wp\/v2\/comments?post=10947"}],"wp:featuredmedia":[{"embeddable":true,"href":"https:\/\/www.onurkoserealestate.com\/tr\/wp-json\/wp\/v2\/media\/10904"}],"wp:attachment":[{"href":"https:\/\/www.onurkoserealestate.com\/tr\/wp-json\/wp\/v2\/media?parent=10947"}],"wp:term":[{"taxonomy":"product_cat","embeddable":true,"href":"https:\/\/www.onurkoserealestate.com\/tr\/wp-json\/wp\/v2\/product_cat?post=10947"},{"taxonomy":"product_tag","embeddable":true,"href":"https:\/\/www.onurkoserealestate.com\/tr\/wp-json\/wp\/v2\/product_tag?post=10947"},{"taxonomy":"country","embeddable":true,"href":"https:\/\/www.onurkoserealestate.com\/tr\/wp-json\/wp\/v2\/country?post=10947"},{"taxonomy":"district","embeddable":true,"href":"https:\/\/www.onurkoserealestate.com\/tr\/wp-json\/wp\/v2\/district?post=10947"},{"taxonomy":"selling-type","embeddable":true,"href":"https:\/\/www.onurkoserealestate.com\/tr\/wp-json\/wp\/v2\/selling-type?post=10947"},{"taxonomy":"property-type","embeddable":true,"href":"https:\/\/www.onurkoserealestate.com\/tr\/wp-json\/wp\/v2\/property-type?post=10947"},{"taxonomy":"location","embeddable":true,"href":"https:\/\/www.onurkoserealestate.com\/tr\/wp-json\/wp\/v2\/location?post=10947"},{"taxonomy":"property-city","embeddable":true,"href":"https:\/\/www.onurkoserealestate.com\/tr\/wp-json\/wp\/v2\/property-city?post=10947"}],"curies":[{"name":"wp","href":"https:\/\/api.w.org\/{rel}","templated":true}]}}