{"id":11216,"date":"2024-07-17T13:00:58","date_gmt":"2024-07-17T13:00:58","guid":{"rendered":"https:\/\/www.onurkoserealestate.com\/product\/alanyanin-mucevheri-obada-guzel-41-dubleks-daire\/"},"modified":"2024-07-17T13:00:58","modified_gmt":"2024-07-17T13:00:58","slug":"alanyas-gem-beautiful-41-duplex-apartment-in-oba","status":"publish","type":"product","link":"https:\/\/www.onurkoserealestate.com\/tr\/product\/alanyas-gem-beautiful-41-duplex-apartment-in-oba\/","title":{"rendered":"Alanya&#8217;n\u0131n M\u00fccevheri: Oba&#8217;da G\u00fczel 4+1 Dubleks Daire"},"content":{"rendered":"<p>Alanya, Oba&#8217;da bulunan bu etkileyici 4+1 dubleks daire, ikamete uygun geni\u015f bir ya\u015fam alan\u0131 arayanlar i\u00e7in m\u00fckemmel bir f\u0131rsatt\u0131r. A\u00e7\u0131k mutfakl\u0131 ve 250 metrekarelik geni\u015f bir alana sahip olan bu daire, 3. katta yer almakta ve bol miktarda do\u011fal \u0131\u015f\u0131k sa\u011flayan muhte\u015fem bir kuzey-bat\u0131 ve do\u011fu cephesi sunmaktad\u0131r. Alanya&#8217;n\u0131n g\u00fczel plajlar\u0131na sadece 700 metre mesafede yer alan site sakinleri, Alanya&#8217;n\u0131n sundu\u011fu canl\u0131 k\u0131y\u0131 ya\u015fam tarz\u0131n\u0131n keyfini kolayca \u00e7\u0131karabilirler. Bina sadece 8 ya\u015f\u0131nda olup modern olanaklar ve tasar\u0131m sa\u011flamaktad\u0131r. Alanya&#8217;da ya\u015famak, kompleks i\u00e7inde y\u00fczme havuzu, fitness merkezi ve \u00e7ocuklar i\u00e7in oyun alan\u0131 gibi harika olanaklara eri\u015fmek anlam\u0131na gelir. Ayr\u0131ca, konut sakinleri i\u00e7in \u00f6zel bir park alan\u0131 bulunmaktad\u0131r. Bu alan, konum ve olanaklar\u0131n birle\u015fimi, bu m\u00fclk\u00fc aileler veya Alanya&#8217;da yat\u0131r\u0131m yapmak isteyenler i\u00e7in m\u00fckemmel bir se\u00e7im haline getirmektedir. \u0130ster kal\u0131c\u0131 bir konut ister tatil evi ar\u0131yor olun, Alanya&#8217;daki bu dubleks konforlu bir ya\u015fam i\u00e7in ideal bir se\u00e7enektir. T\u00fcrkiye&#8217;nin en cazip yerlerinden biri olan Alanya&#8217;da hayat\u0131 kucaklama \u015fans\u0131n\u0131 ka\u00e7\u0131rmay\u0131n!<\/p>\n","protected":false},"excerpt":{"rendered":"<p>Alanya, Oba&#8217;da bulunan bu etkileyici 4+1 dubleks daire, ikamete uygun geni\u015f bir ya\u015fam alan\u0131 arayanlar i\u00e7in m\u00fckemmel bir f\u0131rsatt\u0131r. A\u00e7\u0131k<\/p>\n","protected":false},"featured_media":11177,"comment_status":"open","ping_status":"closed","template":"","meta":[],"product_cat":[77,78],"product_tag":[],"country":[109],"district":[193],"selling-type":[118],"property-type":[120],"location":[152],"property-city":[124],"class_list":{"0":"post-11216","1":"product","2":"type-product","3":"status-publish","4":"has-post-thumbnail","6":"product_cat-acil-satilik","7":"product_cat-konut-icin-uygun","8":"country-turkey-tr","9":"district-oba-tr","10":"selling-type-resale-tr","11":"property-type-apartment-tr","12":"location-alanya-tr","13":"property-city-antalya-tr","15":"first","16":"instock","17":"shipping-taxable","18":"purchasable","19":"product-type-simple"},"_links":{"self":[{"href":"https:\/\/www.onurkoserealestate.com\/tr\/wp-json\/wp\/v2\/product\/11216","targetHints":{"allow":["GET"]}}],"collection":[{"href":"https:\/\/www.onurkoserealestate.com\/tr\/wp-json\/wp\/v2\/product"}],"about":[{"href":"https:\/\/www.onurkoserealestate.com\/tr\/wp-json\/wp\/v2\/types\/product"}],"replies":[{"embeddable":true,"href":"https:\/\/www.onurkoserealestate.com\/tr\/wp-json\/wp\/v2\/comments?post=11216"}],"wp:featuredmedia":[{"embeddable":true,"href":"https:\/\/www.onurkoserealestate.com\/tr\/wp-json\/wp\/v2\/media\/11177"}],"wp:attachment":[{"href":"https:\/\/www.onurkoserealestate.com\/tr\/wp-json\/wp\/v2\/media?parent=11216"}],"wp:term":[{"taxonomy":"product_cat","embeddable":true,"href":"https:\/\/www.onurkoserealestate.com\/tr\/wp-json\/wp\/v2\/product_cat?post=11216"},{"taxonomy":"product_tag","embeddable":true,"href":"https:\/\/www.onurkoserealestate.com\/tr\/wp-json\/wp\/v2\/product_tag?post=11216"},{"taxonomy":"country","embeddable":true,"href":"https:\/\/www.onurkoserealestate.com\/tr\/wp-json\/wp\/v2\/country?post=11216"},{"taxonomy":"district","embeddable":true,"href":"https:\/\/www.onurkoserealestate.com\/tr\/wp-json\/wp\/v2\/district?post=11216"},{"taxonomy":"selling-type","embeddable":true,"href":"https:\/\/www.onurkoserealestate.com\/tr\/wp-json\/wp\/v2\/selling-type?post=11216"},{"taxonomy":"property-type","embeddable":true,"href":"https:\/\/www.onurkoserealestate.com\/tr\/wp-json\/wp\/v2\/property-type?post=11216"},{"taxonomy":"location","embeddable":true,"href":"https:\/\/www.onurkoserealestate.com\/tr\/wp-json\/wp\/v2\/location?post=11216"},{"taxonomy":"property-city","embeddable":true,"href":"https:\/\/www.onurkoserealestate.com\/tr\/wp-json\/wp\/v2\/property-city?post=11216"}],"curies":[{"name":"wp","href":"https:\/\/api.w.org\/{rel}","templated":true}]}}