{"id":11475,"date":"2024-07-18T08:09:32","date_gmt":"2024-07-18T08:09:32","guid":{"rendered":"https:\/\/www.onurkoserealestate.com\/product\/obada-rahat-bir-21de-hayatin-tadini-cikarin\/"},"modified":"2024-07-18T08:09:32","modified_gmt":"2024-07-18T08:09:32","slug":"enjoy-life-in-a-cozy-21-in-oba","status":"publish","type":"product","link":"https:\/\/www.onurkoserealestate.com\/tr\/product\/enjoy-life-in-a-cozy-21-in-oba\/","title":{"rendered":"Oba&#8217;da Rahat Bir 2+1&#8217;de Hayat\u0131n Tad\u0131n\u0131 \u00c7\u0131kar\u0131n"},"content":{"rendered":"<p>Oba, \u00e7arp\u0131c\u0131 plajlar\u0131 ve canl\u0131 atmosferiyle bilinen Alanya&#8217;n\u0131n g\u00fczel bir il\u00e7esidir. Bir\u00e7ok ki\u015fi Oba&#8217;y\u0131 Akdeniz&#8217;e yak\u0131n ideal konumu nedeniyle tercih etmekte, bu da buray\u0131 hem yerel halk hem de turistler i\u00e7in pop\u00fcler bir nokta haline getirmektedir. Oba&#8217;da, bu g\u00fczel b\u00f6lgenin cazibesini art\u0131ran lezzetli yerel yemekler sunan \u00e7e\u015fitli restoran ve kafeler bulabilirsiniz. Oba&#8217;daki topluluk misafirperverdir ve hem aileler hem de ziyaret\u00e7iler i\u00e7in samimi bir ortam yarat\u0131r. \u00c7ok say\u0131da park ve rekreasyon alan\u0131na sahip olan Oba, a\u00e7\u0131k hava etkinlikleri i\u00e7in pek \u00e7ok f\u0131rsat sunmaktad\u0131r. Ayr\u0131ca Oba, modern dairelerden rahat villalara kadar farkl\u0131 ya\u015fam tarzlar\u0131na hitap eden \u00e7e\u015fitli m\u00fclklere sahiptir. Oba&#8217;daki emlak piyasas\u0131 geli\u015fmekte ve tatil evi ya da kal\u0131c\u0131 konut arayan yat\u0131r\u0131mc\u0131lar\u0131 cezbetmektedir. Oba&#8217;da ya\u015fayanlar, al\u0131\u015fveri\u015f merkezlerine ve yerel pazarlara kolay eri\u015fimin keyfini \u00e7\u0131kararak g\u00fcnl\u00fck ya\u015fam\u0131 kolayla\u015ft\u0131r\u0131yor. Oba&#8217;n\u0131n canl\u0131 atmosferi, rahatlama ve e\u011flence aras\u0131nda bir denge arayanlar i\u00e7in m\u00fckemmeldir. \u0130ster g\u00fczel sahil \u015feridini ke\u015ffedin ister yerel k\u00fclt\u00fcr\u00fcn tad\u0131n\u0131 \u00e7\u0131kar\u0131n, Oba&#8217;da herkes i\u00e7in bir \u015feyler vard\u0131r. Genel olarak Oba, Alanya&#8217;da ya\u015famak, \u00e7al\u0131\u015fmak ve oynamak i\u00e7in harika bir yerdir ve sonsuz keyif f\u0131rsatlar\u0131 sunar.<\/p>\n","protected":false},"excerpt":{"rendered":"<p>Oba, \u00e7arp\u0131c\u0131 plajlar\u0131 ve canl\u0131 atmosferiyle bilinen Alanya&#8217;n\u0131n g\u00fczel bir il\u00e7esidir. Bir\u00e7ok ki\u015fi Oba&#8217;y\u0131 Akdeniz&#8217;e yak\u0131n ideal konumu nedeniyle tercih<\/p>\n","protected":false},"featured_media":11460,"comment_status":"open","ping_status":"closed","template":"","meta":[],"product_cat":[77,78,95],"product_tag":[],"country":[109],"district":[193],"selling-type":[118],"property-type":[120],"location":[152],"property-city":[124],"class_list":{"0":"post-11475","1":"product","2":"type-product","3":"status-publish","4":"has-post-thumbnail","6":"product_cat-acil-satilik","7":"product_cat-konut-icin-uygun","8":"product_cat-havuz-manzarasi","9":"country-turkey-tr","10":"district-oba-tr","11":"selling-type-resale-tr","12":"property-type-apartment-tr","13":"location-alanya-tr","14":"property-city-antalya-tr","16":"first","17":"instock","18":"shipping-taxable","19":"purchasable","20":"product-type-simple"},"_links":{"self":[{"href":"https:\/\/www.onurkoserealestate.com\/tr\/wp-json\/wp\/v2\/product\/11475","targetHints":{"allow":["GET"]}}],"collection":[{"href":"https:\/\/www.onurkoserealestate.com\/tr\/wp-json\/wp\/v2\/product"}],"about":[{"href":"https:\/\/www.onurkoserealestate.com\/tr\/wp-json\/wp\/v2\/types\/product"}],"replies":[{"embeddable":true,"href":"https:\/\/www.onurkoserealestate.com\/tr\/wp-json\/wp\/v2\/comments?post=11475"}],"wp:featuredmedia":[{"embeddable":true,"href":"https:\/\/www.onurkoserealestate.com\/tr\/wp-json\/wp\/v2\/media\/11460"}],"wp:attachment":[{"href":"https:\/\/www.onurkoserealestate.com\/tr\/wp-json\/wp\/v2\/media?parent=11475"}],"wp:term":[{"taxonomy":"product_cat","embeddable":true,"href":"https:\/\/www.onurkoserealestate.com\/tr\/wp-json\/wp\/v2\/product_cat?post=11475"},{"taxonomy":"product_tag","embeddable":true,"href":"https:\/\/www.onurkoserealestate.com\/tr\/wp-json\/wp\/v2\/product_tag?post=11475"},{"taxonomy":"country","embeddable":true,"href":"https:\/\/www.onurkoserealestate.com\/tr\/wp-json\/wp\/v2\/country?post=11475"},{"taxonomy":"district","embeddable":true,"href":"https:\/\/www.onurkoserealestate.com\/tr\/wp-json\/wp\/v2\/district?post=11475"},{"taxonomy":"selling-type","embeddable":true,"href":"https:\/\/www.onurkoserealestate.com\/tr\/wp-json\/wp\/v2\/selling-type?post=11475"},{"taxonomy":"property-type","embeddable":true,"href":"https:\/\/www.onurkoserealestate.com\/tr\/wp-json\/wp\/v2\/property-type?post=11475"},{"taxonomy":"location","embeddable":true,"href":"https:\/\/www.onurkoserealestate.com\/tr\/wp-json\/wp\/v2\/location?post=11475"},{"taxonomy":"property-city","embeddable":true,"href":"https:\/\/www.onurkoserealestate.com\/tr\/wp-json\/wp\/v2\/property-city?post=11475"}],"curies":[{"name":"wp","href":"https:\/\/api.w.org\/{rel}","templated":true}]}}