{"id":11643,"date":"2024-07-18T09:28:34","date_gmt":"2024-07-18T09:28:34","guid":{"rendered":"https:\/\/www.onurkoserealestate.com\/product\/tosmur-21-hayalinizdeki-ev-icin-en-iyi-nokta\/"},"modified":"2024-07-18T09:28:34","modified_gmt":"2024-07-18T09:28:34","slug":"tosmur-the-best-spot-for-your-21-dream-home","status":"publish","type":"product","link":"https:\/\/www.onurkoserealestate.com\/tr\/product\/tosmur-the-best-spot-for-your-21-dream-home\/","title":{"rendered":"Tosmur: 2+1 Hayalinizdeki Ev \u0130\u00e7in En \u0130yi Nokta"},"content":{"rendered":"<p>Tosmur, Alanya&#8217;da konfor ve k\u0131y\u0131 ya\u015fam\u0131n\u0131n m\u00fckemmel bir kar\u0131\u015f\u0131m\u0131n\u0131 sunan canl\u0131 bir il\u00e7edir. Tosmur&#8217;da ya\u015famak, sadece k\u0131sa bir y\u00fcr\u00fcy\u00fc\u015f mesafesindeki bir\u00e7ok m\u00fclk ile g\u00fczel plajlara kolay eri\u015fim sa\u011flar. Tosmur sakinleri, canl\u0131 bir topluluk atmosferine katk\u0131da bulunan ma\u011fazalar, kafeler ve parklar gibi \u00e7e\u015fitli olanaklardan yararlanmaktad\u0131r. Tosmur&#8217;daki 2+1 ve 3+1 se\u00e7enekleri gibi geni\u015f daireler, hem ailelere hem de bireylere hitap ederek buray\u0131 ev olarak adland\u0131rmak i\u00e7in ideal bir yer haline getiriyor. Muhte\u015fem deniz manzaras\u0131 ve samimi kom\u015fuluk ili\u015fkileri pek \u00e7ok ki\u015fiyi Tosmur&#8217;a \u00e7ekmektedir. Tosmur&#8217;un e\u015fsiz cazibesi hem yerel halk\u0131 hem de gurbet\u00e7ileri cezbetmekte ve herkes i\u00e7in s\u0131cak bir ortam olu\u015fturmaktad\u0131r. \u0130ster yerel pazar\u0131 ke\u015ffedin ister havuz kenar\u0131nda dinlenin, Tosmur&#8217;da herkes i\u00e7in bir \u015feyler vard\u0131r. B\u00f6lgenin Alanya \u015fehir merkezine yak\u0131nl\u0131\u011f\u0131, sakinlerinin sakin bir ortamda ya\u015farken kentsel kolayl\u0131klardan yararlanabilmelerini sa\u011flar. Sakinlik ve aktivitenin bir kar\u0131\u015f\u0131m\u0131n\u0131 arayanlar i\u00e7in Tosmur m\u00fckemmel bir se\u00e7imdir. Genel olarak Tosmur, Akdeniz ya\u015fam tarz\u0131n\u0131 benimsemek isteyen herkes i\u00e7in harika bir yer olarak \u00f6ne \u00e7\u0131kmaktad\u0131r. Neden bu kadar \u00e7ok ki\u015finin Tosmur&#8217;u evleri olarak se\u00e7ti\u011fini ke\u015ffedin ve bu harika il\u00e7enin sundu\u011fu her \u015feyin tad\u0131n\u0131 \u00e7\u0131kar\u0131n!<\/p>\n","protected":false},"excerpt":{"rendered":"<p>Tosmur, Alanya&#8217;da konfor ve k\u0131y\u0131 ya\u015fam\u0131n\u0131n m\u00fckemmel bir kar\u0131\u015f\u0131m\u0131n\u0131 sunan canl\u0131 bir il\u00e7edir. Tosmur&#8217;da ya\u015famak, sadece k\u0131sa bir y\u00fcr\u00fcy\u00fc\u015f mesafesindeki<\/p>\n","protected":false},"featured_media":11580,"comment_status":"open","ping_status":"closed","template":"","meta":[],"product_cat":[77,101],"product_tag":[],"country":[109],"district":[199],"selling-type":[118],"property-type":[120],"location":[152],"property-city":[124],"class_list":{"0":"post-11643","1":"product","2":"type-product","3":"status-publish","4":"has-post-thumbnail","6":"product_cat-acil-satilik","7":"product_cat-deniz-manzarali","8":"country-turkey-tr","9":"district-tosmur-tr","10":"selling-type-resale-tr","11":"property-type-apartment-tr","12":"location-alanya-tr","13":"property-city-antalya-tr","15":"first","16":"instock","17":"shipping-taxable","18":"purchasable","19":"product-type-simple"},"_links":{"self":[{"href":"https:\/\/www.onurkoserealestate.com\/tr\/wp-json\/wp\/v2\/product\/11643","targetHints":{"allow":["GET"]}}],"collection":[{"href":"https:\/\/www.onurkoserealestate.com\/tr\/wp-json\/wp\/v2\/product"}],"about":[{"href":"https:\/\/www.onurkoserealestate.com\/tr\/wp-json\/wp\/v2\/types\/product"}],"replies":[{"embeddable":true,"href":"https:\/\/www.onurkoserealestate.com\/tr\/wp-json\/wp\/v2\/comments?post=11643"}],"wp:featuredmedia":[{"embeddable":true,"href":"https:\/\/www.onurkoserealestate.com\/tr\/wp-json\/wp\/v2\/media\/11580"}],"wp:attachment":[{"href":"https:\/\/www.onurkoserealestate.com\/tr\/wp-json\/wp\/v2\/media?parent=11643"}],"wp:term":[{"taxonomy":"product_cat","embeddable":true,"href":"https:\/\/www.onurkoserealestate.com\/tr\/wp-json\/wp\/v2\/product_cat?post=11643"},{"taxonomy":"product_tag","embeddable":true,"href":"https:\/\/www.onurkoserealestate.com\/tr\/wp-json\/wp\/v2\/product_tag?post=11643"},{"taxonomy":"country","embeddable":true,"href":"https:\/\/www.onurkoserealestate.com\/tr\/wp-json\/wp\/v2\/country?post=11643"},{"taxonomy":"district","embeddable":true,"href":"https:\/\/www.onurkoserealestate.com\/tr\/wp-json\/wp\/v2\/district?post=11643"},{"taxonomy":"selling-type","embeddable":true,"href":"https:\/\/www.onurkoserealestate.com\/tr\/wp-json\/wp\/v2\/selling-type?post=11643"},{"taxonomy":"property-type","embeddable":true,"href":"https:\/\/www.onurkoserealestate.com\/tr\/wp-json\/wp\/v2\/property-type?post=11643"},{"taxonomy":"location","embeddable":true,"href":"https:\/\/www.onurkoserealestate.com\/tr\/wp-json\/wp\/v2\/location?post=11643"},{"taxonomy":"property-city","embeddable":true,"href":"https:\/\/www.onurkoserealestate.com\/tr\/wp-json\/wp\/v2\/property-city?post=11643"}],"curies":[{"name":"wp","href":"https:\/\/api.w.org\/{rel}","templated":true}]}}