{"id":11743,"date":"2024-07-18T10:28:17","date_gmt":"2024-07-18T10:28:17","guid":{"rendered":"https:\/\/www.onurkoserealestate.com\/product\/tosmurda-ideal-21-dairenizi-bulun\/"},"modified":"2024-07-18T10:28:17","modified_gmt":"2024-07-18T10:28:17","slug":"find-your-ideal-21-apartment-in-tosmur","status":"publish","type":"product","link":"https:\/\/www.onurkoserealestate.com\/tr\/product\/find-your-ideal-21-apartment-in-tosmur\/","title":{"rendered":"Tosmur&#8217;da ideal 2+1 dairenizi bulun"},"content":{"rendered":"<p>Tosmur, sakinlerine ideal bir ya\u015fam ortam\u0131 sunan Alanya&#8217;n\u0131n g\u00fczel bir mahallesidir. Bir\u00e7ok ki\u015fi Tosmur&#8217;u g\u00fczel plajlar\u0131 ve canl\u0131 toplumu nedeniyle tercih etmektedir. Tosmur&#8217;da konaklayanlar ma\u011fazalar, kafeler ve parklar gibi yerel olanaklara kolay eri\u015fim imkan\u0131na sahiptir. Tosmur&#8217;daki daireler, \u00f6zellikle de pop\u00fcler 2+1 se\u00e7enekleri, aileler i\u00e7in m\u00fckemmel olan geni\u015f ya\u015fam alanlar\u0131 sunmaktad\u0131r. Tosmur ayn\u0131 zamanda samimi atmosferi ile de bilinmektedir ve bu da buray\u0131 hem yerel halk hem de gurbet\u00e7iler i\u00e7in s\u0131cak bir yer haline getirmektedir. Denize yak\u0131nl\u0131\u011f\u0131 sayesinde Tosmur sakinleri nefes kesici manzaralar\u0131n ve rahat bir ya\u015fam tarz\u0131n\u0131n tad\u0131n\u0131 \u00e7\u0131karabilir. Tosmur&#8217;un canl\u0131 atmosferi, huzur ve aktivitenin bir kar\u0131\u015f\u0131m\u0131n\u0131 arayanlar\u0131 cezbetmektedir. Ayr\u0131ca, Tosmur&#8217;un stratejik konumu Alanya&#8217;n\u0131n \u015fehir merkezine kolay eri\u015fim sa\u011flayarak t\u00fcm kentsel kolayl\u0131klar\u0131n elinizin alt\u0131nda olmas\u0131n\u0131 sa\u011flar. Bir\u00e7ok aile, topluluk ruhu ve g\u00fcvenli ortam\u0131 nedeniyle Tosmur&#8217;da ya\u015famaktan memnuniyet duymaktad\u0131r. \u0130ster plajda bir g\u00fcn ge\u00e7irin ister yerel pazarlar\u0131 ke\u015ffedin, Tosmur e\u015fsiz bir cazibe sunuyor. Genel olarak Tosmur, Akdeniz ya\u015fam tarz\u0131n\u0131 benimsemek isteyen herkes i\u00e7in harika bir se\u00e7im olarak \u00f6ne \u00e7\u0131k\u0131yor. Tosmur&#8217;un sundu\u011fu her \u015feyi ve neden hem ev al\u0131c\u0131lar\u0131 hem de yat\u0131r\u0131mc\u0131lar aras\u0131nda giderek daha pop\u00fcler hale geldi\u011fini ke\u015ffedin!<\/p>\n","protected":false},"excerpt":{"rendered":"<p>Tosmur, sakinlerine ideal bir ya\u015fam ortam\u0131 sunan Alanya&#8217;n\u0131n g\u00fczel bir mahallesidir. Bir\u00e7ok ki\u015fi Tosmur&#8217;u g\u00fczel plajlar\u0131 ve canl\u0131 toplumu nedeniyle<\/p>\n","protected":false},"featured_media":11648,"comment_status":"open","ping_status":"closed","template":"","meta":[],"product_cat":[77,78,95],"product_tag":[],"country":[109],"district":[199],"selling-type":[118],"property-type":[120],"location":[152],"property-city":[124],"class_list":{"0":"post-11743","1":"product","2":"type-product","3":"status-publish","4":"has-post-thumbnail","6":"product_cat-acil-satilik","7":"product_cat-konut-icin-uygun","8":"product_cat-havuz-manzarasi","9":"country-turkey-tr","10":"district-tosmur-tr","11":"selling-type-resale-tr","12":"property-type-apartment-tr","13":"location-alanya-tr","14":"property-city-antalya-tr","16":"first","17":"instock","18":"shipping-taxable","19":"purchasable","20":"product-type-simple"},"_links":{"self":[{"href":"https:\/\/www.onurkoserealestate.com\/tr\/wp-json\/wp\/v2\/product\/11743","targetHints":{"allow":["GET"]}}],"collection":[{"href":"https:\/\/www.onurkoserealestate.com\/tr\/wp-json\/wp\/v2\/product"}],"about":[{"href":"https:\/\/www.onurkoserealestate.com\/tr\/wp-json\/wp\/v2\/types\/product"}],"replies":[{"embeddable":true,"href":"https:\/\/www.onurkoserealestate.com\/tr\/wp-json\/wp\/v2\/comments?post=11743"}],"wp:featuredmedia":[{"embeddable":true,"href":"https:\/\/www.onurkoserealestate.com\/tr\/wp-json\/wp\/v2\/media\/11648"}],"wp:attachment":[{"href":"https:\/\/www.onurkoserealestate.com\/tr\/wp-json\/wp\/v2\/media?parent=11743"}],"wp:term":[{"taxonomy":"product_cat","embeddable":true,"href":"https:\/\/www.onurkoserealestate.com\/tr\/wp-json\/wp\/v2\/product_cat?post=11743"},{"taxonomy":"product_tag","embeddable":true,"href":"https:\/\/www.onurkoserealestate.com\/tr\/wp-json\/wp\/v2\/product_tag?post=11743"},{"taxonomy":"country","embeddable":true,"href":"https:\/\/www.onurkoserealestate.com\/tr\/wp-json\/wp\/v2\/country?post=11743"},{"taxonomy":"district","embeddable":true,"href":"https:\/\/www.onurkoserealestate.com\/tr\/wp-json\/wp\/v2\/district?post=11743"},{"taxonomy":"selling-type","embeddable":true,"href":"https:\/\/www.onurkoserealestate.com\/tr\/wp-json\/wp\/v2\/selling-type?post=11743"},{"taxonomy":"property-type","embeddable":true,"href":"https:\/\/www.onurkoserealestate.com\/tr\/wp-json\/wp\/v2\/property-type?post=11743"},{"taxonomy":"location","embeddable":true,"href":"https:\/\/www.onurkoserealestate.com\/tr\/wp-json\/wp\/v2\/location?post=11743"},{"taxonomy":"property-city","embeddable":true,"href":"https:\/\/www.onurkoserealestate.com\/tr\/wp-json\/wp\/v2\/property-city?post=11743"}],"curies":[{"name":"wp","href":"https:\/\/api.w.org\/{rel}","templated":true}]}}