{"id":12789,"date":"2024-07-25T10:12:31","date_gmt":"2024-07-25T10:12:31","guid":{"rendered":"https:\/\/www.onurkoserealestate.com\/product\/bu-11-daire-ile-kestelin-cazibesini-kesfedin\/"},"modified":"2024-07-25T10:12:31","modified_gmt":"2024-07-25T10:12:31","slug":"explore-the-charm-of-kestel-with-this-11-apartment","status":"publish","type":"product","link":"https:\/\/www.onurkoserealestate.com\/tr\/product\/explore-the-charm-of-kestel-with-this-11-apartment\/","title":{"rendered":"Bu 1+1 Daire ile Kestel&#8217;in Cazibesini Ke\u015ffedin"},"content":{"rendered":"<div class=\"flex-shrink-0 flex flex-col relative items-end\">\n<div class=\"pt-0\">\n<div class=\"gizmo-bot-avatar flex h-8 w-8 items-center justify-center overflow-hidden rounded-full\">\n<div class=\"relative p-1 rounded-sm flex items-center justify-center bg-token-main-surface-primary text-token-text-primary h-8 w-8\"> Kestel&#8217;de yer alan bu b\u00fcy\u00fcleyici 1 yatak odal\u0131 daire, konforlu bir ya\u015fam i\u00e7in ideal olan rahat bir a\u00e7\u0131k mutfak ve oturma alan\u0131 sunmaktad\u0131r. 55 metrekare b\u00fcy\u00fckl\u00fc\u011f\u00fcndeki daire, 2012 y\u0131l\u0131nda in\u015fa edilmi\u015f modern bir binan\u0131n 4. kat\u0131nda yer almaktad\u0131r. \u0130lk g\u00fcnden itibaren kolayl\u0131k sa\u011flamak i\u00e7in tamamen mobilyal\u0131 olarak gelir. \u00d6ne \u00e7\u0131kan \u00f6zelliklerinden biri, sadece 200 metre uzakl\u0131ktaki denize yak\u0131nl\u0131\u011f\u0131d\u0131r ve deniz kenar\u0131nda y\u00fcr\u00fcy\u00fc\u015f yapmaktan ve sahil kenar\u0131nda dinlenmekten ho\u015flananlar i\u00e7in m\u00fckemmeldir. Kompleks ayr\u0131ca serinletici bir havuz, rahat asans\u00f6r eri\u015fimi, \u00f6zel otopark ve \u00e7ocuk oyun alan\u0131 gibi olanaklara sahiptir ve bu sayede hem aileler hem de bireyler i\u00e7in uygundur. \u0130ster kal\u0131c\u0131 bir konut ister tatil evi ar\u0131yor olun, bu daire, Kestel&#8217;in g\u00fczel sahil \u015feridine yak\u0131n arzu edilen bir konumda, modern ya\u015fam ve e\u011flence olanaklar\u0131n\u0131n bir kar\u0131\u015f\u0131m\u0131n\u0131 sunmaktad\u0131r. <\/div>\n<\/div>\n<\/div>\n<\/div>\n","protected":false},"excerpt":{"rendered":"<p>Kestel&#8217;de yer alan bu b\u00fcy\u00fcleyici 1 yatak odal\u0131 daire, konforlu bir ya\u015fam i\u00e7in ideal olan rahat bir a\u00e7\u0131k mutfak ve<\/p>\n","protected":false},"featured_media":12758,"comment_status":"open","ping_status":"closed","template":"","meta":[],"product_cat":[101,95],"product_tag":[],"country":[109],"district":[200],"selling-type":[118],"property-type":[120],"location":[152],"property-city":[124],"class_list":{"0":"post-12789","1":"product","2":"type-product","3":"status-publish","4":"has-post-thumbnail","6":"product_cat-deniz-manzarali","7":"product_cat-havuz-manzarasi","8":"country-turkey-tr","9":"district-kestel-tr","10":"selling-type-resale-tr","11":"property-type-apartment-tr","12":"location-alanya-tr","13":"property-city-antalya-tr","15":"first","16":"instock","17":"shipping-taxable","18":"purchasable","19":"product-type-simple"},"_links":{"self":[{"href":"https:\/\/www.onurkoserealestate.com\/tr\/wp-json\/wp\/v2\/product\/12789","targetHints":{"allow":["GET"]}}],"collection":[{"href":"https:\/\/www.onurkoserealestate.com\/tr\/wp-json\/wp\/v2\/product"}],"about":[{"href":"https:\/\/www.onurkoserealestate.com\/tr\/wp-json\/wp\/v2\/types\/product"}],"replies":[{"embeddable":true,"href":"https:\/\/www.onurkoserealestate.com\/tr\/wp-json\/wp\/v2\/comments?post=12789"}],"wp:featuredmedia":[{"embeddable":true,"href":"https:\/\/www.onurkoserealestate.com\/tr\/wp-json\/wp\/v2\/media\/12758"}],"wp:attachment":[{"href":"https:\/\/www.onurkoserealestate.com\/tr\/wp-json\/wp\/v2\/media?parent=12789"}],"wp:term":[{"taxonomy":"product_cat","embeddable":true,"href":"https:\/\/www.onurkoserealestate.com\/tr\/wp-json\/wp\/v2\/product_cat?post=12789"},{"taxonomy":"product_tag","embeddable":true,"href":"https:\/\/www.onurkoserealestate.com\/tr\/wp-json\/wp\/v2\/product_tag?post=12789"},{"taxonomy":"country","embeddable":true,"href":"https:\/\/www.onurkoserealestate.com\/tr\/wp-json\/wp\/v2\/country?post=12789"},{"taxonomy":"district","embeddable":true,"href":"https:\/\/www.onurkoserealestate.com\/tr\/wp-json\/wp\/v2\/district?post=12789"},{"taxonomy":"selling-type","embeddable":true,"href":"https:\/\/www.onurkoserealestate.com\/tr\/wp-json\/wp\/v2\/selling-type?post=12789"},{"taxonomy":"property-type","embeddable":true,"href":"https:\/\/www.onurkoserealestate.com\/tr\/wp-json\/wp\/v2\/property-type?post=12789"},{"taxonomy":"location","embeddable":true,"href":"https:\/\/www.onurkoserealestate.com\/tr\/wp-json\/wp\/v2\/location?post=12789"},{"taxonomy":"property-city","embeddable":true,"href":"https:\/\/www.onurkoserealestate.com\/tr\/wp-json\/wp\/v2\/property-city?post=12789"}],"curies":[{"name":"wp","href":"https:\/\/api.w.org\/{rel}","templated":true}]}}