{"id":13058,"date":"2024-07-26T09:03:46","date_gmt":"2024-07-26T09:03:46","guid":{"rendered":"https:\/\/www.onurkoserealestate.com\/product\/deniz-kenari-huzuru-kestelde-mobilyali-11-daire\/"},"modified":"2024-07-26T09:03:46","modified_gmt":"2024-07-26T09:03:46","slug":"seaside-serenity-furnished-11-apartment-in-kestel","status":"publish","type":"product","link":"https:\/\/www.onurkoserealestate.com\/tr\/product\/seaside-serenity-furnished-11-apartment-in-kestel\/","title":{"rendered":"Deniz Kenar\u0131 Huzuru: Kestel&#8217;de Mobilyal\u0131 1+1 Daire"},"content":{"rendered":"<p>Kestel&#8217;de 2012 y\u0131l\u0131nda in\u015fa edilmi\u015f modern bir binan\u0131n 4. kat\u0131nda yer alan bu geni\u015f 1 yatak odal\u0131 daireyi ke\u015ffedin. 75 metrekareye yay\u0131lan dairede a\u00e7\u0131k mutfak bulunmaktad\u0131r ve hemen kullan\u0131m i\u00e7in tamamen mobilyal\u0131d\u0131r. Deniz kenar\u0131nda yer alan site sakinleri nefes kesici manzaran\u0131n ve plaja kolay eri\u015fimin keyfini \u00e7\u0131karmaktad\u0131r. Kompleks, a\u00e7\u0131k ve kapal\u0131 havuzlar, rahatlamak i\u00e7in sauna, kullan\u0131\u015fl\u0131 bir asans\u00f6r ve \u00f6zel otopark gibi bir dizi olanak sunmaktad\u0131r. Hem daimi ikamet hem de tatil evi olarak ideal olan Kestel&#8217;deki bu daire, konfor, modern ya\u015fam ve tatil k\u00f6y\u00fc benzeri olanaklar\u0131 cazip bir k\u0131y\u0131 ortam\u0131nda bir araya getirmektedir.    <\/p>\n","protected":false},"excerpt":{"rendered":"<p>Kestel&#8217;de 2012 y\u0131l\u0131nda in\u015fa edilmi\u015f modern bir binan\u0131n 4. kat\u0131nda yer alan bu geni\u015f 1 yatak odal\u0131 daireyi ke\u015ffedin. 75<\/p>\n","protected":false},"featured_media":13035,"comment_status":"open","ping_status":"closed","template":"","meta":[],"product_cat":[77,101,95],"product_tag":[],"country":[109],"district":[200],"selling-type":[118],"property-type":[120],"location":[152],"property-city":[124],"class_list":{"0":"post-13058","1":"product","2":"type-product","3":"status-publish","4":"has-post-thumbnail","6":"product_cat-acil-satilik","7":"product_cat-deniz-manzarali","8":"product_cat-havuz-manzarasi","9":"country-turkey-tr","10":"district-kestel-tr","11":"selling-type-resale-tr","12":"property-type-apartment-tr","13":"location-alanya-tr","14":"property-city-antalya-tr","16":"first","17":"instock","18":"shipping-taxable","19":"purchasable","20":"product-type-simple"},"_links":{"self":[{"href":"https:\/\/www.onurkoserealestate.com\/tr\/wp-json\/wp\/v2\/product\/13058","targetHints":{"allow":["GET"]}}],"collection":[{"href":"https:\/\/www.onurkoserealestate.com\/tr\/wp-json\/wp\/v2\/product"}],"about":[{"href":"https:\/\/www.onurkoserealestate.com\/tr\/wp-json\/wp\/v2\/types\/product"}],"replies":[{"embeddable":true,"href":"https:\/\/www.onurkoserealestate.com\/tr\/wp-json\/wp\/v2\/comments?post=13058"}],"wp:featuredmedia":[{"embeddable":true,"href":"https:\/\/www.onurkoserealestate.com\/tr\/wp-json\/wp\/v2\/media\/13035"}],"wp:attachment":[{"href":"https:\/\/www.onurkoserealestate.com\/tr\/wp-json\/wp\/v2\/media?parent=13058"}],"wp:term":[{"taxonomy":"product_cat","embeddable":true,"href":"https:\/\/www.onurkoserealestate.com\/tr\/wp-json\/wp\/v2\/product_cat?post=13058"},{"taxonomy":"product_tag","embeddable":true,"href":"https:\/\/www.onurkoserealestate.com\/tr\/wp-json\/wp\/v2\/product_tag?post=13058"},{"taxonomy":"country","embeddable":true,"href":"https:\/\/www.onurkoserealestate.com\/tr\/wp-json\/wp\/v2\/country?post=13058"},{"taxonomy":"district","embeddable":true,"href":"https:\/\/www.onurkoserealestate.com\/tr\/wp-json\/wp\/v2\/district?post=13058"},{"taxonomy":"selling-type","embeddable":true,"href":"https:\/\/www.onurkoserealestate.com\/tr\/wp-json\/wp\/v2\/selling-type?post=13058"},{"taxonomy":"property-type","embeddable":true,"href":"https:\/\/www.onurkoserealestate.com\/tr\/wp-json\/wp\/v2\/property-type?post=13058"},{"taxonomy":"location","embeddable":true,"href":"https:\/\/www.onurkoserealestate.com\/tr\/wp-json\/wp\/v2\/location?post=13058"},{"taxonomy":"property-city","embeddable":true,"href":"https:\/\/www.onurkoserealestate.com\/tr\/wp-json\/wp\/v2\/property-city?post=13058"}],"curies":[{"name":"wp","href":"https:\/\/api.w.org\/{rel}","templated":true}]}}