{"id":13198,"date":"2024-07-26T09:38:58","date_gmt":"2024-07-26T09:38:58","guid":{"rendered":"https:\/\/www.onurkoserealestate.com\/product\/kestelde-gunluk-yasam-sosyal-olanaklar-ve-eglence-secenekleri\/"},"modified":"2024-07-26T09:38:58","modified_gmt":"2024-07-26T09:38:58","slug":"daily-life-in-kestel-social-amenities-and-entertainment-options","status":"publish","type":"product","link":"https:\/\/www.onurkoserealestate.com\/tr\/product\/daily-life-in-kestel-social-amenities-and-entertainment-options\/","title":{"rendered":"Kestel&#8217;de G\u00fcnl\u00fck Ya\u015fam: Sosyal Olanaklar ve E\u011flence Se\u00e7enekleri"},"content":{"rendered":"<p>Kestel, pitoresk g\u00fczelli\u011fi ve m\u00fckemmel olanaklar\u0131yla bilinen b\u00fcy\u00fcleyici bir il\u00e7edir. Kestel&#8217;de ya\u015famak, denize yak\u0131n olman\u0131n avantaj\u0131n\u0131 sunar ve Kestel&#8217;dekiler de dahil olmak \u00fczere bir\u00e7ok m\u00fclk muhte\u015fem deniz manzaras\u0131 sunar. Kestel&#8217;deki emlak piyasas\u0131, modern dairelerden daha geleneksel evlere kadar \u00e7e\u015fitli se\u00e7eneklerle canl\u0131d\u0131r. Kestel sadece \u00e7ekici konutlar\u0131yla de\u011fil, ayn\u0131 zamanda geli\u015fmi\u015f altyap\u0131s\u0131yla da tan\u0131nmaktad\u0131r. Kestel sakinleri, a\u00e7\u0131k ve kapal\u0131 havuzlar, saunalar ve hamamlar da dahil olmak \u00fczere \u00e7e\u015fitli dinlenme tesislerine eri\u015fimin keyfini \u00e7\u0131karmaktad\u0131r. B\u00f6lgenin denize yak\u0131nl\u0131\u011f\u0131 ve m\u00fckemmel olanaklar\u0131 Kestel&#8217;i ya\u015famak i\u00e7in cazip bir yer haline getirmektedir. \u0130ster rahat bir daire ister daha l\u00fcks bir konut ar\u0131yor olun, Kestel&#8217;in size sunaca\u011f\u0131 bir \u015feyler vard\u0131r. Kestel&#8217;deki topluluk duygusu, buray\u0131 yeni gelenler i\u00e7in ho\u015f bir yer haline getirerek cazibesini art\u0131rmaktad\u0131r. \u00d6zetle Kestel, do\u011fal g\u00fczellikleri modern olanaklarla birle\u015ftirerek hem dinlenmek hem de aktif bir ya\u015fam s\u00fcrmek i\u00e7in ideal bir ortam yaratmaktad\u0131r.        <\/p>\n","protected":false},"excerpt":{"rendered":"<p>Kestel, pitoresk g\u00fczelli\u011fi ve m\u00fckemmel olanaklar\u0131yla bilinen b\u00fcy\u00fcleyici bir il\u00e7edir. Kestel&#8217;de ya\u015famak, denize yak\u0131n olman\u0131n avantaj\u0131n\u0131 sunar ve Kestel&#8217;dekiler de<\/p>\n","protected":false},"featured_media":13063,"comment_status":"open","ping_status":"closed","template":"","meta":[],"product_cat":[77,95],"product_tag":[],"country":[109],"district":[200],"selling-type":[118],"property-type":[120],"location":[152],"property-city":[124],"class_list":{"0":"post-13198","1":"product","2":"type-product","3":"status-publish","4":"has-post-thumbnail","6":"product_cat-acil-satilik","7":"product_cat-havuz-manzarasi","8":"country-turkey-tr","9":"district-kestel-tr","10":"selling-type-resale-tr","11":"property-type-apartment-tr","12":"location-alanya-tr","13":"property-city-antalya-tr","15":"first","16":"instock","17":"shipping-taxable","18":"purchasable","19":"product-type-simple"},"_links":{"self":[{"href":"https:\/\/www.onurkoserealestate.com\/tr\/wp-json\/wp\/v2\/product\/13198","targetHints":{"allow":["GET"]}}],"collection":[{"href":"https:\/\/www.onurkoserealestate.com\/tr\/wp-json\/wp\/v2\/product"}],"about":[{"href":"https:\/\/www.onurkoserealestate.com\/tr\/wp-json\/wp\/v2\/types\/product"}],"replies":[{"embeddable":true,"href":"https:\/\/www.onurkoserealestate.com\/tr\/wp-json\/wp\/v2\/comments?post=13198"}],"wp:featuredmedia":[{"embeddable":true,"href":"https:\/\/www.onurkoserealestate.com\/tr\/wp-json\/wp\/v2\/media\/13063"}],"wp:attachment":[{"href":"https:\/\/www.onurkoserealestate.com\/tr\/wp-json\/wp\/v2\/media?parent=13198"}],"wp:term":[{"taxonomy":"product_cat","embeddable":true,"href":"https:\/\/www.onurkoserealestate.com\/tr\/wp-json\/wp\/v2\/product_cat?post=13198"},{"taxonomy":"product_tag","embeddable":true,"href":"https:\/\/www.onurkoserealestate.com\/tr\/wp-json\/wp\/v2\/product_tag?post=13198"},{"taxonomy":"country","embeddable":true,"href":"https:\/\/www.onurkoserealestate.com\/tr\/wp-json\/wp\/v2\/country?post=13198"},{"taxonomy":"district","embeddable":true,"href":"https:\/\/www.onurkoserealestate.com\/tr\/wp-json\/wp\/v2\/district?post=13198"},{"taxonomy":"selling-type","embeddable":true,"href":"https:\/\/www.onurkoserealestate.com\/tr\/wp-json\/wp\/v2\/selling-type?post=13198"},{"taxonomy":"property-type","embeddable":true,"href":"https:\/\/www.onurkoserealestate.com\/tr\/wp-json\/wp\/v2\/property-type?post=13198"},{"taxonomy":"location","embeddable":true,"href":"https:\/\/www.onurkoserealestate.com\/tr\/wp-json\/wp\/v2\/location?post=13198"},{"taxonomy":"property-city","embeddable":true,"href":"https:\/\/www.onurkoserealestate.com\/tr\/wp-json\/wp\/v2\/property-city?post=13198"}],"curies":[{"name":"wp","href":"https:\/\/api.w.org\/{rel}","templated":true}]}}