{"id":13932,"date":"2024-08-06T11:37:39","date_gmt":"2024-08-06T11:37:39","guid":{"rendered":"https:\/\/www.onurkoserealestate.com\/product\/kestel-bir-sonraki-eviniz-icin-neden-ideal-konumda\/"},"modified":"2024-08-06T11:37:39","modified_gmt":"2024-08-06T11:37:39","slug":"why-kestel-is-the-ideal-location-for-your-next-home","status":"publish","type":"product","link":"https:\/\/www.onurkoserealestate.com\/tr\/product\/why-kestel-is-the-ideal-location-for-your-next-home\/","title":{"rendered":"Kestel Bir Sonraki Eviniz \u0130\u00e7in Neden \u0130deal Konumda?"},"content":{"rendered":"<p>Kestel, sakinleri i\u00e7in \u00e7e\u015fitli cazip \u00f6zellikler sunan b\u00fcy\u00fcleyici bir b\u00f6lgedir. Kestel&#8217;de ya\u015famak, her iki d\u00fcnyan\u0131n da en iyisinin tad\u0131n\u0131 \u00e7\u0131karmak anlam\u0131na gelir: daha az kalabal\u0131k bir mahallenin huzuru ve denize yak\u0131nl\u0131k. Kestel b\u00f6lgesi, Kestel&#8217;deki dikkate de\u011fer 1+1 A\u00e7\u0131k Mutfak daireler de dahil olmak \u00fczere g\u00fczel dairelere ve modern komplekslere sahiptir. Genellikle son y\u0131llar\u0131n bak\u0131ml\u0131 binalar\u0131nda yer alan bu daireler, rahatl\u0131k ve konfor sunmaktad\u0131r. Kestel toplumu, kompleksler i\u00e7inde y\u00fczme havuzlar\u0131, fitness merkezleri ve saunalar gibi \u00e7e\u015fitli olanaklardan yararlanmaktad\u0131r. A\u00e7\u0131k hava etkinliklerini sevenler i\u00e7in Kestel&#8217;in barbek\u00fc alanlar\u0131 ve ye\u015fil alanlar\u0131 m\u00fckemmel mekanlar sunmaktad\u0131r. Ayr\u0131ca, Kestel&#8217;in sadece 500 metre uzakl\u0131ktaki denize yak\u0131nl\u0131\u011f\u0131, buray\u0131 plaj severler i\u00e7in cazip bir yer haline getirmektedir. \u0130ster huzurlu bir inziva ister aktif bir ya\u015fam tarz\u0131 ar\u0131yor olun, Kestel her y\u00f6nden size hizmet ediyor. Modern olanaklar ve do\u011fal \u00e7evrenin harmanlanmas\u0131yla Kestel, ger\u00e7ekten \u00f6ne \u00e7\u0131kan bir yerdir. Ta\u015f\u0131nmay\u0131 veya yat\u0131r\u0131m yapmay\u0131 d\u00fc\u015f\u00fcn\u00fcyorsan\u0131z, Kestel kesinlikle radar\u0131n\u0131zda olmal\u0131.         <\/p>\n","protected":false},"excerpt":{"rendered":"<p>Kestel, sakinleri i\u00e7in \u00e7e\u015fitli cazip \u00f6zellikler sunan b\u00fcy\u00fcleyici bir b\u00f6lgedir. Kestel&#8217;de ya\u015famak, her iki d\u00fcnyan\u0131n da en iyisinin tad\u0131n\u0131 \u00e7\u0131karmak<\/p>\n","protected":false},"featured_media":13849,"comment_status":"open","ping_status":"closed","template":"","meta":[],"product_cat":[77],"product_tag":[],"country":[109],"district":[200],"selling-type":[118],"property-type":[120],"location":[152],"property-city":[124],"class_list":{"0":"post-13932","1":"product","2":"type-product","3":"status-publish","4":"has-post-thumbnail","6":"product_cat-acil-satilik","7":"country-turkey-tr","8":"district-kestel-tr","9":"selling-type-resale-tr","10":"property-type-apartment-tr","11":"location-alanya-tr","12":"property-city-antalya-tr","14":"first","15":"instock","16":"shipping-taxable","17":"purchasable","18":"product-type-simple"},"_links":{"self":[{"href":"https:\/\/www.onurkoserealestate.com\/tr\/wp-json\/wp\/v2\/product\/13932","targetHints":{"allow":["GET"]}}],"collection":[{"href":"https:\/\/www.onurkoserealestate.com\/tr\/wp-json\/wp\/v2\/product"}],"about":[{"href":"https:\/\/www.onurkoserealestate.com\/tr\/wp-json\/wp\/v2\/types\/product"}],"replies":[{"embeddable":true,"href":"https:\/\/www.onurkoserealestate.com\/tr\/wp-json\/wp\/v2\/comments?post=13932"}],"wp:featuredmedia":[{"embeddable":true,"href":"https:\/\/www.onurkoserealestate.com\/tr\/wp-json\/wp\/v2\/media\/13849"}],"wp:attachment":[{"href":"https:\/\/www.onurkoserealestate.com\/tr\/wp-json\/wp\/v2\/media?parent=13932"}],"wp:term":[{"taxonomy":"product_cat","embeddable":true,"href":"https:\/\/www.onurkoserealestate.com\/tr\/wp-json\/wp\/v2\/product_cat?post=13932"},{"taxonomy":"product_tag","embeddable":true,"href":"https:\/\/www.onurkoserealestate.com\/tr\/wp-json\/wp\/v2\/product_tag?post=13932"},{"taxonomy":"country","embeddable":true,"href":"https:\/\/www.onurkoserealestate.com\/tr\/wp-json\/wp\/v2\/country?post=13932"},{"taxonomy":"district","embeddable":true,"href":"https:\/\/www.onurkoserealestate.com\/tr\/wp-json\/wp\/v2\/district?post=13932"},{"taxonomy":"selling-type","embeddable":true,"href":"https:\/\/www.onurkoserealestate.com\/tr\/wp-json\/wp\/v2\/selling-type?post=13932"},{"taxonomy":"property-type","embeddable":true,"href":"https:\/\/www.onurkoserealestate.com\/tr\/wp-json\/wp\/v2\/property-type?post=13932"},{"taxonomy":"location","embeddable":true,"href":"https:\/\/www.onurkoserealestate.com\/tr\/wp-json\/wp\/v2\/location?post=13932"},{"taxonomy":"property-city","embeddable":true,"href":"https:\/\/www.onurkoserealestate.com\/tr\/wp-json\/wp\/v2\/property-city?post=13932"}],"curies":[{"name":"wp","href":"https:\/\/api.w.org\/{rel}","templated":true}]}}