{"id":14184,"date":"2024-08-16T09:34:00","date_gmt":"2024-08-16T09:34:00","guid":{"rendered":"https:\/\/www.onurkoserealestate.com\/product\/mahmutlarda-konfor-ve-rahatlik-sunan-70-m%c2%b2-11-sik-daire\/"},"modified":"2024-08-16T09:34:00","modified_gmt":"2024-08-16T09:34:00","slug":"elegant-70-m%c2%b2-11-apartment-offering-comfort-and-convenience-in-mahmutlar","status":"publish","type":"product","link":"https:\/\/www.onurkoserealestate.com\/tr\/product\/elegant-70-m%C2%B2-11-apartment-offering-comfort-and-convenience-in-mahmutlar\/","title":{"rendered":"Mahmutlar&#8217;da Konfor ve Rahatl\u0131k Sunan 70 m\u00b2 1+1 \u015e\u0131k Daire"},"content":{"rendered":"<p>Mahmutlar&#8217;\u0131n cazibesini, 2021 y\u0131l\u0131nda in\u015fa edilmi\u015f modern bir binan\u0131n 3. kat\u0131nda m\u00fckemmel bir konuma sahip bu ola\u011fan\u00fcst\u00fc 1 + 1 a\u00e7\u0131k mutfak daire ile ke\u015ffedin. 70 metrekareye yay\u0131lan bu ayd\u0131nl\u0131k ve havadar konut, Mahmutlar&#8217;\u0131n g\u00fczel plajlar\u0131na sadece 400 metre mesafede \u00e7a\u011fda\u015f bir ya\u015fam deneyimi sunuyor. Canl\u0131 k\u0131y\u0131 ya\u015fam tarz\u0131 ve iyi tasarlanm\u0131\u015f bir evin huzuru ile her iki d\u00fcnyan\u0131n da en iyisinin tad\u0131n\u0131 \u00e7\u0131kar\u0131n. Mahmutlar kompleksi, ferahlat\u0131c\u0131 bir y\u00fczme havuzu, son teknoloji \u00fcr\u00fcn\u00fc bir fitness merkezi ve rahatlat\u0131c\u0131 bir sauna dahil olmak \u00fczere g\u00fcnl\u00fck ya\u015fam\u0131n\u0131z\u0131 zenginle\u015ftirecek bir dizi \u00fcst\u00fcn olanakla donat\u0131lm\u0131\u015ft\u0131r. Ayr\u0131ca, tesiste kesintisiz g\u00fc\u00e7 kayna\u011f\u0131 sa\u011flamak i\u00e7in g\u00fcvenilir bir jenerat\u00f6r ve rahat\u0131n\u0131z i\u00e7in geni\u015f bir otopark bulunmaktad\u0131r. Mahmutlar&#8217;da ya\u015famak, denize yak\u0131n olman\u0131n avantaj\u0131yla birlikte konfor ve rahatl\u0131k dolu bir ya\u015fam tarz\u0131n\u0131 benimsemek anlam\u0131na gelir. \u0130ster kal\u0131c\u0131 bir konut ister tatil ama\u00e7l\u0131 bir yer ar\u0131yor olun, bu Mahmutlar dairesi modern ya\u015fam ve k\u0131y\u0131 cazibesinin ideal bir kar\u0131\u015f\u0131m\u0131n\u0131 sunarak b\u00f6lgenin en cazip semtlerinden birinde \u00f6ne \u00e7\u0131kan bir se\u00e7imdir.      <\/p>\n","protected":false},"excerpt":{"rendered":"<p>Mahmutlar&#8217;\u0131n cazibesini, 2021 y\u0131l\u0131nda in\u015fa edilmi\u015f modern bir binan\u0131n 3. kat\u0131nda m\u00fckemmel bir konuma sahip bu ola\u011fan\u00fcst\u00fc 1 + 1<\/p>\n","protected":false},"featured_media":14161,"comment_status":"open","ping_status":"closed","template":"","meta":[],"product_cat":[77,95],"product_tag":[],"country":[109],"district":[186],"selling-type":[118],"property-type":[120],"location":[152],"property-city":[124],"class_list":{"0":"post-14184","1":"product","2":"type-product","3":"status-publish","4":"has-post-thumbnail","6":"product_cat-acil-satilik","7":"product_cat-havuz-manzarasi","8":"country-turkey-tr","9":"district-mahmutlar-tr","10":"selling-type-resale-tr","11":"property-type-apartment-tr","12":"location-alanya-tr","13":"property-city-antalya-tr","15":"first","16":"instock","17":"shipping-taxable","18":"purchasable","19":"product-type-simple"},"_links":{"self":[{"href":"https:\/\/www.onurkoserealestate.com\/tr\/wp-json\/wp\/v2\/product\/14184","targetHints":{"allow":["GET"]}}],"collection":[{"href":"https:\/\/www.onurkoserealestate.com\/tr\/wp-json\/wp\/v2\/product"}],"about":[{"href":"https:\/\/www.onurkoserealestate.com\/tr\/wp-json\/wp\/v2\/types\/product"}],"replies":[{"embeddable":true,"href":"https:\/\/www.onurkoserealestate.com\/tr\/wp-json\/wp\/v2\/comments?post=14184"}],"wp:featuredmedia":[{"embeddable":true,"href":"https:\/\/www.onurkoserealestate.com\/tr\/wp-json\/wp\/v2\/media\/14161"}],"wp:attachment":[{"href":"https:\/\/www.onurkoserealestate.com\/tr\/wp-json\/wp\/v2\/media?parent=14184"}],"wp:term":[{"taxonomy":"product_cat","embeddable":true,"href":"https:\/\/www.onurkoserealestate.com\/tr\/wp-json\/wp\/v2\/product_cat?post=14184"},{"taxonomy":"product_tag","embeddable":true,"href":"https:\/\/www.onurkoserealestate.com\/tr\/wp-json\/wp\/v2\/product_tag?post=14184"},{"taxonomy":"country","embeddable":true,"href":"https:\/\/www.onurkoserealestate.com\/tr\/wp-json\/wp\/v2\/country?post=14184"},{"taxonomy":"district","embeddable":true,"href":"https:\/\/www.onurkoserealestate.com\/tr\/wp-json\/wp\/v2\/district?post=14184"},{"taxonomy":"selling-type","embeddable":true,"href":"https:\/\/www.onurkoserealestate.com\/tr\/wp-json\/wp\/v2\/selling-type?post=14184"},{"taxonomy":"property-type","embeddable":true,"href":"https:\/\/www.onurkoserealestate.com\/tr\/wp-json\/wp\/v2\/property-type?post=14184"},{"taxonomy":"location","embeddable":true,"href":"https:\/\/www.onurkoserealestate.com\/tr\/wp-json\/wp\/v2\/location?post=14184"},{"taxonomy":"property-city","embeddable":true,"href":"https:\/\/www.onurkoserealestate.com\/tr\/wp-json\/wp\/v2\/property-city?post=14184"}],"curies":[{"name":"wp","href":"https:\/\/api.w.org\/{rel}","templated":true}]}}