{"id":14364,"date":"2024-08-16T10:14:06","date_gmt":"2024-08-16T10:14:06","guid":{"rendered":"https:\/\/www.onurkoserealestate.com\/product\/turklerde-modern-yasam-aquapark-ve-tum-olanaklara-sahip-11-daire\/"},"modified":"2024-08-16T10:14:06","modified_gmt":"2024-08-16T10:14:06","slug":"modern-living-in-turkler-11-apartment-with-aquapark-and-full-amenities","status":"publish","type":"product","link":"https:\/\/www.onurkoserealestate.com\/tr\/product\/modern-living-in-turkler-11-apartment-with-aquapark-and-full-amenities\/","title":{"rendered":"T\u00fcrkler&#8217;de Modern Ya\u015fam: Aquapark ve T\u00fcm Olanaklara Sahip 1+1 Daire"},"content":{"rendered":"<p>Prestijli Azura World kompleksinde yer alan T\u00fcrkler&#8217;deki bu \u00e7arp\u0131c\u0131 1+1 a\u00e7\u0131k mutfak daire ile k\u0131y\u0131 ya\u015fam\u0131n\u0131n zirvesini deneyimleyin. 58 metrekarelik bir alana yay\u0131lan ve 4. katta yer alan, 2024 y\u0131l\u0131nda tamamlanan bu yeni in\u015fa edilmi\u015f rezidans, modern konforlar ve ola\u011fan\u00fcst\u00fc bir tarz sunmaktad\u0131r. T\u00fcrkler&#8217;in el de\u011fmemi\u015f plajlar\u0131na sadece 400 metre mesafede, sakin ve \u00e7a\u011fda\u015f bir ortamda ikamet ederken g\u00fcne\u015fe ve denize kolay eri\u015fimin keyfini \u00e7\u0131karacaks\u0131n\u0131z. Azura World kompleksi, her t\u00fcrl\u00fc ihtiyac\u0131n\u0131z\u0131 kar\u015f\u0131lamak \u00fczere tasarlanm\u0131\u015f etkileyici bir dizi olanak sunmaktad\u0131r. Aquapark\u0131n heyecan\u0131na dal\u0131n veya a\u00e7\u0131k ve kapal\u0131 havuzlarda gev\u015feyin. \u0130yi donan\u0131ml\u0131 spor salonunda fitness rutininizi s\u00fcrd\u00fcr\u00fcn, sauna ve hamamda rahatlay\u0131n veya tesis b\u00fcnyesindeki restoranda lezzetli bir yeme\u011fin tad\u0131n\u0131 \u00e7\u0131kar\u0131n. Ayr\u0131ca, komplekste daha fazla rahatlama i\u00e7in bir tuz odas\u0131 ve rahat\u0131n\u0131z i\u00e7in geni\u015f bir otopark bulunmaktad\u0131r. Bu tesis sadece l\u00fcks bir ya\u015fam alan\u0131 sunmakla kalmay\u0131p ayn\u0131 zamanda e\u011flence ve sa\u011fl\u0131kl\u0131 ya\u015fam olanaklar\u0131n\u0131 da b\u00fcnyesinde bar\u0131nd\u0131rarak T\u00fcrkler&#8217;de hem konfor hem de canl\u0131 bir ya\u015fam tarz\u0131 arayanlar i\u00e7in ideal bir se\u00e7imdir.       <\/p>\n","protected":false},"excerpt":{"rendered":"<p>Prestijli Azura World kompleksinde yer alan T\u00fcrkler&#8217;deki bu \u00e7arp\u0131c\u0131 1+1 a\u00e7\u0131k mutfak daire ile k\u0131y\u0131 ya\u015fam\u0131n\u0131n zirvesini deneyimleyin. 58 metrekarelik<\/p>\n","protected":false},"featured_media":14305,"comment_status":"open","ping_status":"closed","template":"","meta":[],"product_cat":[77,95],"product_tag":[],"country":[109],"district":[204],"selling-type":[118],"property-type":[120],"location":[152],"property-city":[124],"class_list":{"0":"post-14364","1":"product","2":"type-product","3":"status-publish","4":"has-post-thumbnail","6":"product_cat-acil-satilik","7":"product_cat-havuz-manzarasi","8":"country-turkey-tr","9":"district-turkler-tr","10":"selling-type-resale-tr","11":"property-type-apartment-tr","12":"location-alanya-tr","13":"property-city-antalya-tr","15":"first","16":"instock","17":"shipping-taxable","18":"purchasable","19":"product-type-simple"},"_links":{"self":[{"href":"https:\/\/www.onurkoserealestate.com\/tr\/wp-json\/wp\/v2\/product\/14364","targetHints":{"allow":["GET"]}}],"collection":[{"href":"https:\/\/www.onurkoserealestate.com\/tr\/wp-json\/wp\/v2\/product"}],"about":[{"href":"https:\/\/www.onurkoserealestate.com\/tr\/wp-json\/wp\/v2\/types\/product"}],"replies":[{"embeddable":true,"href":"https:\/\/www.onurkoserealestate.com\/tr\/wp-json\/wp\/v2\/comments?post=14364"}],"wp:featuredmedia":[{"embeddable":true,"href":"https:\/\/www.onurkoserealestate.com\/tr\/wp-json\/wp\/v2\/media\/14305"}],"wp:attachment":[{"href":"https:\/\/www.onurkoserealestate.com\/tr\/wp-json\/wp\/v2\/media?parent=14364"}],"wp:term":[{"taxonomy":"product_cat","embeddable":true,"href":"https:\/\/www.onurkoserealestate.com\/tr\/wp-json\/wp\/v2\/product_cat?post=14364"},{"taxonomy":"product_tag","embeddable":true,"href":"https:\/\/www.onurkoserealestate.com\/tr\/wp-json\/wp\/v2\/product_tag?post=14364"},{"taxonomy":"country","embeddable":true,"href":"https:\/\/www.onurkoserealestate.com\/tr\/wp-json\/wp\/v2\/country?post=14364"},{"taxonomy":"district","embeddable":true,"href":"https:\/\/www.onurkoserealestate.com\/tr\/wp-json\/wp\/v2\/district?post=14364"},{"taxonomy":"selling-type","embeddable":true,"href":"https:\/\/www.onurkoserealestate.com\/tr\/wp-json\/wp\/v2\/selling-type?post=14364"},{"taxonomy":"property-type","embeddable":true,"href":"https:\/\/www.onurkoserealestate.com\/tr\/wp-json\/wp\/v2\/property-type?post=14364"},{"taxonomy":"location","embeddable":true,"href":"https:\/\/www.onurkoserealestate.com\/tr\/wp-json\/wp\/v2\/location?post=14364"},{"taxonomy":"property-city","embeddable":true,"href":"https:\/\/www.onurkoserealestate.com\/tr\/wp-json\/wp\/v2\/property-city?post=14364"}],"curies":[{"name":"wp","href":"https:\/\/api.w.org\/{rel}","templated":true}]}}