{"id":14500,"date":"2024-08-16T13:43:56","date_gmt":"2024-08-16T13:43:56","guid":{"rendered":"https:\/\/www.onurkoserealestate.com\/product\/obada-iyi-donanimli-65-m%c2%b2-11-daire\/"},"modified":"2024-08-16T13:43:56","modified_gmt":"2024-08-16T13:43:56","slug":"well-equipped-65-m%c2%b2-11-apartment-in-oba","status":"publish","type":"product","link":"https:\/\/www.onurkoserealestate.com\/tr\/product\/well-equipped-65-m%C2%B2-11-apartment-in-oba\/","title":{"rendered":"Oba&#8217;da \u0130yi Donan\u0131ml\u0131 65 m\u00b2 1+1 Daire"},"content":{"rendered":"<p>2015&#8217;te in\u015fa edilmi\u015f bak\u0131ml\u0131 bir binan\u0131n 1. kat\u0131nda yer alan bu keyifli 1+1 a\u00e7\u0131k mutfak daire ile Oba&#8217;n\u0131n cazibesini ya\u015fay\u0131n. 65 metrekarelik bir alan\u0131 kaplayan bu modern rezidans, Oba&#8217;n\u0131n pitoresk plajlar\u0131na sadece 900 metre mesafede konforlu bir ya\u015fam alan\u0131 sunmaktad\u0131r. Daire, ya\u015fam tarz\u0131n\u0131z\u0131 geli\u015ftirmek i\u00e7in tasarlanm\u0131\u015f bir dizi olanak sunan canl\u0131 bir kompleksin par\u00e7as\u0131d\u0131r. Oba&#8217;da ya\u015fayanlar, y\u0131l boyunca rahatlamak ve dinlenmek i\u00e7in ideal olan hem kapal\u0131 hem de a\u00e7\u0131k y\u00fczme havuzlar\u0131n\u0131n keyfini \u00e7\u0131karabilirler. Komplekste ayr\u0131ca sa\u011fl\u0131kl\u0131 ya\u015fam ihtiya\u00e7lar\u0131n\u0131z\u0131 kar\u015f\u0131layacak son teknoloji \u00fcr\u00fcn\u00fc bir fitness merkezi ve rahatlat\u0131c\u0131 bir sauna bulunmaktad\u0131r. Sosyal toplant\u0131lar\u0131 sevenler i\u00e7in, arkada\u015flar\u0131n\u0131z\u0131 ve ailenizi e\u011flendirmek i\u00e7in m\u00fckemmel bir barbek\u00fc alan\u0131 bulunmaktad\u0131r. Komplekste ayr\u0131ca en \u00fcst d\u00fczeyde rahatlama i\u00e7in bir masaj odas\u0131, hem \u00e7ocuklar hem de yeti\u015fkinler i\u00e7in e\u011flenceli bir aquapark ve s\u00fcrekli g\u00fc\u00e7 kayna\u011f\u0131 sa\u011flamak i\u00e7in g\u00fcvenilir bir jenerat\u00f6r bulunmaktad\u0131r. Konut sakinleri i\u00e7in uygun otopark da mevcuttur. Oba&#8217;da ya\u015famak, g\u00fczel plajlara kolay eri\u015fim ve g\u00fcnl\u00fck ya\u015fam\u0131 keyifli ve tatmin edici hale getiren bir dizi olanakla konfor ve rahatl\u0131\u011f\u0131n bir kar\u0131\u015f\u0131m\u0131n\u0131 sunar.<\/p>\n","protected":false},"excerpt":{"rendered":"<p>2015&#8217;te in\u015fa edilmi\u015f bak\u0131ml\u0131 bir binan\u0131n 1. kat\u0131nda yer alan bu keyifli 1+1 a\u00e7\u0131k mutfak daire ile Oba&#8217;n\u0131n cazibesini ya\u015fay\u0131n.<\/p>\n","protected":false},"featured_media":14493,"comment_status":"open","ping_status":"closed","template":"","meta":[],"product_cat":[77,95],"product_tag":[],"country":[109],"district":[193],"selling-type":[118],"property-type":[120],"location":[152],"property-city":[124],"class_list":{"0":"post-14500","1":"product","2":"type-product","3":"status-publish","4":"has-post-thumbnail","6":"product_cat-acil-satilik","7":"product_cat-havuz-manzarasi","8":"country-turkey-tr","9":"district-oba-tr","10":"selling-type-resale-tr","11":"property-type-apartment-tr","12":"location-alanya-tr","13":"property-city-antalya-tr","15":"first","16":"instock","17":"shipping-taxable","18":"purchasable","19":"product-type-simple"},"_links":{"self":[{"href":"https:\/\/www.onurkoserealestate.com\/tr\/wp-json\/wp\/v2\/product\/14500","targetHints":{"allow":["GET"]}}],"collection":[{"href":"https:\/\/www.onurkoserealestate.com\/tr\/wp-json\/wp\/v2\/product"}],"about":[{"href":"https:\/\/www.onurkoserealestate.com\/tr\/wp-json\/wp\/v2\/types\/product"}],"replies":[{"embeddable":true,"href":"https:\/\/www.onurkoserealestate.com\/tr\/wp-json\/wp\/v2\/comments?post=14500"}],"wp:featuredmedia":[{"embeddable":true,"href":"https:\/\/www.onurkoserealestate.com\/tr\/wp-json\/wp\/v2\/media\/14493"}],"wp:attachment":[{"href":"https:\/\/www.onurkoserealestate.com\/tr\/wp-json\/wp\/v2\/media?parent=14500"}],"wp:term":[{"taxonomy":"product_cat","embeddable":true,"href":"https:\/\/www.onurkoserealestate.com\/tr\/wp-json\/wp\/v2\/product_cat?post=14500"},{"taxonomy":"product_tag","embeddable":true,"href":"https:\/\/www.onurkoserealestate.com\/tr\/wp-json\/wp\/v2\/product_tag?post=14500"},{"taxonomy":"country","embeddable":true,"href":"https:\/\/www.onurkoserealestate.com\/tr\/wp-json\/wp\/v2\/country?post=14500"},{"taxonomy":"district","embeddable":true,"href":"https:\/\/www.onurkoserealestate.com\/tr\/wp-json\/wp\/v2\/district?post=14500"},{"taxonomy":"selling-type","embeddable":true,"href":"https:\/\/www.onurkoserealestate.com\/tr\/wp-json\/wp\/v2\/selling-type?post=14500"},{"taxonomy":"property-type","embeddable":true,"href":"https:\/\/www.onurkoserealestate.com\/tr\/wp-json\/wp\/v2\/property-type?post=14500"},{"taxonomy":"location","embeddable":true,"href":"https:\/\/www.onurkoserealestate.com\/tr\/wp-json\/wp\/v2\/location?post=14500"},{"taxonomy":"property-city","embeddable":true,"href":"https:\/\/www.onurkoserealestate.com\/tr\/wp-json\/wp\/v2\/property-city?post=14500"}],"curies":[{"name":"wp","href":"https:\/\/api.w.org\/{rel}","templated":true}]}}