{"id":14708,"date":"2024-08-19T08:24:09","date_gmt":"2024-08-19T08:24:09","guid":{"rendered":"https:\/\/www.onurkoserealestate.com\/product\/kestelde-luks-2023-dubleks-modern-yasamin-en-guzel-hali\/"},"modified":"2024-08-19T08:24:09","modified_gmt":"2024-08-19T08:24:09","slug":"luxurious-2023-duplex-in-kestel-modern-living-at-its-finest","status":"publish","type":"product","link":"https:\/\/www.onurkoserealestate.com\/tr\/product\/luxurious-2023-duplex-in-kestel-modern-living-at-its-finest\/","title":{"rendered":"Kestel&#8217;de L\u00fcks 2023 Dubleks: Modern Ya\u015fam\u0131n En G\u00fczel Hali"},"content":{"rendered":"<p>Kestel, g\u00fczel sahil \u015feridi ve modern olanaklar\u0131yla bilinen b\u00fcy\u00fcleyici bir semttir. Denize sadece 200 metre mesafede yer alan bu b\u00f6lge, rahatl\u0131k ve l\u00fcks\u00fcn m\u00fckemmel bir kar\u0131\u015f\u0131m\u0131n\u0131 sunmaktad\u0131r. Kestel&#8217;deki son geli\u015fme, 4. katta, a\u00e7\u0131k mutfakl\u0131 geni\u015f bir 2 + 1 d\u00fczenine sahip \u00e7arp\u0131c\u0131 bir dubleks daire i\u00e7ermektedir. 2023 y\u0131l\u0131nda in\u015fa edilen bu m\u00fclk, birinci s\u0131n\u0131f tesislere eri\u015fim ile \u00e7a\u011fda\u015f ya\u015fam\u0131 \u00f6rneklemektedir. Site sakinleri, a\u00e7\u0131k ve kapal\u0131 havuzlar, fitness merkezi, sauna, hamam, masaj odas\u0131 ve tuz odas\u0131 gibi \u00e7e\u015fitli olanaklar\u0131n keyfini \u00e7\u0131karabilir. Dinlenmek i\u00e7in tenis kortu ve barbek\u00fc alan\u0131 da bulunmaktad\u0131r. Ayr\u0131ca, geni\u015f bir otoparka sahip olan kompleks, hem konfor hem de denize yak\u0131nl\u0131k arayanlar i\u00e7in olduk\u00e7a cazip bir konumdad\u0131r. Kestel&#8217;in modern altyap\u0131s\u0131 ve birbirine s\u0131k\u0131 s\u0131k\u0131ya ba\u011fl\u0131 toplulu\u011fu, y\u00fcksek ya\u015fam kalitesine katk\u0131da bulunarak buray\u0131 ya\u015famak i\u00e7in ideal bir yer haline getirmektedir.       <\/p>\n","protected":false},"excerpt":{"rendered":"<p>Kestel, g\u00fczel sahil \u015feridi ve modern olanaklar\u0131yla bilinen b\u00fcy\u00fcleyici bir semttir. Denize sadece 200 metre mesafede yer alan bu b\u00f6lge,<\/p>\n","protected":false},"featured_media":14585,"comment_status":"open","ping_status":"closed","template":"","meta":[],"product_cat":[77,95],"product_tag":[],"country":[109],"district":[200],"selling-type":[118],"property-type":[120],"location":[152],"property-city":[124],"class_list":{"0":"post-14708","1":"product","2":"type-product","3":"status-publish","4":"has-post-thumbnail","6":"product_cat-acil-satilik","7":"product_cat-havuz-manzarasi","8":"country-turkey-tr","9":"district-kestel-tr","10":"selling-type-resale-tr","11":"property-type-apartment-tr","12":"location-alanya-tr","13":"property-city-antalya-tr","15":"first","16":"instock","17":"shipping-taxable","18":"purchasable","19":"product-type-simple"},"_links":{"self":[{"href":"https:\/\/www.onurkoserealestate.com\/tr\/wp-json\/wp\/v2\/product\/14708","targetHints":{"allow":["GET"]}}],"collection":[{"href":"https:\/\/www.onurkoserealestate.com\/tr\/wp-json\/wp\/v2\/product"}],"about":[{"href":"https:\/\/www.onurkoserealestate.com\/tr\/wp-json\/wp\/v2\/types\/product"}],"replies":[{"embeddable":true,"href":"https:\/\/www.onurkoserealestate.com\/tr\/wp-json\/wp\/v2\/comments?post=14708"}],"wp:featuredmedia":[{"embeddable":true,"href":"https:\/\/www.onurkoserealestate.com\/tr\/wp-json\/wp\/v2\/media\/14585"}],"wp:attachment":[{"href":"https:\/\/www.onurkoserealestate.com\/tr\/wp-json\/wp\/v2\/media?parent=14708"}],"wp:term":[{"taxonomy":"product_cat","embeddable":true,"href":"https:\/\/www.onurkoserealestate.com\/tr\/wp-json\/wp\/v2\/product_cat?post=14708"},{"taxonomy":"product_tag","embeddable":true,"href":"https:\/\/www.onurkoserealestate.com\/tr\/wp-json\/wp\/v2\/product_tag?post=14708"},{"taxonomy":"country","embeddable":true,"href":"https:\/\/www.onurkoserealestate.com\/tr\/wp-json\/wp\/v2\/country?post=14708"},{"taxonomy":"district","embeddable":true,"href":"https:\/\/www.onurkoserealestate.com\/tr\/wp-json\/wp\/v2\/district?post=14708"},{"taxonomy":"selling-type","embeddable":true,"href":"https:\/\/www.onurkoserealestate.com\/tr\/wp-json\/wp\/v2\/selling-type?post=14708"},{"taxonomy":"property-type","embeddable":true,"href":"https:\/\/www.onurkoserealestate.com\/tr\/wp-json\/wp\/v2\/property-type?post=14708"},{"taxonomy":"location","embeddable":true,"href":"https:\/\/www.onurkoserealestate.com\/tr\/wp-json\/wp\/v2\/location?post=14708"},{"taxonomy":"property-city","embeddable":true,"href":"https:\/\/www.onurkoserealestate.com\/tr\/wp-json\/wp\/v2\/property-city?post=14708"}],"curies":[{"name":"wp","href":"https:\/\/api.w.org\/{rel}","templated":true}]}}