{"id":14819,"date":"2024-08-24T08:17:38","date_gmt":"2024-08-24T08:17:38","guid":{"rendered":"https:\/\/www.onurkoserealestate.com\/product\/alanya-kargicakta-site-ici-full-aktiviteli-ve-manzarali-dubleks-daire\/"},"modified":"2024-08-24T08:17:38","modified_gmt":"2024-08-24T08:17:38","slug":"emlak-konut-satilik-alanya-kargicak-ta-site-ici-full-aktiviteli-ve-manzarali-dubleks","status":"publish","type":"product","link":"https:\/\/www.onurkoserealestate.com\/tr\/product\/alanya-kargicakta-site-ici-full-aktiviteli-ve-manzarali-dubleks-daire\/","title":{"rendered":"ALANYA KARGICAK&#8217;TA S\u0130TE \u0130\u00c7\u0130 FULL AKT\u0130V\u0130TEL\u0130 VE MANZARALI DUBLEKS DA\u0130RE"},"content":{"rendered":"<p>Sakin Karg\u0131cak Mahallesi&#8217;nde yer alan bu g\u00fczelce yenilenmi\u015f 2 yatak odal\u0131, 2 banyolu dubleks villada l\u00fcks ya\u015fam\u0131 deneyimleyin. 110 m\u00b2 alana yay\u0131lan ve 2. ve 3. katlarda yer alan bu villa, konfor ve stilin m\u00fckemmel bir kar\u0131\u015f\u0131m\u0131n\u0131 sunmaktad\u0131r. \u0130ki \u00f6zel balkondan muhte\u015fem da\u011f ve deniz manzaras\u0131n\u0131n keyfini \u00e7\u0131kar\u0131n. Villa, eksiksiz modern olanaklara sahiptir ve rahat\u0131n\u0131z i\u00e7in tamamen yenilenmi\u015ftir. Villa tarz\u0131 tasar\u0131m\u0131 ve tam aktivite eri\u015fimi ile bu m\u00fclk, birinci s\u0131n\u0131f bir konumda nadir bulunan bir m\u00fccevherdir. Ka\u00e7\u0131rmay\u0131n &#8211; bir g\u00f6r\u00fcnt\u00fcleme planlamak i\u00e7in bug\u00fcn bizimle ileti\u015fime ge\u00e7in!<\/p>\n","protected":false},"excerpt":{"rendered":"<p>Sakin Karg\u0131cak Mahallesi&#8217;nde yer alan bu g\u00fczelce yenilenmi\u015f 2 yatak odal\u0131, 2 banyolu dubleks villada l\u00fcks ya\u015fam\u0131 deneyimleyin. 110 m\u00b2<\/p>\n","protected":false},"featured_media":14786,"comment_status":"open","ping_status":"closed","template":"","meta":[],"product_cat":[77,95,81,92,89,84],"product_tag":[],"country":[109],"district":[154],"selling-type":[118],"property-type":[120],"location":[152],"property-city":[124],"class_list":{"0":"post-14819","1":"product","2":"type-product","3":"status-publish","4":"has-post-thumbnail","6":"product_cat-acil-satilik","7":"product_cat-havuz-manzarasi","8":"product_cat-kale-manzarasi","9":"product_cat-online-tur","10":"product_cat-taksitli-odeme","11":"product_cat-vatandaslik","12":"country-turkey-tr","13":"district-kargicak-tr","14":"selling-type-resale-tr","15":"property-type-apartment-tr","16":"location-alanya-tr","17":"property-city-antalya-tr","19":"first","20":"instock","21":"shipping-taxable","22":"purchasable","23":"product-type-simple"},"_links":{"self":[{"href":"https:\/\/www.onurkoserealestate.com\/tr\/wp-json\/wp\/v2\/product\/14819","targetHints":{"allow":["GET"]}}],"collection":[{"href":"https:\/\/www.onurkoserealestate.com\/tr\/wp-json\/wp\/v2\/product"}],"about":[{"href":"https:\/\/www.onurkoserealestate.com\/tr\/wp-json\/wp\/v2\/types\/product"}],"replies":[{"embeddable":true,"href":"https:\/\/www.onurkoserealestate.com\/tr\/wp-json\/wp\/v2\/comments?post=14819"}],"wp:featuredmedia":[{"embeddable":true,"href":"https:\/\/www.onurkoserealestate.com\/tr\/wp-json\/wp\/v2\/media\/14786"}],"wp:attachment":[{"href":"https:\/\/www.onurkoserealestate.com\/tr\/wp-json\/wp\/v2\/media?parent=14819"}],"wp:term":[{"taxonomy":"product_cat","embeddable":true,"href":"https:\/\/www.onurkoserealestate.com\/tr\/wp-json\/wp\/v2\/product_cat?post=14819"},{"taxonomy":"product_tag","embeddable":true,"href":"https:\/\/www.onurkoserealestate.com\/tr\/wp-json\/wp\/v2\/product_tag?post=14819"},{"taxonomy":"country","embeddable":true,"href":"https:\/\/www.onurkoserealestate.com\/tr\/wp-json\/wp\/v2\/country?post=14819"},{"taxonomy":"district","embeddable":true,"href":"https:\/\/www.onurkoserealestate.com\/tr\/wp-json\/wp\/v2\/district?post=14819"},{"taxonomy":"selling-type","embeddable":true,"href":"https:\/\/www.onurkoserealestate.com\/tr\/wp-json\/wp\/v2\/selling-type?post=14819"},{"taxonomy":"property-type","embeddable":true,"href":"https:\/\/www.onurkoserealestate.com\/tr\/wp-json\/wp\/v2\/property-type?post=14819"},{"taxonomy":"location","embeddable":true,"href":"https:\/\/www.onurkoserealestate.com\/tr\/wp-json\/wp\/v2\/location?post=14819"},{"taxonomy":"property-city","embeddable":true,"href":"https:\/\/www.onurkoserealestate.com\/tr\/wp-json\/wp\/v2\/property-city?post=14819"}],"curies":[{"name":"wp","href":"https:\/\/api.w.org\/{rel}","templated":true}]}}