{"id":15255,"date":"2024-12-24T11:47:39","date_gmt":"2024-12-24T11:47:39","guid":{"rendered":"https:\/\/www.onurkoserealestate.com\/product\/avokado-villalarinda-luks-yasam-kargicakta-modern-villalar\/"},"modified":"2024-12-24T11:47:39","modified_gmt":"2024-12-24T11:47:39","slug":"luxury-living-in-avocado-village-modern-villas-in-kargicak","status":"publish","type":"product","link":"https:\/\/www.onurkoserealestate.com\/tr\/product\/luxury-living-in-avocado-village-modern-villas-in-kargicak\/","title":{"rendered":"Avokado Villalar\u0131nda L\u00fcks Ya\u015fam: Karg\u0131cak&#8217;ta Modern Villalar"},"content":{"rendered":"<p>Avocado Village \/ Karg\u0131cak, prestijli bir sitede yer alan modern ve \u015f\u0131k bir villad\u0131r. Bu geni\u015f 3+1 villa, 420 m\u00b2 arsa pay\u0131 ile 210 m\u00b2&#8217;lik bir alan\u0131 kaplamakta ve c\u00f6mert bir ya\u015fam alan\u0131 sunmaktad\u0131r. Site, a\u00e7\u0131k ve kapal\u0131 y\u00fczme havuzlar\u0131, 7\/24 g\u00fcvenlik, bah\u00e7\u0131van hizmetleri, fitness merkezi, sauna, a\u00e7\u0131k ve kapal\u0131 \u00e7ocuk oyun alanlar\u0131 ve basketbol sahas\u0131 gibi birinci s\u0131n\u0131f olanaklarla donat\u0131lm\u0131\u015ft\u0131r. Villa mobilyal\u0131d\u0131r ve sadece 2 ya\u015f\u0131ndad\u0131r, bu da m\u00fclk\u00fcn m\u00fckemmel durumda olmas\u0131n\u0131 sa\u011flar. Villa ayr\u0131ca dinlenmek ve e\u011flenmek i\u00e7in sakin bir a\u00e7\u0131k alan sa\u011flayan \u00f6zel bir bah\u00e7eye sahiptir. Bu villan\u0131n en \u00f6nemli \u00f6zelliklerinden biri, kolayca ek bir odaya d\u00f6n\u00fc\u015ft\u00fcr\u00fclebilen ve ya\u015fam alan\u0131n\u0131 geni\u015fletmek i\u00e7in daha fazla potansiyel sunan \u00fcst terast\u0131r. Huzurlu ve g\u00fcvenli bir ortamda yer alan bu villa, konfor ve l\u00fcks\u00fcn m\u00fckemmel bir kar\u0131\u015f\u0131m\u0131n\u0131 sunmaktad\u0131r. \u0130ster geni\u015f bir aile evi ister bir tatil evi ar\u0131yor olun, Avocado Village&#8217;daki bu villa y\u00fcksek kaliteli bir ya\u015fam tarz\u0131 i\u00e7in ideal bir ortam sunmaktad\u0131r. Modern tasar\u0131m, m\u00fckemmel olanaklar ve birinci s\u0131n\u0131f konumun birle\u015fimi bu villay\u0131 ger\u00e7ekten e\u015fsiz bir f\u0131rsat haline getirmektedir.  <\/p>\n","protected":false},"excerpt":{"rendered":"<p>Avocado Village \/ Karg\u0131cak, prestijli bir sitede yer alan modern ve \u015f\u0131k bir villad\u0131r. Bu geni\u015f 3+1 villa, 420 m\u00b2<\/p>\n","protected":false},"featured_media":15251,"comment_status":"open","ping_status":"closed","template":"","meta":[],"product_cat":[77],"product_tag":[],"country":[109],"district":[154],"selling-type":[118],"property-type":[140],"location":[152],"property-city":[124],"class_list":{"0":"post-15255","1":"product","2":"type-product","3":"status-publish","4":"has-post-thumbnail","6":"product_cat-acil-satilik","7":"country-turkey-tr","8":"district-kargicak-tr","9":"selling-type-resale-tr","10":"property-type-villa-tr","11":"location-alanya-tr","12":"property-city-antalya-tr","14":"first","15":"instock","16":"shipping-taxable","17":"purchasable","18":"product-type-simple"},"_links":{"self":[{"href":"https:\/\/www.onurkoserealestate.com\/tr\/wp-json\/wp\/v2\/product\/15255","targetHints":{"allow":["GET"]}}],"collection":[{"href":"https:\/\/www.onurkoserealestate.com\/tr\/wp-json\/wp\/v2\/product"}],"about":[{"href":"https:\/\/www.onurkoserealestate.com\/tr\/wp-json\/wp\/v2\/types\/product"}],"replies":[{"embeddable":true,"href":"https:\/\/www.onurkoserealestate.com\/tr\/wp-json\/wp\/v2\/comments?post=15255"}],"wp:featuredmedia":[{"embeddable":true,"href":"https:\/\/www.onurkoserealestate.com\/tr\/wp-json\/wp\/v2\/media\/15251"}],"wp:attachment":[{"href":"https:\/\/www.onurkoserealestate.com\/tr\/wp-json\/wp\/v2\/media?parent=15255"}],"wp:term":[{"taxonomy":"product_cat","embeddable":true,"href":"https:\/\/www.onurkoserealestate.com\/tr\/wp-json\/wp\/v2\/product_cat?post=15255"},{"taxonomy":"product_tag","embeddable":true,"href":"https:\/\/www.onurkoserealestate.com\/tr\/wp-json\/wp\/v2\/product_tag?post=15255"},{"taxonomy":"country","embeddable":true,"href":"https:\/\/www.onurkoserealestate.com\/tr\/wp-json\/wp\/v2\/country?post=15255"},{"taxonomy":"district","embeddable":true,"href":"https:\/\/www.onurkoserealestate.com\/tr\/wp-json\/wp\/v2\/district?post=15255"},{"taxonomy":"selling-type","embeddable":true,"href":"https:\/\/www.onurkoserealestate.com\/tr\/wp-json\/wp\/v2\/selling-type?post=15255"},{"taxonomy":"property-type","embeddable":true,"href":"https:\/\/www.onurkoserealestate.com\/tr\/wp-json\/wp\/v2\/property-type?post=15255"},{"taxonomy":"location","embeddable":true,"href":"https:\/\/www.onurkoserealestate.com\/tr\/wp-json\/wp\/v2\/location?post=15255"},{"taxonomy":"property-city","embeddable":true,"href":"https:\/\/www.onurkoserealestate.com\/tr\/wp-json\/wp\/v2\/property-city?post=15255"}],"curies":[{"name":"wp","href":"https:\/\/api.w.org\/{rel}","templated":true}]}}