{"id":15936,"date":"2025-02-27T07:16:36","date_gmt":"2025-02-27T07:16:36","guid":{"rendered":"https:\/\/www.onurkoserealestate.com\/product\/alanyada-sira-disi-bir-yasam-alani-yeni-kargicak-projesi\/"},"modified":"2025-02-27T07:16:36","modified_gmt":"2025-02-27T07:16:36","slug":"an-exceptional-living-space-in-alanya-the-new-kargicak-project","status":"publish","type":"product","link":"https:\/\/www.onurkoserealestate.com\/tr\/product\/an-exceptional-living-space-in-alanya-the-new-kargicak-project\/","title":{"rendered":"Alanya&#8217;da S\u0131ra D\u0131\u015f\u0131 Bir Ya\u015fam Alan\u0131: Yeni Karg\u0131cak Projesi"},"content":{"rendered":"<p>Alanya&#8217;n\u0131n Karg\u0131cak b\u00f6lgesinde modern ya\u015fam ve do\u011fan\u0131n m\u00fckemmel bir kar\u0131\u015f\u0131m\u0131n\u0131 sunan yeni bir proje y\u00fckseliyor. Antalya&#8217;n\u0131n en pop\u00fcler turistik yerlerinden biri olan Alanya, g\u00fczel manzaralar\u0131 ve canl\u0131 ya\u015fam tarz\u0131yla biliniyor. Alanya&#8217;n\u0131n huzurlu ortam\u0131nda yer alan bu proje, dingin bir ya\u015fam deneyimi sunuyor. Proje, 15.000 m\u00b2&#8217;lik geni\u015f bir alan \u00fczerine in\u015fa edilmi\u015f olup, her metrekaresi konfor sunmak \u00fczere tasarlanm\u0131\u015f 39 dubleks daire ve 15 villadan olu\u015fmaktad\u0131r. Proje, modern mimariyi, sa\u011fl\u0131kl\u0131 ve dinlendirici bir ya\u015fam tarz\u0131n\u0131 te\u015fvik etmek i\u00e7in tasarlanm\u0131\u015f fitness merkezi, T\u00fcrk hamam\u0131, buhar odas\u0131 ve masaj odalar\u0131 gibi \u00e7e\u015fitli olanaklarla birle\u015ftiriyor. Daha fazla rahatlama i\u00e7in proje, erkekler ve kad\u0131nlar i\u00e7in ayr\u0131 saunalar, jakuzi ve kapal\u0131 y\u00fczme havuzu sunmaktad\u0131r. \u00c7ocuklar \u00e7ocuk havuzu ve oyun alan\u0131n\u0131n keyfini \u00e7\u0131karabilirken, sporla ilgilenenler tenis kortu ve basketbol sahas\u0131ndan yararlanabilirler. Proje ayr\u0131ca 44 araca kadar hem kapal\u0131 hem de a\u00e7\u0131k alanlar\u0131yla geni\u015f bir park yeri sa\u011fl\u0131yor. Do\u011fan\u0131n g\u00fczelli\u011fi ve huzuruyla \u00e7evrili Alanya&#8217;da ya\u015fayan bu proje, huzurlu ama modern bir ya\u015fam tarz\u0131 arayanlar i\u00e7in m\u00fckemmel bir f\u0131rsat sunuyor.        <\/p>\n","protected":false},"excerpt":{"rendered":"<p>Alanya&#8217;n\u0131n Karg\u0131cak b\u00f6lgesinde modern ya\u015fam ve do\u011fan\u0131n m\u00fckemmel bir kar\u0131\u015f\u0131m\u0131n\u0131 sunan yeni bir proje y\u00fckseliyor. Antalya&#8217;n\u0131n en pop\u00fcler turistik yerlerinden<\/p>\n","protected":false},"featured_media":15841,"comment_status":"open","ping_status":"closed","template":"","meta":[],"product_cat":[77,101],"product_tag":[],"country":[109],"district":[154],"selling-type":[158,208],"property-type":[140],"location":[152],"property-city":[124],"class_list":{"0":"post-15936","1":"product","2":"type-product","3":"status-publish","4":"has-post-thumbnail","6":"product_cat-acil-satilik","7":"product_cat-deniz-manzarali","8":"country-turkey-tr","9":"district-kargicak-tr","10":"selling-type-projeler","11":"selling-type-under-construction-projects-tr","12":"property-type-villa-tr","13":"location-alanya-tr","14":"property-city-antalya-tr","16":"first","17":"instock","18":"shipping-taxable","19":"purchasable","20":"product-type-simple"},"_links":{"self":[{"href":"https:\/\/www.onurkoserealestate.com\/tr\/wp-json\/wp\/v2\/product\/15936","targetHints":{"allow":["GET"]}}],"collection":[{"href":"https:\/\/www.onurkoserealestate.com\/tr\/wp-json\/wp\/v2\/product"}],"about":[{"href":"https:\/\/www.onurkoserealestate.com\/tr\/wp-json\/wp\/v2\/types\/product"}],"replies":[{"embeddable":true,"href":"https:\/\/www.onurkoserealestate.com\/tr\/wp-json\/wp\/v2\/comments?post=15936"}],"wp:featuredmedia":[{"embeddable":true,"href":"https:\/\/www.onurkoserealestate.com\/tr\/wp-json\/wp\/v2\/media\/15841"}],"wp:attachment":[{"href":"https:\/\/www.onurkoserealestate.com\/tr\/wp-json\/wp\/v2\/media?parent=15936"}],"wp:term":[{"taxonomy":"product_cat","embeddable":true,"href":"https:\/\/www.onurkoserealestate.com\/tr\/wp-json\/wp\/v2\/product_cat?post=15936"},{"taxonomy":"product_tag","embeddable":true,"href":"https:\/\/www.onurkoserealestate.com\/tr\/wp-json\/wp\/v2\/product_tag?post=15936"},{"taxonomy":"country","embeddable":true,"href":"https:\/\/www.onurkoserealestate.com\/tr\/wp-json\/wp\/v2\/country?post=15936"},{"taxonomy":"district","embeddable":true,"href":"https:\/\/www.onurkoserealestate.com\/tr\/wp-json\/wp\/v2\/district?post=15936"},{"taxonomy":"selling-type","embeddable":true,"href":"https:\/\/www.onurkoserealestate.com\/tr\/wp-json\/wp\/v2\/selling-type?post=15936"},{"taxonomy":"property-type","embeddable":true,"href":"https:\/\/www.onurkoserealestate.com\/tr\/wp-json\/wp\/v2\/property-type?post=15936"},{"taxonomy":"location","embeddable":true,"href":"https:\/\/www.onurkoserealestate.com\/tr\/wp-json\/wp\/v2\/location?post=15936"},{"taxonomy":"property-city","embeddable":true,"href":"https:\/\/www.onurkoserealestate.com\/tr\/wp-json\/wp\/v2\/property-city?post=15936"}],"curies":[{"name":"wp","href":"https:\/\/api.w.org\/{rel}","templated":true}]}}