{"id":16468,"date":"2025-06-02T12:23:43","date_gmt":"2025-06-02T12:23:43","guid":{"rendered":"https:\/\/www.onurkoserealestate.com\/product\/alanya-daha-iyi-bir-yasama-acilan-kapiniz\/"},"modified":"2025-06-02T12:35:54","modified_gmt":"2025-06-02T12:35:54","slug":"alanya-your-gateway-to-a-better-life","status":"publish","type":"product","link":"https:\/\/www.onurkoserealestate.com\/tr\/product\/alanya-your-gateway-to-a-better-life\/","title":{"rendered":"Alanya: Daha \u0130yi Bir Ya\u015fama A\u00e7\u0131lan Kap\u0131n\u0131z"},"content":{"rendered":"<p>Alanya, T\u00fcrkiye&#8217;nin Akdeniz k\u0131y\u0131s\u0131ndaki en g\u00fczel ve canl\u0131 \u015fehirlerinden biridir. Her y\u0131l binlerce turist, \u00e7arp\u0131c\u0131 plajlar\u0131n\u0131n, tarihi simge yap\u0131lar\u0131n\u0131n ve s\u0131cak ikliminin tad\u0131n\u0131 \u00e7\u0131karmak i\u00e7in Alanya&#8217;y\u0131 ziyaret ediyor. Alanya, do\u011fal g\u00fczellikler ve modern ya\u015fam\u0131n e\u015fsiz bir kombinasyonunu sunarak hem tatilciler hem de m\u00fclk al\u0131c\u0131lar\u0131 i\u00e7in favori bir yer haline geliyor. Alanya&#8217;daki atmosfer, antik kalelerden renkli pazarlara kadar herkes i\u00e7in bir \u015feyler ile huzurlu ama canl\u0131d\u0131r. Alanya&#8217;n\u0131n sahil \u015feridi, y\u00fczmek ve dinlenmek i\u00e7in m\u00fckemmel olan kumlu plajlar ve berrak mavi sularla doludur. Bir\u00e7ok insan, artan pop\u00fclaritesi ve m\u00fckemmel ya\u015fam kalitesi nedeniyle Alanya gayrimenkul\u00fcne yat\u0131r\u0131m yapmay\u0131 tercih ediyor. Alanya&#8217;da ya\u015fam, neredeyse her g\u00fcn g\u00fcne\u015f \u0131\u015f\u0131\u011f\u0131na uyanmak ve T\u00fcrk misafirperverli\u011finin en iyisinin tad\u0131n\u0131 \u00e7\u0131karmak anlam\u0131na gelir. Alanya ayr\u0131ca m\u00fckemmel restoranlara, okullara, hastanelere ve al\u0131\u015fveri\u015f merkezlerine sahiptir, bu da onu aileler i\u00e7in ideal k\u0131lar. \u0130ster emekli olmak, ister yat\u0131r\u0131m yapmak ya da sadece deniz kenar\u0131nda vakit ge\u00e7irmek isteyin, Alanya m\u00fckemmel bir se\u00e7imdir. Alanya&#8217;daki toplum uluslararas\u0131 ve misafirperverdir, d\u00fcnyan\u0131n her yerinden insanlar\u0131 kendine \u00e7eker. G\u00fcne\u015fin alt\u0131nda yeni bir ya\u015fam d\u00fc\u015f\u00fcn\u00fcyorsan\u0131z, Alanya listenizin ba\u015f\u0131nda yer almal\u0131d\u0131r. Basit\u00e7e s\u00f6ylemek gerekirse, Alanya&#8217;da her \u015fey var.           <\/p>\n","protected":false},"excerpt":{"rendered":"<p>Alanya, T\u00fcrkiye&#8217;nin Akdeniz k\u0131y\u0131s\u0131ndaki en g\u00fczel ve canl\u0131 \u015fehirlerinden biridir. Her y\u0131l binlerce turist, \u00e7arp\u0131c\u0131 plajlar\u0131n\u0131n, tarihi simge yap\u0131lar\u0131n\u0131n ve<\/p>\n","protected":false},"featured_media":16453,"comment_status":"open","ping_status":"closed","template":"","meta":[],"product_cat":[77],"product_tag":[],"country":[109],"district":[199],"selling-type":[118],"property-type":[120],"location":[152],"property-city":[124],"class_list":{"0":"post-16468","1":"product","2":"type-product","3":"status-publish","4":"has-post-thumbnail","6":"product_cat-acil-satilik","7":"country-turkey-tr","8":"district-tosmur-tr","9":"selling-type-resale-tr","10":"property-type-apartment-tr","11":"location-alanya-tr","12":"property-city-antalya-tr","14":"first","15":"instock","16":"shipping-taxable","17":"purchasable","18":"product-type-simple"},"_links":{"self":[{"href":"https:\/\/www.onurkoserealestate.com\/tr\/wp-json\/wp\/v2\/product\/16468","targetHints":{"allow":["GET"]}}],"collection":[{"href":"https:\/\/www.onurkoserealestate.com\/tr\/wp-json\/wp\/v2\/product"}],"about":[{"href":"https:\/\/www.onurkoserealestate.com\/tr\/wp-json\/wp\/v2\/types\/product"}],"replies":[{"embeddable":true,"href":"https:\/\/www.onurkoserealestate.com\/tr\/wp-json\/wp\/v2\/comments?post=16468"}],"wp:featuredmedia":[{"embeddable":true,"href":"https:\/\/www.onurkoserealestate.com\/tr\/wp-json\/wp\/v2\/media\/16453"}],"wp:attachment":[{"href":"https:\/\/www.onurkoserealestate.com\/tr\/wp-json\/wp\/v2\/media?parent=16468"}],"wp:term":[{"taxonomy":"product_cat","embeddable":true,"href":"https:\/\/www.onurkoserealestate.com\/tr\/wp-json\/wp\/v2\/product_cat?post=16468"},{"taxonomy":"product_tag","embeddable":true,"href":"https:\/\/www.onurkoserealestate.com\/tr\/wp-json\/wp\/v2\/product_tag?post=16468"},{"taxonomy":"country","embeddable":true,"href":"https:\/\/www.onurkoserealestate.com\/tr\/wp-json\/wp\/v2\/country?post=16468"},{"taxonomy":"district","embeddable":true,"href":"https:\/\/www.onurkoserealestate.com\/tr\/wp-json\/wp\/v2\/district?post=16468"},{"taxonomy":"selling-type","embeddable":true,"href":"https:\/\/www.onurkoserealestate.com\/tr\/wp-json\/wp\/v2\/selling-type?post=16468"},{"taxonomy":"property-type","embeddable":true,"href":"https:\/\/www.onurkoserealestate.com\/tr\/wp-json\/wp\/v2\/property-type?post=16468"},{"taxonomy":"location","embeddable":true,"href":"https:\/\/www.onurkoserealestate.com\/tr\/wp-json\/wp\/v2\/location?post=16468"},{"taxonomy":"property-city","embeddable":true,"href":"https:\/\/www.onurkoserealestate.com\/tr\/wp-json\/wp\/v2\/property-city?post=16468"}],"curies":[{"name":"wp","href":"https:\/\/api.w.org\/{rel}","templated":true}]}}