{"id":16513,"date":"2025-06-04T08:10:19","date_gmt":"2025-06-04T08:10:19","guid":{"rendered":"https:\/\/www.onurkoserealestate.com\/product\/alanya-turkiyede-uygun-fiyatli-kiyi-yasami\/"},"modified":"2025-06-04T08:10:19","modified_gmt":"2025-06-04T08:10:19","slug":"affordable-coastal-living-in-alanya-turkey","status":"publish","type":"product","link":"https:\/\/www.onurkoserealestate.com\/tr\/product\/affordable-coastal-living-in-alanya-turkey\/","title":{"rendered":"Alanya, T\u00fcrkiye&#8217;de Uygun Fiyatl\u0131 K\u0131y\u0131 Ya\u015fam\u0131"},"content":{"rendered":"<p>Alanya, g\u00fcney Akdeniz k\u0131y\u0131s\u0131nda yer alan T\u00fcrkiye&#8217;nin en pop\u00fcler ve canl\u0131 sahil kasabalar\u0131ndan biridir. G\u00fczel plajlar\u0131, zengin tarihi ve canl\u0131 atmosferiyle tan\u0131nan Alanya, her y\u0131l binlerce turisti ve emlak al\u0131c\u0131s\u0131n\u0131 kendine \u00e7ekmektedir. Kasaba, modern ya\u015fam ve do\u011fal g\u00fczelliklerin m\u00fckemmel bir kar\u0131\u015f\u0131m\u0131n\u0131 sunmaktad\u0131r. S\u0131cak iklimi ile Alanya hem tatil hem de y\u0131l boyunca ya\u015famak i\u00e7in idealdir. \u015eehrin en \u00fcnl\u00fc simge yap\u0131lar\u0131ndan biri, panoramik deniz manzaras\u0131na sahip bir tepenin \u00fczerinde yer alan tarihi Alanya Kalesi&#8217;dir. Liman b\u00f6lgesi restoranlar, barlar ve ma\u011fazalarla doludur ve canl\u0131 ve s\u0131cak bir ortam yarat\u0131r. Alanya ayr\u0131ca hastaneler, okullar, al\u0131\u015fveri\u015f merkezleri ve b\u00fcy\u00fcyen bir uluslararas\u0131 topluluk ile m\u00fckemmel bir altyap\u0131ya sahiptir. Mahmutlar, Oba ve Kestel gibi mahalleler, iyi planlanm\u0131\u015f konut kompleksleri ve plaja yak\u0131nl\u0131klar\u0131 nedeniyle \u00f6zellikle yabanc\u0131lar aras\u0131nda pop\u00fclerdir. Y\u00fczme, yama\u00e7 para\u015f\u00fct\u00fc, y\u00fcr\u00fcy\u00fc\u015f ve yerel pazarlar\u0131 ke\u015ffetme gibi aktiviteler Alanya&#8217;da ya\u015fam\u0131 hem heyecan verici hem de tatmin edici k\u0131lmaktad\u0131r. Alanya&#8217;daki emlak piyasas\u0131, hem uygun fiyatl\u0131 daireler hem de l\u00fcks villalar sunarak geli\u015fmektedir. \u0130ster tatil evi, ister yat\u0131r\u0131m f\u0131rsat\u0131 ya da emekli olmak i\u00e7in huzurlu bir yer ar\u0131yor olun, Alanya \u00e7arp\u0131c\u0131 bir Akdeniz ortam\u0131nda herkes i\u00e7in bir \u015feyler sunmaktad\u0131r.          <\/p>\n","protected":false},"excerpt":{"rendered":"<p>Alanya, g\u00fcney Akdeniz k\u0131y\u0131s\u0131nda yer alan T\u00fcrkiye&#8217;nin en pop\u00fcler ve canl\u0131 sahil kasabalar\u0131ndan biridir. G\u00fczel plajlar\u0131, zengin tarihi ve canl\u0131<\/p>\n","protected":false},"featured_media":16487,"comment_status":"open","ping_status":"closed","template":"","meta":[],"product_cat":[77],"product_tag":[],"country":[109],"district":[186],"selling-type":[118],"property-type":[120],"location":[152],"property-city":[124],"class_list":{"0":"post-16513","1":"product","2":"type-product","3":"status-publish","4":"has-post-thumbnail","6":"product_cat-acil-satilik","7":"country-turkey-tr","8":"district-mahmutlar-tr","9":"selling-type-resale-tr","10":"property-type-apartment-tr","11":"location-alanya-tr","12":"property-city-antalya-tr","14":"first","15":"instock","16":"shipping-taxable","17":"purchasable","18":"product-type-simple"},"_links":{"self":[{"href":"https:\/\/www.onurkoserealestate.com\/tr\/wp-json\/wp\/v2\/product\/16513","targetHints":{"allow":["GET"]}}],"collection":[{"href":"https:\/\/www.onurkoserealestate.com\/tr\/wp-json\/wp\/v2\/product"}],"about":[{"href":"https:\/\/www.onurkoserealestate.com\/tr\/wp-json\/wp\/v2\/types\/product"}],"replies":[{"embeddable":true,"href":"https:\/\/www.onurkoserealestate.com\/tr\/wp-json\/wp\/v2\/comments?post=16513"}],"wp:featuredmedia":[{"embeddable":true,"href":"https:\/\/www.onurkoserealestate.com\/tr\/wp-json\/wp\/v2\/media\/16487"}],"wp:attachment":[{"href":"https:\/\/www.onurkoserealestate.com\/tr\/wp-json\/wp\/v2\/media?parent=16513"}],"wp:term":[{"taxonomy":"product_cat","embeddable":true,"href":"https:\/\/www.onurkoserealestate.com\/tr\/wp-json\/wp\/v2\/product_cat?post=16513"},{"taxonomy":"product_tag","embeddable":true,"href":"https:\/\/www.onurkoserealestate.com\/tr\/wp-json\/wp\/v2\/product_tag?post=16513"},{"taxonomy":"country","embeddable":true,"href":"https:\/\/www.onurkoserealestate.com\/tr\/wp-json\/wp\/v2\/country?post=16513"},{"taxonomy":"district","embeddable":true,"href":"https:\/\/www.onurkoserealestate.com\/tr\/wp-json\/wp\/v2\/district?post=16513"},{"taxonomy":"selling-type","embeddable":true,"href":"https:\/\/www.onurkoserealestate.com\/tr\/wp-json\/wp\/v2\/selling-type?post=16513"},{"taxonomy":"property-type","embeddable":true,"href":"https:\/\/www.onurkoserealestate.com\/tr\/wp-json\/wp\/v2\/property-type?post=16513"},{"taxonomy":"location","embeddable":true,"href":"https:\/\/www.onurkoserealestate.com\/tr\/wp-json\/wp\/v2\/location?post=16513"},{"taxonomy":"property-city","embeddable":true,"href":"https:\/\/www.onurkoserealestate.com\/tr\/wp-json\/wp\/v2\/property-city?post=16513"}],"curies":[{"name":"wp","href":"https:\/\/api.w.org\/{rel}","templated":true}]}}