{"id":16595,"date":"2025-06-04T08:33:50","date_gmt":"2025-06-04T08:33:50","guid":{"rendered":"https:\/\/www.onurkoserealestate.com\/product\/alanyanin-prestijli-kavi-dreams-kompleksinde-aile-boyu-konfor\/"},"modified":"2025-06-04T08:33:50","modified_gmt":"2025-06-04T08:33:50","slug":"family-sized-comfort-in-alanyas-prestigious-kavi-dreams-complex","status":"publish","type":"product","link":"https:\/\/www.onurkoserealestate.com\/tr\/product\/family-sized-comfort-in-alanyas-prestigious-kavi-dreams-complex\/","title":{"rendered":"Alanya&#8217;n\u0131n Prestijli Kavi Dreams Kompleksinde Aile Boyu Konfor"},"content":{"rendered":"<p>T\u00fcrkiye&#8217;nin g\u00fczel Akdeniz k\u0131y\u0131s\u0131nda yer alan Alanya, g\u00fcne\u015fli iklimi, alt\u0131n kumsallar\u0131 ve zengin tarihiyle bilinen canl\u0131 ve h\u0131zla b\u00fcy\u00fcyen bir destinasyondur. Bir zamanlar sakin bir sahil kasabas\u0131 olan Alanya, rahat ama dinamik bir ya\u015fam tarz\u0131 arayan d\u00fcnyan\u0131n d\u00f6rt bir yan\u0131ndan insanlar\u0131 \u00e7eken modern bir merkeze d\u00f6n\u00fc\u015fm\u00fc\u015ft\u00fcr. Y\u0131l boyunca s\u0131cak havas\u0131yla Alanya, hem kal\u0131c\u0131 ya\u015fam hem de tatil ka\u00e7amaklar\u0131 i\u00e7in idealdir. \u015eehir, \u00e7ok \u00e7e\u015fitli uluslararas\u0131 bir toplulu\u011fa, m\u00fckemmel sa\u011fl\u0131k hizmetlerine ve \u00e7ok \u00e7e\u015fitli ma\u011faza, kafe ve restoranlara ev sahipli\u011fi yapmaktad\u0131r. Alanya&#8217;n\u0131n Oba, Mahmutlar ve Kestel gibi il\u00e7eleri, denize yak\u0131n iyi planlanm\u0131\u015f konut kompleksleri sunan gayrimenkul yat\u0131r\u0131m\u0131 i\u00e7in \u00f6zellikle pop\u00fclerdir. Aileler, emekliler ve yat\u0131r\u0131mc\u0131lar Alanya&#8217;n\u0131n g\u00fcvenli ve temiz ortam\u0131n\u0131n yan\u0131 s\u0131ra y\u00fczme ve y\u00fcr\u00fcy\u00fc\u015ften \u00fcnl\u00fc Alanya Kalesi gibi tarihi yerleri ziyaret etmeye kadar say\u0131s\u0131z e\u011flence f\u0131rsat\u0131ndan faydalanmaktad\u0131r. \u015eehrin havaalan\u0131 ba\u011flant\u0131lar\u0131 ve modern altyap\u0131s\u0131 seyahat etmeyi ve yerle\u015fmeyi kolayla\u015ft\u0131r\u0131r. \u0130ster huzurlu bir emeklilik, ister yazl\u0131k ev ya da gelecek vaat eden bir yat\u0131r\u0131m ar\u0131yor olun, Alanya do\u011fal g\u00fczellikler, k\u00fclt\u00fcrel zenginlikler ve modern konforun e\u015fsiz bir kar\u0131\u015f\u0131m\u0131n\u0131 sunuyor. Alanya&#8217;n\u0131n her k\u00f6\u015fesinde s\u0131cakl\u0131k, misafirperverlik ve ger\u00e7ek bir Akdeniz ya\u015fam\u0131 duygusu bulacaks\u0131n\u0131z.        <\/p>\n","protected":false},"excerpt":{"rendered":"<p>T\u00fcrkiye&#8217;nin g\u00fczel Akdeniz k\u0131y\u0131s\u0131nda yer alan Alanya, g\u00fcne\u015fli iklimi, alt\u0131n kumsallar\u0131 ve zengin tarihiyle bilinen canl\u0131 ve h\u0131zla b\u00fcy\u00fcyen bir<\/p>\n","protected":false},"featured_media":0,"comment_status":"open","ping_status":"closed","template":"","meta":[],"product_cat":[77],"product_tag":[],"country":[109],"district":[193],"selling-type":[118],"property-type":[120],"location":[152],"property-city":[124],"class_list":{"0":"post-16595","1":"product","2":"type-product","3":"status-publish","5":"product_cat-acil-satilik","6":"country-turkey-tr","7":"district-oba-tr","8":"selling-type-resale-tr","9":"property-type-apartment-tr","10":"location-alanya-tr","11":"property-city-antalya-tr","13":"first","14":"instock","15":"shipping-taxable","16":"purchasable","17":"product-type-simple"},"_links":{"self":[{"href":"https:\/\/www.onurkoserealestate.com\/tr\/wp-json\/wp\/v2\/product\/16595","targetHints":{"allow":["GET"]}}],"collection":[{"href":"https:\/\/www.onurkoserealestate.com\/tr\/wp-json\/wp\/v2\/product"}],"about":[{"href":"https:\/\/www.onurkoserealestate.com\/tr\/wp-json\/wp\/v2\/types\/product"}],"replies":[{"embeddable":true,"href":"https:\/\/www.onurkoserealestate.com\/tr\/wp-json\/wp\/v2\/comments?post=16595"}],"wp:attachment":[{"href":"https:\/\/www.onurkoserealestate.com\/tr\/wp-json\/wp\/v2\/media?parent=16595"}],"wp:term":[{"taxonomy":"product_cat","embeddable":true,"href":"https:\/\/www.onurkoserealestate.com\/tr\/wp-json\/wp\/v2\/product_cat?post=16595"},{"taxonomy":"product_tag","embeddable":true,"href":"https:\/\/www.onurkoserealestate.com\/tr\/wp-json\/wp\/v2\/product_tag?post=16595"},{"taxonomy":"country","embeddable":true,"href":"https:\/\/www.onurkoserealestate.com\/tr\/wp-json\/wp\/v2\/country?post=16595"},{"taxonomy":"district","embeddable":true,"href":"https:\/\/www.onurkoserealestate.com\/tr\/wp-json\/wp\/v2\/district?post=16595"},{"taxonomy":"selling-type","embeddable":true,"href":"https:\/\/www.onurkoserealestate.com\/tr\/wp-json\/wp\/v2\/selling-type?post=16595"},{"taxonomy":"property-type","embeddable":true,"href":"https:\/\/www.onurkoserealestate.com\/tr\/wp-json\/wp\/v2\/property-type?post=16595"},{"taxonomy":"location","embeddable":true,"href":"https:\/\/www.onurkoserealestate.com\/tr\/wp-json\/wp\/v2\/location?post=16595"},{"taxonomy":"property-city","embeddable":true,"href":"https:\/\/www.onurkoserealestate.com\/tr\/wp-json\/wp\/v2\/property-city?post=16595"}],"curies":[{"name":"wp","href":"https:\/\/api.w.org\/{rel}","templated":true}]}}