{"id":16743,"date":"2025-06-04T09:19:28","date_gmt":"2025-06-04T09:19:28","guid":{"rendered":"https:\/\/www.onurkoserealestate.com\/product\/kestel-alanyada-deniz-kenarinda-yasam-satilik-180-m%c2%b2-dubleks\/"},"modified":"2025-06-04T09:19:28","modified_gmt":"2025-06-04T09:19:28","slug":"sea-side-living-in-kestel-alanya-180-m%c2%b2-duplex-for-sale","status":"publish","type":"product","link":"https:\/\/www.onurkoserealestate.com\/tr\/product\/sea-side-living-in-kestel-alanya-180-m%C2%B2-duplex-for-sale\/","title":{"rendered":"Kestel\/Alanya&#8217;da Deniz Kenar\u0131nda Ya\u015fam &#8211; Sat\u0131l\u0131k 180 m\u00b2 Dubleks"},"content":{"rendered":"<p data-start=\"199\" data-end=\"1489\">Alanya, do\u011fal g\u00fczellikler, modern ya\u015fam ve zengin tarihin e\u015fsiz bir kombinasyonunu sunan T\u00fcrkiye&#8217;nin en \u00e7ekici sahil kentlerinden biridir. Akdeniz k\u0131y\u0131s\u0131nda yer alan Alanya, uzun, kumlu plajlar\u0131, berrak turkuaz sular\u0131 ve neredeyse t\u00fcm y\u0131l boyunca s\u0131cak, g\u00fcne\u015fli iklimi ile \u00fcnl\u00fcd\u00fcr. \u0130ster bir tatil beldesi ister kal\u0131c\u0131 bir ev ar\u0131yor olun, Alanya ihtiyac\u0131n\u0131z olan her \u015feyi sa\u011flar. \u015eehir, Mahmutlar, Oba, Kestel ve tarihi merkez gibi her biri kendi cazibesini sunan birka\u00e7 iyi geli\u015fmi\u015f il\u00e7eye ayr\u0131lm\u0131\u015ft\u0131r. Alanya ayr\u0131ca modern deniz manzaral\u0131 dairelerden do\u011fayla i\u00e7 i\u00e7e l\u00fcks villalara kadar \u00e7ok \u00e7e\u015fitli gayrimenkul se\u00e7eneklerine sahiptir. Giderek b\u00fcy\u00fcyen uluslararas\u0131 bir toplulu\u011fa sahip olan Alanya, huzurlu ya\u015fam tarz\u0131n\u0131, uygun ya\u015fam maliyetini ve okullar, hastaneler ve al\u0131\u015fveri\u015f merkezleri gibi m\u00fckemmel olanaklar\u0131 takdir eden yabanc\u0131lar aras\u0131nda giderek daha pop\u00fcler hale gelmektedir. Y\u00fczme, y\u00fcr\u00fcy\u00fc\u015f, yama\u00e7 para\u015f\u00fct\u00fc ve Alanya Kalesi ya da K\u0131z\u0131l Kule&#8217;yi ke\u015ffetmek gibi aktiviteler, sakinlerin ve ziyaret\u00e7ilerin hem do\u011fan\u0131n hem de k\u00fclt\u00fcr\u00fcn tad\u0131n\u0131 \u00e7\u0131karmas\u0131na olanak tan\u0131r. Modern altyap\u0131s\u0131 ve Gazipa\u015fa Havaliman\u0131&#8217;na yak\u0131nl\u0131\u011f\u0131 sayesinde Alanya&#8217;ya ula\u015f\u0131m da olduk\u00e7a kolayd\u0131r. Her anlamda, Alanya sadece ziyaret edilecek bir yer de\u011fil; ya\u015fanacak, yat\u0131r\u0131m yap\u0131lacak ve deniz kenar\u0131nda hayat\u0131n tad\u0131n\u0131 \u00e7\u0131kar\u0131lacak bir yerdir.        <\/p>\n","protected":false},"excerpt":{"rendered":"<p>Alanya, do\u011fal g\u00fczellikler, modern ya\u015fam ve zengin tarihin e\u015fsiz bir kombinasyonunu sunan T\u00fcrkiye&#8217;nin en \u00e7ekici sahil kentlerinden biridir. Akdeniz k\u0131y\u0131s\u0131nda<\/p>\n","protected":false},"featured_media":16684,"comment_status":"open","ping_status":"closed","template":"","meta":[],"product_cat":[77],"product_tag":[],"country":[109],"district":[200],"selling-type":[118],"property-type":[120],"location":[152],"property-city":[124],"class_list":{"0":"post-16743","1":"product","2":"type-product","3":"status-publish","4":"has-post-thumbnail","6":"product_cat-acil-satilik","7":"country-turkey-tr","8":"district-kestel-tr","9":"selling-type-resale-tr","10":"property-type-apartment-tr","11":"location-alanya-tr","12":"property-city-antalya-tr","14":"first","15":"instock","16":"shipping-taxable","17":"purchasable","18":"product-type-simple"},"_links":{"self":[{"href":"https:\/\/www.onurkoserealestate.com\/tr\/wp-json\/wp\/v2\/product\/16743","targetHints":{"allow":["GET"]}}],"collection":[{"href":"https:\/\/www.onurkoserealestate.com\/tr\/wp-json\/wp\/v2\/product"}],"about":[{"href":"https:\/\/www.onurkoserealestate.com\/tr\/wp-json\/wp\/v2\/types\/product"}],"replies":[{"embeddable":true,"href":"https:\/\/www.onurkoserealestate.com\/tr\/wp-json\/wp\/v2\/comments?post=16743"}],"wp:featuredmedia":[{"embeddable":true,"href":"https:\/\/www.onurkoserealestate.com\/tr\/wp-json\/wp\/v2\/media\/16684"}],"wp:attachment":[{"href":"https:\/\/www.onurkoserealestate.com\/tr\/wp-json\/wp\/v2\/media?parent=16743"}],"wp:term":[{"taxonomy":"product_cat","embeddable":true,"href":"https:\/\/www.onurkoserealestate.com\/tr\/wp-json\/wp\/v2\/product_cat?post=16743"},{"taxonomy":"product_tag","embeddable":true,"href":"https:\/\/www.onurkoserealestate.com\/tr\/wp-json\/wp\/v2\/product_tag?post=16743"},{"taxonomy":"country","embeddable":true,"href":"https:\/\/www.onurkoserealestate.com\/tr\/wp-json\/wp\/v2\/country?post=16743"},{"taxonomy":"district","embeddable":true,"href":"https:\/\/www.onurkoserealestate.com\/tr\/wp-json\/wp\/v2\/district?post=16743"},{"taxonomy":"selling-type","embeddable":true,"href":"https:\/\/www.onurkoserealestate.com\/tr\/wp-json\/wp\/v2\/selling-type?post=16743"},{"taxonomy":"property-type","embeddable":true,"href":"https:\/\/www.onurkoserealestate.com\/tr\/wp-json\/wp\/v2\/property-type?post=16743"},{"taxonomy":"location","embeddable":true,"href":"https:\/\/www.onurkoserealestate.com\/tr\/wp-json\/wp\/v2\/location?post=16743"},{"taxonomy":"property-city","embeddable":true,"href":"https:\/\/www.onurkoserealestate.com\/tr\/wp-json\/wp\/v2\/property-city?post=16743"}],"curies":[{"name":"wp","href":"https:\/\/api.w.org\/{rel}","templated":true}]}}