{"id":16747,"date":"2024-07-02T08:30:29","date_gmt":"2024-07-02T08:30:29","guid":{"rendered":"https:\/\/www.onurkoserealestate.com\/product\/alanya-ciplaklida-next-life-projesi-universiteye-yakin-luks-yasam\/"},"modified":"2025-06-16T07:54:03","modified_gmt":"2025-06-16T07:54:03","slug":"next-life-project-in-ciplakli-alanya-luxurious-living-near-the-university","status":"publish","type":"product","link":"https:\/\/www.onurkoserealestate.com\/tr\/product\/next-life-project-in-ciplakli-alanya-luxurious-living-near-the-university\/","title":{"rendered":"Alanya \u00c7\u0131plakl\u0131&#8217;da Next Life Projesi &#8211; \u00dcniversiteye Yak\u0131n L\u00fcks Ya\u015fam"},"content":{"rendered":"<h3>NEXT LIFE PROJE BI\u0307LGI\u0307LERI\u0307<\/h3>\n<p>Projemiz \u00c7\u0131plakl\u0131 b\u00f6lgesinde, Alaaddin Keykubat \u00dcniversitesi kamp\u00fcs\u00fcn\u00fcn yak\u0131n\u0131nda yer almaktad\u0131r. Do\u011fa ve deniz manzaral\u0131 daire se\u00e7enekleri sunmaktay\u0131z. <\/p>\n<p>Proje, 234 Ada 9 Parsel&#8217;de 3585 m\u00b2 alan \u00fczerinde, 2 blok ve 5 kattan olu\u015facak ve ye\u015filliklerle \u00e7evrelenecektir. Komplekste toplam 43 daire ve 4 d\u00fckkan bulunmaktad\u0131r. Daire tipleri aras\u0131nda 2+1 Amerikan mutfakl\u0131, 2+1 ayr\u0131 mutfakl\u0131, 3+1 dubleks bulunmaktad\u0131r.  <\/p>\n<p>Kompleks, y\u00fcr\u00fcy\u00fc\u015f yollar\u0131, oturma alanlar\u0131 ve barbek\u00fc alanlar\u0131 da dahil olmak \u00fczere sakinlerin dinlenmeleri ve zamanlar\u0131n\u0131n tad\u0131n\u0131 \u00e7\u0131karmalar\u0131 i\u00e7in eksiksiz bir altyap\u0131 sunmaktad\u0131r. Ortak alanlar y\u00fcksek kaliteli, modern malzemeler ve yenilik\u00e7i bir tarzla in\u015fa edilecektir. Her daire konfor i\u00e7in hidrofor, jenerat\u00f6r ve su \u0131s\u0131tma sistemleri ile donat\u0131lacakt\u0131r.  <\/p>\n<p>Bu proje ailenizle birlikte ya\u015famak, tatil yapmak ve yat\u0131r\u0131m yapmak i\u00e7in m\u00fckemmel bir se\u00e7imdir. Daha fazla bilgi edinmek ve en iyi se\u00e7ene\u011fi en cazip fiyata rezerve etmek i\u00e7in bizimle ileti\u015fime ge\u00e7in. <\/p>\n<h3>SOSYAL ALANLAR:<\/h3>\n<ul>\n<li>A\u00e7\u0131k Havuz (Yar\u0131 Olimpik 80 m\u00b2)<\/li>\n<li>Fitness Merkezi<\/li>\n<li>Lobi<\/li>\n<li>Oyun Odas\u0131<\/li>\n<li>Kapal\u0131 ve A\u00e7\u0131k Oyun Alanlar\u0131<\/li>\n<li>A\u00e7\u0131k Otopark (Plaka tan\u0131yan kap\u0131 sistemi)<\/li>\n<li>Barbek\u00fc ve Dinlenme Alan\u0131<\/li>\n<li>Y\u00fcr\u00fcy\u00fc\u015f Yolu<\/li>\n<li>Bisiklet Park Yeri<\/li>\n<li>Jenerat\u00f6r<\/li>\n<li>Hidrofor<\/li>\n<li>An\u0131nda Su Is\u0131t\u0131c\u0131<\/li>\n<li>Asans\u00f6r<\/li>\n<li>7\/24 G\u00fcvenlik Kamera Sistemi<\/li>\n<\/ul>\n<h3>Proje Ba\u015flang\u0131\u00e7 Tarihi: Haziran 2025<\/h3>\n<h3>Proje Tamamlanma Tarihi: Aral\u0131k 2027<\/h3>\n<h3>\u00d6DEME PLANI:<\/h3>\n<ul>\n<li><strong>Pe\u015finat<\/strong>: 30%<\/li>\n<li><strong>Kalan Tutar<\/strong>: 36 ayl\u0131k taksitler halinde \u00f6denebilir<\/li>\n<\/ul>\n<p>Daha fazla bilgi almak ve en uygun fiyata en iyi se\u00e7ene\u011fi g\u00fcvence alt\u0131na almak i\u00e7in bizimle ileti\u015fime ge\u00e7mekten \u00e7ekinmeyin.<\/p>\n","protected":false},"excerpt":{"rendered":"<p>NEXT LIFE PROJE BI\u0307LGI\u0307LERI\u0307 Projemiz \u00c7\u0131plakl\u0131 b\u00f6lgesinde, Alaaddin Keykubat \u00dcniversitesi kamp\u00fcs\u00fcn\u00fcn yak\u0131n\u0131nda yer almaktad\u0131r. Do\u011fa ve deniz manzaral\u0131 daire se\u00e7enekleri<\/p>\n","protected":false},"featured_media":6477,"comment_status":"open","ping_status":"closed","template":"","meta":[],"product_cat":[77,101,95,92,89],"product_tag":[],"country":[109],"district":[215],"selling-type":[158,208],"property-type":[120],"location":[152],"property-city":[124],"class_list":{"0":"post-16747","1":"product","2":"type-product","3":"status-publish","4":"has-post-thumbnail","6":"product_cat-acil-satilik","7":"product_cat-deniz-manzarali","8":"product_cat-havuz-manzarasi","9":"product_cat-online-tur","10":"product_cat-taksitli-odeme","11":"country-turkey-tr","12":"district-ciplakli-tr","13":"selling-type-projeler","14":"selling-type-under-construction-projects-tr","15":"property-type-apartment-tr","16":"location-alanya-tr","17":"property-city-antalya-tr","19":"first","20":"instock","21":"shipping-taxable","22":"purchasable","23":"product-type-simple"},"_links":{"self":[{"href":"https:\/\/www.onurkoserealestate.com\/tr\/wp-json\/wp\/v2\/product\/16747","targetHints":{"allow":["GET"]}}],"collection":[{"href":"https:\/\/www.onurkoserealestate.com\/tr\/wp-json\/wp\/v2\/product"}],"about":[{"href":"https:\/\/www.onurkoserealestate.com\/tr\/wp-json\/wp\/v2\/types\/product"}],"replies":[{"embeddable":true,"href":"https:\/\/www.onurkoserealestate.com\/tr\/wp-json\/wp\/v2\/comments?post=16747"}],"wp:featuredmedia":[{"embeddable":true,"href":"https:\/\/www.onurkoserealestate.com\/tr\/wp-json\/wp\/v2\/media\/6477"}],"wp:attachment":[{"href":"https:\/\/www.onurkoserealestate.com\/tr\/wp-json\/wp\/v2\/media?parent=16747"}],"wp:term":[{"taxonomy":"product_cat","embeddable":true,"href":"https:\/\/www.onurkoserealestate.com\/tr\/wp-json\/wp\/v2\/product_cat?post=16747"},{"taxonomy":"product_tag","embeddable":true,"href":"https:\/\/www.onurkoserealestate.com\/tr\/wp-json\/wp\/v2\/product_tag?post=16747"},{"taxonomy":"country","embeddable":true,"href":"https:\/\/www.onurkoserealestate.com\/tr\/wp-json\/wp\/v2\/country?post=16747"},{"taxonomy":"district","embeddable":true,"href":"https:\/\/www.onurkoserealestate.com\/tr\/wp-json\/wp\/v2\/district?post=16747"},{"taxonomy":"selling-type","embeddable":true,"href":"https:\/\/www.onurkoserealestate.com\/tr\/wp-json\/wp\/v2\/selling-type?post=16747"},{"taxonomy":"property-type","embeddable":true,"href":"https:\/\/www.onurkoserealestate.com\/tr\/wp-json\/wp\/v2\/property-type?post=16747"},{"taxonomy":"location","embeddable":true,"href":"https:\/\/www.onurkoserealestate.com\/tr\/wp-json\/wp\/v2\/location?post=16747"},{"taxonomy":"property-city","embeddable":true,"href":"https:\/\/www.onurkoserealestate.com\/tr\/wp-json\/wp\/v2\/property-city?post=16747"}],"curies":[{"name":"wp","href":"https:\/\/api.w.org\/{rel}","templated":true}]}}