{"id":17135,"date":"2025-08-08T09:51:04","date_gmt":"2025-08-08T09:51:04","guid":{"rendered":"https:\/\/www.onurkoserealestate.com\/product\/alanya-yasam-tarzini-yasayin-avsallarda-rahat-11-daire\/"},"modified":"2025-08-08T09:51:04","modified_gmt":"2025-08-08T09:51:04","slug":"live-the-alanya-lifestyle-cozy-11-apartment-in-avsallar","status":"publish","type":"product","link":"https:\/\/www.onurkoserealestate.com\/tr\/product\/live-the-alanya-lifestyle-cozy-11-apartment-in-avsallar\/","title":{"rendered":"Alanya Ya\u015fam Tarz\u0131n\u0131 Ya\u015fay\u0131n \u2013 Avsallar&#8217;da Rahat 1+1 Daire"},"content":{"rendered":"<p data-start=\"129\" data-end=\"510\"><strong data-start=\"153\" data-end=\"163\">Alanya&#8217;n\u0131n <\/strong>kalbinde, huzurlu ve pop\u00fcler Avsallar b\u00f6lgesinde yer alan Nordic Nobby Garden 2&#8217;deki bu \u015f\u0131k 1+1 daire, konfor, <strong data-start=\"193\" data-end=\"205\">konum <\/strong>ve <strong data-start=\"246\" data-end=\"271\">ya\u015fam <\/strong>tarz\u0131n\u0131n <strong data-start=\"345\" data-end=\"372\">m\u00fckemmel <\/strong>birle\u015fimini <strong data-start=\"415\" data-end=\"438\">sunuyor<\/strong>. Denizden sadece 800 metre uzakl\u0131kta bulunan bu 6. kat daire (No: 65), 57 m\u00b2 br\u00fct alana sahip <strong data-start=\"486\" data-end=\"496\">ve <\/strong>Alanya&#8217;n\u0131n sundu\u011fu her \u015feyin tad\u0131n\u0131 \u00e7\u0131karmak i\u00e7in harika bir f\u0131rsat. <\/p>\n<p data-start=\"512\" data-end=\"791\"><strong data-start=\"512\" data-end=\"522\">Alanya<\/strong>, g\u00fczel plajlar\u0131, g\u00fcne\u015fli iklimi ve canl\u0131 sosyal hayat\u0131yla tan\u0131n\u0131r \u2014 ve bu m\u00fclk sizi t\u00fcm bunlar\u0131n tam ortas\u0131na <strong data-start=\"742\" data-end=\"754\">yerle\u015ftirir<\/strong>. \u0130ster tatil evi, ister yat\u0131r\u0131m, ister huzurlu bir ya\u015fam alan\u0131 ar\u0131yor olun, Alanya&#8217;n\u0131n Avsallar b\u00f6lgesi ideal se\u00e7imdir. <\/p>\n<p data-start=\"793\" data-end=\"1039\"><strong data-start=\"835\" data-end=\"847\">Kompleks<\/strong>, <strong data-start=\"849\" data-end=\"873\">ihtiyac\u0131n\u0131z <\/strong>olan <strong data-start=\"875\" data-end=\"912\">her <\/strong>\u015feyi <strong data-start=\"914\" data-end=\"924\">i\u00e7ermektedir<\/strong>: <strong data-start=\"926\" data-end=\"942\">asans\u00f6r<\/strong>, \u00e7ocuk oyun alan\u0131, <strong data-start=\"944\" data-end=\"962\">kapal\u0131 <\/strong>ve <strong data-start=\"968\" data-end=\"977\">a\u00e7\u0131k <\/strong>y\u00fczme havuzlar\u0131, bah\u00e7e, a\u00e7\u0131k otopark, fitness merkezi ve sauna \u2014 hepsi Alanya&#8217;da <strong data-start=\"1028\" data-end=\"1038\">konforunuz <\/strong>ve rahatlaman\u0131z i\u00e7in tasarlanm\u0131\u015ft\u0131r.<\/p>\n<p data-start=\"1041\" data-end=\"1219\"><strong data-start=\"1094\" data-end=\"1104\">Alanya&#8217;da <\/strong>bir cennet <strong data-start=\"1124\" data-end=\"1149\">par\u00e7as\u0131na <\/strong>sahip olma <strong data-start=\"1198\" data-end=\"1208\">f\u0131rsat\u0131n\u0131 <\/strong>ka\u00e7\u0131rmay\u0131n. Nordic Nobby Garden 2&#8217;deki bu daire sadece bir evden daha fazlas\u0131d\u0131r \u2014 Alanya ya\u015fam tarz\u0131na a\u00e7\u0131lan kap\u0131n\u0131zd\u0131r. <\/p>\n","protected":false},"excerpt":{"rendered":"<p>Alanya&#8217;n\u0131n kalbinde, huzurlu ve pop\u00fcler Avsallar b\u00f6lgesinde yer alan Nordic Nobby Garden 2&#8217;deki bu \u015f\u0131k 1+1 daire, konfor, konum ve<\/p>\n","protected":false},"featured_media":17100,"comment_status":"open","ping_status":"closed","template":"","meta":[],"product_cat":[77],"product_tag":[],"country":[109],"district":[153],"selling-type":[118],"property-type":[120],"location":[152],"property-city":[124],"class_list":{"0":"post-17135","1":"product","2":"type-product","3":"status-publish","4":"has-post-thumbnail","6":"product_cat-acil-satilik","7":"country-turkey-tr","8":"district-avsallar-tr","9":"selling-type-resale-tr","10":"property-type-apartment-tr","11":"location-alanya-tr","12":"property-city-antalya-tr","14":"first","15":"instock","16":"shipping-taxable","17":"purchasable","18":"product-type-simple"},"_links":{"self":[{"href":"https:\/\/www.onurkoserealestate.com\/tr\/wp-json\/wp\/v2\/product\/17135","targetHints":{"allow":["GET"]}}],"collection":[{"href":"https:\/\/www.onurkoserealestate.com\/tr\/wp-json\/wp\/v2\/product"}],"about":[{"href":"https:\/\/www.onurkoserealestate.com\/tr\/wp-json\/wp\/v2\/types\/product"}],"replies":[{"embeddable":true,"href":"https:\/\/www.onurkoserealestate.com\/tr\/wp-json\/wp\/v2\/comments?post=17135"}],"wp:featuredmedia":[{"embeddable":true,"href":"https:\/\/www.onurkoserealestate.com\/tr\/wp-json\/wp\/v2\/media\/17100"}],"wp:attachment":[{"href":"https:\/\/www.onurkoserealestate.com\/tr\/wp-json\/wp\/v2\/media?parent=17135"}],"wp:term":[{"taxonomy":"product_cat","embeddable":true,"href":"https:\/\/www.onurkoserealestate.com\/tr\/wp-json\/wp\/v2\/product_cat?post=17135"},{"taxonomy":"product_tag","embeddable":true,"href":"https:\/\/www.onurkoserealestate.com\/tr\/wp-json\/wp\/v2\/product_tag?post=17135"},{"taxonomy":"country","embeddable":true,"href":"https:\/\/www.onurkoserealestate.com\/tr\/wp-json\/wp\/v2\/country?post=17135"},{"taxonomy":"district","embeddable":true,"href":"https:\/\/www.onurkoserealestate.com\/tr\/wp-json\/wp\/v2\/district?post=17135"},{"taxonomy":"selling-type","embeddable":true,"href":"https:\/\/www.onurkoserealestate.com\/tr\/wp-json\/wp\/v2\/selling-type?post=17135"},{"taxonomy":"property-type","embeddable":true,"href":"https:\/\/www.onurkoserealestate.com\/tr\/wp-json\/wp\/v2\/property-type?post=17135"},{"taxonomy":"location","embeddable":true,"href":"https:\/\/www.onurkoserealestate.com\/tr\/wp-json\/wp\/v2\/location?post=17135"},{"taxonomy":"property-city","embeddable":true,"href":"https:\/\/www.onurkoserealestate.com\/tr\/wp-json\/wp\/v2\/property-city?post=17135"}],"curies":[{"name":"wp","href":"https:\/\/api.w.org\/{rel}","templated":true}]}}