{"id":17255,"date":"2025-08-08T10:28:23","date_gmt":"2025-08-08T10:28:23","guid":{"rendered":"https:\/\/www.onurkoserealestate.com\/product\/alanyanin-avsallar-bolgesinde-huzurlu-bir-kacis-sizi-bekliyor\/"},"modified":"2025-08-08T10:41:09","modified_gmt":"2025-08-08T10:41:09","slug":"your-peaceful-escape-awaits-in-alanyas-avsallar","status":"publish","type":"product","link":"https:\/\/www.onurkoserealestate.com\/tr\/product\/your-peaceful-escape-awaits-in-alanyas-avsallar\/","title":{"rendered":"Alanya&#8217;n\u0131n Avsallar b\u00f6lgesinde huzurlu bir ka\u00e7\u0131\u015f sizi bekliyor."},"content":{"rendered":"<p data-start=\"141\" data-end=\"444\"><strong data-start=\"167\" data-end=\"177\">Alanya&#8217;n\u0131n <\/strong>en <strong data-start=\"225\" data-end=\"243\">huzurlu <\/strong>ve <strong data-start=\"255\" data-end=\"267\">h\u0131zla <\/strong>geli\u015fen b\u00f6lgelerinden biri olan <strong data-start=\"433\" data-end=\"443\">Avsallar&#8217;da<\/strong>, Silence Forest kompleksinde bulunan bu zarif 2+1 daire ile Alanya&#8217;da <strong data-start=\"276\" data-end=\"288\">modern <\/strong><strong data-start=\"371\" data-end=\"379\">ya\u015fam\u0131 <\/strong>ke\u015ffedin. 2025 y\u0131l\u0131nda tamamlanan bu yepyeni bina, Alanya&#8217;n\u0131n kalbinde hem konfor hem de rahatl\u0131k sunuyor. <\/p>\n<p data-start=\"446\" data-end=\"750\">Denize sadece<strong data-start=\"459\" data-end=\"488\"> 1.100<\/strong> metre uzakl\u0131kta bulunan bu<strong data-start=\"712\" data-end=\"722\"> 63 m\u00b2<\/strong>&#8216;lik daire, 5 katl\u0131 bir binan\u0131n 3. kat\u0131nda yer almakta ve <strong data-start=\"527\" data-end=\"540\">do\u011fa <\/strong>ile \u015fehir hayat\u0131 aras\u0131nda <strong data-start=\"495\" data-end=\"504\">m\u00fckemmel <\/strong>bir denge sunmaktad\u0131r. \u0130ster tatil evi ister ak\u0131ll\u0131 bir yat\u0131r\u0131m ar\u0131yor olun, <strong data-start=\"546\" data-end=\"557\">Alanya&#8217;daki <\/strong>bu m\u00fclk harika bir f\u0131rsatt\u0131r. <\/p>\n<p data-start=\"752\" data-end=\"1053\">Site, y\u00fczme <strong data-start=\"807\" data-end=\"824\">havuzu<\/strong>, <strong data-start=\"826\" data-end=\"837\">jakuzi <\/strong>ve <strong data-start=\"843\" data-end=\"852\">sauna <\/strong>gibi <strong data-start=\"878\" data-end=\"888\">birinci <\/strong><strong data-start=\"921\" data-end=\"933\">s\u0131n\u0131f <\/strong><strong data-start=\"1006\" data-end=\"1018\">sosyal <\/strong>olanaklara sahiptir ve Alanya&#8217;da g\u00fcnl\u00fck hayat\u0131 s\u00fcrekli bir tatil gibi hissettirir. Yerel ve uluslararas\u0131 al\u0131c\u0131lar aras\u0131nda pop\u00fcler olan Avsallar, Alanya&#8217;n\u0131n plajlar\u0131na, pazarlar\u0131na ve restoranlar\u0131na kolay eri\u015fim imkan\u0131 sunar.<\/p>\n<p data-start=\"1055\" data-end=\"1234\">Neredeyse t\u00fcm y\u0131l boyunca g\u00fcne\u015fin parlad\u0131\u011f\u0131 ve <strong data-start=\"1095\" data-end=\"1105\">Akdeniz <\/strong>ya\u015fam tarz\u0131n\u0131n kap\u0131n\u0131z\u0131n \u00f6n\u00fcnde oldu\u011fu Alanya&#8217;da bir ev sahibi olma f\u0131rsat\u0131n\u0131 ka\u00e7\u0131rmay\u0131n. <strong data-start=\"1208\" data-end=\"1218\">Alanya&#8217;y\u0131 <\/strong>bir sonraki ad\u0131m\u0131n\u0131z yap\u0131n! <\/p>\n","protected":false},"excerpt":{"rendered":"<p>Alanya&#8217;n\u0131n en huzurlu ve h\u0131zla geli\u015fen b\u00f6lgelerinden biri olan Avsallar&#8217;da, Silence Forest kompleksinde bulunan bu zarif 2+1 daire ile Alanya&#8217;da<\/p>\n","protected":false},"featured_media":17200,"comment_status":"open","ping_status":"closed","template":"","meta":[],"product_cat":[77],"product_tag":[],"country":[109],"district":[153],"selling-type":[118],"property-type":[120],"location":[152],"property-city":[124],"class_list":{"0":"post-17255","1":"product","2":"type-product","3":"status-publish","4":"has-post-thumbnail","6":"product_cat-acil-satilik","7":"country-turkey-tr","8":"district-avsallar-tr","9":"selling-type-resale-tr","10":"property-type-apartment-tr","11":"location-alanya-tr","12":"property-city-antalya-tr","14":"first","15":"instock","16":"shipping-taxable","17":"purchasable","18":"product-type-simple"},"_links":{"self":[{"href":"https:\/\/www.onurkoserealestate.com\/tr\/wp-json\/wp\/v2\/product\/17255","targetHints":{"allow":["GET"]}}],"collection":[{"href":"https:\/\/www.onurkoserealestate.com\/tr\/wp-json\/wp\/v2\/product"}],"about":[{"href":"https:\/\/www.onurkoserealestate.com\/tr\/wp-json\/wp\/v2\/types\/product"}],"replies":[{"embeddable":true,"href":"https:\/\/www.onurkoserealestate.com\/tr\/wp-json\/wp\/v2\/comments?post=17255"}],"wp:featuredmedia":[{"embeddable":true,"href":"https:\/\/www.onurkoserealestate.com\/tr\/wp-json\/wp\/v2\/media\/17200"}],"wp:attachment":[{"href":"https:\/\/www.onurkoserealestate.com\/tr\/wp-json\/wp\/v2\/media?parent=17255"}],"wp:term":[{"taxonomy":"product_cat","embeddable":true,"href":"https:\/\/www.onurkoserealestate.com\/tr\/wp-json\/wp\/v2\/product_cat?post=17255"},{"taxonomy":"product_tag","embeddable":true,"href":"https:\/\/www.onurkoserealestate.com\/tr\/wp-json\/wp\/v2\/product_tag?post=17255"},{"taxonomy":"country","embeddable":true,"href":"https:\/\/www.onurkoserealestate.com\/tr\/wp-json\/wp\/v2\/country?post=17255"},{"taxonomy":"district","embeddable":true,"href":"https:\/\/www.onurkoserealestate.com\/tr\/wp-json\/wp\/v2\/district?post=17255"},{"taxonomy":"selling-type","embeddable":true,"href":"https:\/\/www.onurkoserealestate.com\/tr\/wp-json\/wp\/v2\/selling-type?post=17255"},{"taxonomy":"property-type","embeddable":true,"href":"https:\/\/www.onurkoserealestate.com\/tr\/wp-json\/wp\/v2\/property-type?post=17255"},{"taxonomy":"location","embeddable":true,"href":"https:\/\/www.onurkoserealestate.com\/tr\/wp-json\/wp\/v2\/location?post=17255"},{"taxonomy":"property-city","embeddable":true,"href":"https:\/\/www.onurkoserealestate.com\/tr\/wp-json\/wp\/v2\/property-city?post=17255"}],"curies":[{"name":"wp","href":"https:\/\/api.w.org\/{rel}","templated":true}]}}