{"id":17523,"date":"2025-08-08T12:14:56","date_gmt":"2025-08-08T12:14:56","guid":{"rendered":"https:\/\/www.onurkoserealestate.com\/product\/denize-sadece-1-km-uzaklikta-modern-21-daire-alanya-living\/"},"modified":"2025-08-08T12:14:56","modified_gmt":"2025-08-08T12:14:56","slug":"modern-21-apartment-just-1-km-from-the-sea-alanya-living","status":"publish","type":"product","link":"https:\/\/www.onurkoserealestate.com\/tr\/product\/modern-21-apartment-just-1-km-from-the-sea-alanya-living\/","title":{"rendered":"Denize sadece 1 km uzakl\u0131kta modern 2+1 daire \u2013 Alanya Living!"},"content":{"rendered":"<p data-start=\"139\" data-end=\"506\"><strong data-start=\"150\" data-end=\"168\">Alanya&#8217;n\u0131n<\/strong> <strong data-start=\"193\" data-end=\"205\">pop\u00fcler <\/strong><strong data-start=\"214\" data-end=\"224\">Cikcilli <\/strong><strong data-start=\"247\" data-end=\"264\">b\u00f6lgesinde <\/strong>bulunan <strong data-start=\"296\" data-end=\"308\">Crystal Garden<\/strong>&#8216;a ho\u015f geldiniz! Bu tamamen mobilyal\u0131<strong data-start=\"366\" data-end=\"376\"> 2+1<\/strong> daire, <strong data-start=\"391\" data-end=\"404\">Alanya&#8217;n\u0131n <\/strong>en \u00e7ok ra\u011fbet g\u00f6ren konut komplekslerinden birinde modern bir ya\u015fam sunuyor. A Blok&#8217;un 5. kat\u0131nda<strong data-start=\"408\" data-end=\"419\"> 120 m\u00b2<\/strong>&#8216;lik geni\u015f bir alana sahip olan bu m\u00fclk, <strong data-start=\"495\" data-end=\"505\">Alanya&#8217;da <\/strong>y\u0131l boyunca ya\u015famak veya tatil ama\u00e7l\u0131 kullanmak i\u00e7in m\u00fckemmeldir. <\/p>\n<p data-start=\"508\" data-end=\"805\"><strong data-start=\"517\" data-end=\"525\">2014 y\u0131l\u0131nda<\/strong> in\u015fa edilen daire, denizden sadece <strong data-start=\"549\" data-end=\"570\">1 km<\/strong> uzakl\u0131kta olup, <strong data-start=\"676\" data-end=\"686\">Alanya&#8217;n\u0131n <\/strong>\u00fcnl\u00fc plajlar\u0131na kolay eri\u015fim imkan\u0131 sunarken, huzurlu bir konut atmosferinin tad\u0131n\u0131 \u00e7\u0131karman\u0131z\u0131 sa\u011flar. <strong data-start=\"598\" data-end=\"610\">Alanya<\/strong>, \u015fehir hayat\u0131, do\u011fa ve sahil \u015feridinin m\u00fckemmel birle\u015fimiyle tan\u0131n\u0131r ve bu konum, t\u00fcm bunlara yak\u0131n olman\u0131z\u0131 sa\u011flar.<\/p>\n<p data-start=\"807\" data-end=\"1101\"><strong data-start=\"807\" data-end=\"825\">Crystal Garden<\/strong>, y\u00fczme havuzu, fitness merkezi, sauna, \u00e7ocuk oyun alan\u0131 ve daha fazlas\u0131n\u0131 i\u00e7eren eksiksiz sosyal olanaklar sunarak size <strong data-start=\"960\" data-end=\"970\">Alanya&#8217;da <\/strong>en \u00fcst d\u00fczey ya\u015fam deneyimini ya\u015fat\u0131r. \u0130ster dinlenmek, ister aktif kalmak, ister yat\u0131r\u0131m yapmak isteyin, <strong data-start=\"1068\" data-end=\"1078\">Alanya&#8217;daki <\/strong>bu daire harika bir se\u00e7imdir. <\/p>\n<p data-start=\"1103\" data-end=\"1233\">Konfor, konum ve kalitenin m\u00fckemmel bir \u015fekilde bir araya geldi\u011fi <strong data-start=\"1158\" data-end=\"1168\">Alanya&#8217;da <\/strong>tam donan\u0131ml\u0131 bir eve sahip olma f\u0131rsat\u0131n\u0131 ka\u00e7\u0131rmay\u0131n.<\/p>\n","protected":false},"excerpt":{"rendered":"<p>Alanya&#8217;n\u0131n pop\u00fcler Cikcilli b\u00f6lgesinde bulunan Crystal Garden&#8216;a ho\u015f geldiniz! Bu tamamen mobilyal\u0131 2+1 daire, Alanya&#8217;n\u0131n en \u00e7ok ra\u011fbet g\u00f6ren konut<\/p>\n","protected":false},"featured_media":17520,"comment_status":"open","ping_status":"closed","template":"","meta":[],"product_cat":[77],"product_tag":[],"country":[109],"district":[219],"selling-type":[118],"property-type":[120],"location":[152],"property-city":[124],"class_list":{"0":"post-17523","1":"product","2":"type-product","3":"status-publish","4":"has-post-thumbnail","6":"product_cat-acil-satilik","7":"country-turkey-tr","8":"district-cikcilli-tr","9":"selling-type-resale-tr","10":"property-type-apartment-tr","11":"location-alanya-tr","12":"property-city-antalya-tr","14":"first","15":"instock","16":"shipping-taxable","17":"purchasable","18":"product-type-simple"},"_links":{"self":[{"href":"https:\/\/www.onurkoserealestate.com\/tr\/wp-json\/wp\/v2\/product\/17523","targetHints":{"allow":["GET"]}}],"collection":[{"href":"https:\/\/www.onurkoserealestate.com\/tr\/wp-json\/wp\/v2\/product"}],"about":[{"href":"https:\/\/www.onurkoserealestate.com\/tr\/wp-json\/wp\/v2\/types\/product"}],"replies":[{"embeddable":true,"href":"https:\/\/www.onurkoserealestate.com\/tr\/wp-json\/wp\/v2\/comments?post=17523"}],"wp:featuredmedia":[{"embeddable":true,"href":"https:\/\/www.onurkoserealestate.com\/tr\/wp-json\/wp\/v2\/media\/17520"}],"wp:attachment":[{"href":"https:\/\/www.onurkoserealestate.com\/tr\/wp-json\/wp\/v2\/media?parent=17523"}],"wp:term":[{"taxonomy":"product_cat","embeddable":true,"href":"https:\/\/www.onurkoserealestate.com\/tr\/wp-json\/wp\/v2\/product_cat?post=17523"},{"taxonomy":"product_tag","embeddable":true,"href":"https:\/\/www.onurkoserealestate.com\/tr\/wp-json\/wp\/v2\/product_tag?post=17523"},{"taxonomy":"country","embeddable":true,"href":"https:\/\/www.onurkoserealestate.com\/tr\/wp-json\/wp\/v2\/country?post=17523"},{"taxonomy":"district","embeddable":true,"href":"https:\/\/www.onurkoserealestate.com\/tr\/wp-json\/wp\/v2\/district?post=17523"},{"taxonomy":"selling-type","embeddable":true,"href":"https:\/\/www.onurkoserealestate.com\/tr\/wp-json\/wp\/v2\/selling-type?post=17523"},{"taxonomy":"property-type","embeddable":true,"href":"https:\/\/www.onurkoserealestate.com\/tr\/wp-json\/wp\/v2\/property-type?post=17523"},{"taxonomy":"location","embeddable":true,"href":"https:\/\/www.onurkoserealestate.com\/tr\/wp-json\/wp\/v2\/location?post=17523"},{"taxonomy":"property-city","embeddable":true,"href":"https:\/\/www.onurkoserealestate.com\/tr\/wp-json\/wp\/v2\/property-city?post=17523"}],"curies":[{"name":"wp","href":"https:\/\/api.w.org\/{rel}","templated":true}]}}