{"id":18059,"date":"2025-08-11T09:05:12","date_gmt":"2025-08-11T09:05:12","guid":{"rendered":"https:\/\/www.onurkoserealestate.com\/?post_type=product&#038;p=18059"},"modified":"2025-08-11T12:04:05","modified_gmt":"2025-08-11T12:04:05","slug":"kargicakta-denize-sifir-luks-ve-konforun-bulustugu-essiz-11-daire","status":"publish","type":"product","link":"https:\/\/www.onurkoserealestate.com\/tr\/product\/kargicakta-denize-sifir-luks-ve-konforun-bulustugu-essiz-11-daire\/","title":{"rendered":"Karg\u0131cak\u2019ta Denize S\u0131f\u0131r, L\u00fcks ve Konforun Bulu\u015ftu\u011fu E\u015fsiz 1+1 Daire"},"content":{"rendered":"<p data-start=\"77\" data-end=\"141\"><strong data-start=\"77\" data-end=\"139\">Karg\u0131cak\u2019ta Denize S\u0131f\u0131r L\u00fcks Ya\u015fam \u2013 Nordic Art Residence<\/strong><\/p>\n<p data-start=\"143\" data-end=\"400\">Karg\u0131cak\u2019\u0131n prestijli konumunda, <strong data-start=\"176\" data-end=\"200\">Nordic Art Residence<\/strong>\u2019ta yer alan bu e\u015fyal\u0131 1+1 daire, denize s\u0131f\u0131r konumuyla size benzersiz bir ya\u015fam sunuyor. <strong data-start=\"291\" data-end=\"302\">66,5 m\u00b2<\/strong> kullan\u0131m alan\u0131na sahip daire, binan\u0131n 2. kat\u0131nda yer almakta olup 2024 y\u0131l\u0131nda in\u015fa edilmi\u015ftir.<\/p>\n<p data-start=\"402\" data-end=\"616\">G\u00fcneybat\u0131 cepheye sahip daire, hem deniz hem de Alanya Kalesi manzaras\u0131yla b\u00fcy\u00fcleyici bir atmosfer yarat\u0131r. Geni\u015f balkon, 1 banyo\/WC, modern tasar\u0131m ve ferah i\u00e7 mekanlar ya\u015fam konforunuzu en \u00fcst seviyeye \u00e7\u0131kar\u0131r.<\/p>\n<p data-start=\"618\" data-end=\"641\"><strong data-start=\"618\" data-end=\"639\">Site \u00d6zellikleri:<\/strong><\/p>\n<ul data-start=\"642\" data-end=\"811\">\n<li data-start=\"642\" data-end=\"673\">\n<p data-start=\"644\" data-end=\"673\">A\u00e7\u0131k ve kapal\u0131 y\u00fczme havuzu<\/p>\n<\/li>\n<li data-start=\"674\" data-end=\"692\">\n<p data-start=\"676\" data-end=\"692\">Kapal\u0131 otopark<\/p>\n<\/li>\n<li data-start=\"693\" data-end=\"722\">\n<p data-start=\"695\" data-end=\"722\">Hamam, sauna, buhar odas\u0131<\/p>\n<\/li>\n<li data-start=\"723\" data-end=\"742\">\n<p data-start=\"725\" data-end=\"742\">Fitness merkezi<\/p>\n<\/li>\n<li data-start=\"743\" data-end=\"769\">\n<p data-start=\"745\" data-end=\"769\">Bilardo ve masaj odas\u0131<\/p>\n<\/li>\n<li data-start=\"770\" data-end=\"796\">\n<p data-start=\"772\" data-end=\"796\">Lobi, \u00e7ocuk oyun odas\u0131<\/p>\n<\/li>\n<li data-start=\"797\" data-end=\"811\">\n<p data-start=\"799\" data-end=\"811\">Depo alan\u0131<\/p>\n<\/li>\n<\/ul>\n<p data-start=\"813\" data-end=\"860\">\n","protected":false},"excerpt":{"rendered":"<p>Karg\u0131cak\u2019ta Denize S\u0131f\u0131r L\u00fcks Ya\u015fam \u2013 Nordic Art Residence Karg\u0131cak\u2019\u0131n prestijli konumunda, Nordic Art Residence\u2019ta yer alan bu e\u015fyal\u0131 1+1<\/p>\n","protected":false},"featured_media":18132,"comment_status":"open","ping_status":"closed","template":"","meta":[],"product_cat":[101],"product_tag":[],"country":[109],"district":[154],"selling-type":[118],"property-type":[120],"location":[152],"property-city":[124],"class_list":{"0":"post-18059","1":"product","2":"type-product","3":"status-publish","4":"has-post-thumbnail","6":"product_cat-deniz-manzarali","7":"country-turkey-tr","8":"district-kargicak-tr","9":"selling-type-resale-tr","10":"property-type-apartment-tr","11":"location-alanya-tr","12":"property-city-antalya-tr","14":"first","15":"instock","16":"sale","17":"shipping-taxable","18":"purchasable","19":"product-type-simple"},"_links":{"self":[{"href":"https:\/\/www.onurkoserealestate.com\/tr\/wp-json\/wp\/v2\/product\/18059","targetHints":{"allow":["GET"]}}],"collection":[{"href":"https:\/\/www.onurkoserealestate.com\/tr\/wp-json\/wp\/v2\/product"}],"about":[{"href":"https:\/\/www.onurkoserealestate.com\/tr\/wp-json\/wp\/v2\/types\/product"}],"replies":[{"embeddable":true,"href":"https:\/\/www.onurkoserealestate.com\/tr\/wp-json\/wp\/v2\/comments?post=18059"}],"wp:featuredmedia":[{"embeddable":true,"href":"https:\/\/www.onurkoserealestate.com\/tr\/wp-json\/wp\/v2\/media\/18132"}],"wp:attachment":[{"href":"https:\/\/www.onurkoserealestate.com\/tr\/wp-json\/wp\/v2\/media?parent=18059"}],"wp:term":[{"taxonomy":"product_cat","embeddable":true,"href":"https:\/\/www.onurkoserealestate.com\/tr\/wp-json\/wp\/v2\/product_cat?post=18059"},{"taxonomy":"product_tag","embeddable":true,"href":"https:\/\/www.onurkoserealestate.com\/tr\/wp-json\/wp\/v2\/product_tag?post=18059"},{"taxonomy":"country","embeddable":true,"href":"https:\/\/www.onurkoserealestate.com\/tr\/wp-json\/wp\/v2\/country?post=18059"},{"taxonomy":"district","embeddable":true,"href":"https:\/\/www.onurkoserealestate.com\/tr\/wp-json\/wp\/v2\/district?post=18059"},{"taxonomy":"selling-type","embeddable":true,"href":"https:\/\/www.onurkoserealestate.com\/tr\/wp-json\/wp\/v2\/selling-type?post=18059"},{"taxonomy":"property-type","embeddable":true,"href":"https:\/\/www.onurkoserealestate.com\/tr\/wp-json\/wp\/v2\/property-type?post=18059"},{"taxonomy":"location","embeddable":true,"href":"https:\/\/www.onurkoserealestate.com\/tr\/wp-json\/wp\/v2\/location?post=18059"},{"taxonomy":"property-city","embeddable":true,"href":"https:\/\/www.onurkoserealestate.com\/tr\/wp-json\/wp\/v2\/property-city?post=18059"}],"curies":[{"name":"wp","href":"https:\/\/api.w.org\/{rel}","templated":true}]}}