{"id":18062,"date":"2025-08-11T08:26:02","date_gmt":"2025-08-11T08:26:02","guid":{"rendered":"https:\/\/www.onurkoserealestate.com\/product\/crystal-towers-alanyada-tamamen-mobilyali-11-daire\/"},"modified":"2025-08-11T08:26:02","modified_gmt":"2025-08-11T08:26:02","slug":"fully-furnished-11-apartment-in-crystal-towers-alanya","status":"publish","type":"product","link":"https:\/\/www.onurkoserealestate.com\/tr\/product\/fully-furnished-11-apartment-in-crystal-towers-alanya\/","title":{"rendered":"Crystal Towers \u2013 Alanya&#8217;da Tamamen Mobilyal\u0131 1+1 Daire"},"content":{"rendered":"<p data-start=\"260\" data-end=\"336\"><strong data-start=\"260\" data-end=\"336\">Crystal Towers \u2013 Alanya \/ Cikcilli&#8217;de Vatanda\u015fl\u0131k Hakk\u0131 Kazand\u0131ran 1+1 Daire<\/strong><\/p>\n<p data-start=\"338\" data-end=\"738\"><strong data-start=\"577\" data-end=\"587\">Alanya&#8217;n\u0131n <\/strong>pop\u00fcler <strong data-start=\"428\" data-end=\"446\">Cikcilli <\/strong>b\u00f6lgesinde bulunan <strong data-start=\"378\" data-end=\"388\">Crystal Towers<\/strong>&#8216;daki bu tamamen mobilyal\u0131 1+1 daire, konfor, rahatl\u0131k ve yat\u0131r\u0131m potansiyelinin m\u00fckemmel bir kar\u0131\u015f\u0131m\u0131n\u0131 sunuyor. Alanya&#8217;n\u0131n muhte\u015fem plajlar\u0131na sadece 800 metre uzakl\u0131kta bulunan daire, toplam 65 m\u00b2 alana sahiptir ve A Blok&#8217;un 1. kat\u0131nda yer almaktad\u0131r. 2014 y\u0131l\u0131nda in\u015fa edilen daire, m\u00fckemmel durumda ve ta\u015f\u0131nmaya haz\u0131rd\u0131r.  <\/p>\n<p data-start=\"740\" data-end=\"1026\"><strong data-start=\"740\" data-end=\"758\">Crystal Towers<\/strong>, <strong data-start=\"989\" data-end=\"999\">Alanya&#8217;n\u0131n<\/strong> en \u00e7ok ra\u011fbet g\u00f6ren konut komplekslerinden biridir ve eksiksiz sosyal tesisleri ve tatil k\u00f6y\u00fc tarz\u0131 olanaklar\u0131yla tan\u0131n\u0131r. Y\u00fczme havuzlar\u0131ndan fitness alanlar\u0131na kadar, <strong data-start=\"816\" data-end=\"826\">Alanya&#8217;da <\/strong>l\u00fcks bir ya\u015fam tarz\u0131 i\u00e7in ihtiyac\u0131n\u0131z olan her \u015fey kap\u0131n\u0131z\u0131n \u00f6n\u00fcnde. <\/p>\n<p data-start=\"1028\" data-end=\"1351\"><strong data-start=\"1340\" data-end=\"1350\">En iyisi de<\/strong>, bu m\u00fclk T\u00fcrk vatanda\u015fl\u0131\u011f\u0131 ve oturma izni almaya uygun oldu\u011fundan, <strong data-start=\"1058\" data-end=\"1108\">Alanya&#8217;da <\/strong>yerle\u015fmek isteyen uluslararas\u0131 al\u0131c\u0131lar i\u00e7in m\u00fckemmel bir se\u00e7imdir. \u0130ster burada kal\u0131c\u0131 olarak ya\u015famay\u0131 planl\u0131yor olun, ister tatil evi olarak kullanmay\u0131 d\u00fc\u015f\u00fcn\u00fcn, bu daire <strong data-start=\"1200\" data-end=\"1210\">Alanya&#8217;n\u0131n <\/strong>kalbinde b\u00fcy\u00fck bir de\u011fer sunmaktad\u0131r. <\/p>\n<p data-start=\"1353\" data-end=\"1472\">Denize yak\u0131n ve potansiyel dolu g\u00fczel <strong data-start=\"1421\" data-end=\"1431\">Alanya&#8217;da <\/strong>\u015f\u0131k bir ev sahibi olmak i\u00e7in bu nadir f\u0131rsat\u0131 ka\u00e7\u0131rmay\u0131n.<\/p>\n","protected":false},"excerpt":{"rendered":"<p>Crystal Towers \u2013 Alanya \/ Cikcilli&#8217;de Vatanda\u015fl\u0131k Hakk\u0131 Kazand\u0131ran 1+1 Daire Alanya&#8217;n\u0131n pop\u00fcler Cikcilli b\u00f6lgesinde bulunan Crystal Towers&#8216;daki bu tamamen<\/p>\n","protected":false},"featured_media":17966,"comment_status":"open","ping_status":"closed","template":"","meta":[],"product_cat":[77,78,84],"product_tag":[],"country":[109],"district":[219],"selling-type":[118],"property-type":[120],"location":[152],"property-city":[124],"class_list":{"0":"post-18062","1":"product","2":"type-product","3":"status-publish","4":"has-post-thumbnail","6":"product_cat-acil-satilik","7":"product_cat-konut-icin-uygun","8":"product_cat-vatandaslik","9":"country-turkey-tr","10":"district-cikcilli-tr","11":"selling-type-resale-tr","12":"property-type-apartment-tr","13":"location-alanya-tr","14":"property-city-antalya-tr","16":"first","17":"instock","18":"shipping-taxable","19":"purchasable","20":"product-type-simple"},"_links":{"self":[{"href":"https:\/\/www.onurkoserealestate.com\/tr\/wp-json\/wp\/v2\/product\/18062","targetHints":{"allow":["GET"]}}],"collection":[{"href":"https:\/\/www.onurkoserealestate.com\/tr\/wp-json\/wp\/v2\/product"}],"about":[{"href":"https:\/\/www.onurkoserealestate.com\/tr\/wp-json\/wp\/v2\/types\/product"}],"replies":[{"embeddable":true,"href":"https:\/\/www.onurkoserealestate.com\/tr\/wp-json\/wp\/v2\/comments?post=18062"}],"wp:featuredmedia":[{"embeddable":true,"href":"https:\/\/www.onurkoserealestate.com\/tr\/wp-json\/wp\/v2\/media\/17966"}],"wp:attachment":[{"href":"https:\/\/www.onurkoserealestate.com\/tr\/wp-json\/wp\/v2\/media?parent=18062"}],"wp:term":[{"taxonomy":"product_cat","embeddable":true,"href":"https:\/\/www.onurkoserealestate.com\/tr\/wp-json\/wp\/v2\/product_cat?post=18062"},{"taxonomy":"product_tag","embeddable":true,"href":"https:\/\/www.onurkoserealestate.com\/tr\/wp-json\/wp\/v2\/product_tag?post=18062"},{"taxonomy":"country","embeddable":true,"href":"https:\/\/www.onurkoserealestate.com\/tr\/wp-json\/wp\/v2\/country?post=18062"},{"taxonomy":"district","embeddable":true,"href":"https:\/\/www.onurkoserealestate.com\/tr\/wp-json\/wp\/v2\/district?post=18062"},{"taxonomy":"selling-type","embeddable":true,"href":"https:\/\/www.onurkoserealestate.com\/tr\/wp-json\/wp\/v2\/selling-type?post=18062"},{"taxonomy":"property-type","embeddable":true,"href":"https:\/\/www.onurkoserealestate.com\/tr\/wp-json\/wp\/v2\/property-type?post=18062"},{"taxonomy":"location","embeddable":true,"href":"https:\/\/www.onurkoserealestate.com\/tr\/wp-json\/wp\/v2\/location?post=18062"},{"taxonomy":"property-city","embeddable":true,"href":"https:\/\/www.onurkoserealestate.com\/tr\/wp-json\/wp\/v2\/property-city?post=18062"}],"curies":[{"name":"wp","href":"https:\/\/api.w.org\/{rel}","templated":true}]}}