{"id":18324,"date":"2025-08-11T09:07:06","date_gmt":"2025-08-11T09:07:06","guid":{"rendered":"https:\/\/www.onurkoserealestate.com\/product\/astra-suite-alanyada-satilik-rahat-11-daire\/"},"modified":"2025-08-11T09:07:06","modified_gmt":"2025-08-11T09:07:06","slug":"cozy-11-apartment-for-sale-in-astra-suite-alanya","status":"publish","type":"product","link":"https:\/\/www.onurkoserealestate.com\/tr\/product\/cozy-11-apartment-for-sale-in-astra-suite-alanya\/","title":{"rendered":"Astra Suite \u2013 Alanya&#8217;da Sat\u0131l\u0131k Rahat 1+1 Daire"},"content":{"rendered":"<p data-start=\"238\" data-end=\"297\"><strong data-start=\"238\" data-end=\"297\">Astra Suite&#8217;te Modern 1+1 Daire \u2013 Alanya \/ Demirta\u015f<\/strong><\/p>\n<p data-start=\"299\" data-end=\"601\">Bu rahat ve modern 1+1 daire, Alanya&#8217;n\u0131n <strong data-start=\"590\" data-end=\"600\">Demirta\u015f <\/strong>b\u00f6lgesinde bulunan huzurlu bir konut kompleksi olan <strong data-start=\"348\" data-end=\"363\">Astra Suite<\/strong>&#8216;te yer almaktad\u0131r. Toplam<strong data-start=\"420\" data-end=\"430\"> 50 m\u00b2 <\/strong>alana sahip daire, 2. katta bulunmakta ve beyaz e\u015fyalarla tam donan\u0131ml\u0131d\u0131r, bu da onu g\u00fczel Alanya&#8217;da ta\u015f\u0131nmaya haz\u0131r bir se\u00e7enek haline getirmektedir. <\/p>\n<p data-start=\"603\" data-end=\"840\">Dairede 1 banyo, 1 balkon ve bekarlar, \u00e7iftler veya tatil evi olarak ideal olan i\u015flevsel bir yerle\u015fim plan\u0131 bulunmaktad\u0131r. Plaja sadece 700 metre uzakl\u0131kta bulunan daireden, <strong data-start=\"805\" data-end=\"815\">Alanya&#8217;n\u0131n <\/strong>berrak sular\u0131n\u0131n keyfini y\u00fcr\u00fcyerek ula\u015fabilece\u011finiz mesafede \u00e7\u0131karabilirsiniz. <\/p>\n<p data-start=\"842\" data-end=\"1187\"><strong data-start=\"842\" data-end=\"857\">Astra Suite<\/strong>, <strong data-start=\"1149\" data-end=\"1159\">Alanya&#8217;da <\/strong>g\u00fcnl\u00fck ya\u015fam\u0131 kolayla\u015ft\u0131ran \u00e7e\u015fitli tesis i\u00e7i olanaklar sunmaktad\u0131r. Bunlar aras\u0131nda asans\u00f6r, bak\u0131ml\u0131 bir bah\u00e7e, \u00e7ocuk oyun alan\u0131, a\u00e7\u0131k y\u00fczme havuzu ve a\u00e7\u0131k otopark bulunmaktad\u0131r. Demirta\u015f&#8217;\u0131n sakin atmosferi, <strong data-start=\"920\" data-end=\"930\">Alanya&#8217;da <\/strong>\u015fehir kalabal\u0131\u011f\u0131ndan uzak, daha rahat bir ya\u015fam tarz\u0131 arayanlara m\u00fckemmel bir se\u00e7enek sunmaktad\u0131r.  <\/p>\n<p data-start=\"1189\" data-end=\"1361\">Ak\u0131ll\u0131 bir yat\u0131r\u0131m ya da Akdeniz k\u0131y\u0131s\u0131nda huzurlu bir tatil yeri ar\u0131yorsan\u0131z, <strong data-start=\"1297\" data-end=\"1307\">Alanya&#8217;n\u0131n <\/strong>Demirta\u015f b\u00f6lgesindeki bu daire m\u00fckemmel bir de\u011fer ve konfor sunuyor.<\/p>\n<p data-start=\"1363\" data-end=\"1465\"><strong data-start=\"1422\" data-end=\"1434\">Alanya&#8217;n\u0131n <\/strong>h\u0131zla geli\u015fen mahallelerinden birinde kaliteli bir m\u00fclk sahibi olma f\u0131rsat\u0131n\u0131 ka\u00e7\u0131rmay\u0131n!<\/p>\n","protected":false},"excerpt":{"rendered":"<p>Astra Suite&#8217;te Modern 1+1 Daire \u2013 Alanya \/ Demirta\u015f Bu rahat ve modern 1+1 daire, Alanya&#8217;n\u0131n Demirta\u015f b\u00f6lgesinde bulunan huzurlu<\/p>\n","protected":false},"featured_media":18287,"comment_status":"open","ping_status":"closed","template":"","meta":[],"product_cat":[77],"product_tag":[],"country":[109],"district":[223],"selling-type":[118],"property-type":[120],"location":[152],"property-city":[124],"class_list":{"0":"post-18324","1":"product","2":"type-product","3":"status-publish","4":"has-post-thumbnail","6":"product_cat-acil-satilik","7":"country-turkey-tr","8":"district-demirtas-tr","9":"selling-type-resale-tr","10":"property-type-apartment-tr","11":"location-alanya-tr","12":"property-city-antalya-tr","14":"first","15":"instock","16":"shipping-taxable","17":"purchasable","18":"product-type-simple"},"_links":{"self":[{"href":"https:\/\/www.onurkoserealestate.com\/tr\/wp-json\/wp\/v2\/product\/18324","targetHints":{"allow":["GET"]}}],"collection":[{"href":"https:\/\/www.onurkoserealestate.com\/tr\/wp-json\/wp\/v2\/product"}],"about":[{"href":"https:\/\/www.onurkoserealestate.com\/tr\/wp-json\/wp\/v2\/types\/product"}],"replies":[{"embeddable":true,"href":"https:\/\/www.onurkoserealestate.com\/tr\/wp-json\/wp\/v2\/comments?post=18324"}],"wp:featuredmedia":[{"embeddable":true,"href":"https:\/\/www.onurkoserealestate.com\/tr\/wp-json\/wp\/v2\/media\/18287"}],"wp:attachment":[{"href":"https:\/\/www.onurkoserealestate.com\/tr\/wp-json\/wp\/v2\/media?parent=18324"}],"wp:term":[{"taxonomy":"product_cat","embeddable":true,"href":"https:\/\/www.onurkoserealestate.com\/tr\/wp-json\/wp\/v2\/product_cat?post=18324"},{"taxonomy":"product_tag","embeddable":true,"href":"https:\/\/www.onurkoserealestate.com\/tr\/wp-json\/wp\/v2\/product_tag?post=18324"},{"taxonomy":"country","embeddable":true,"href":"https:\/\/www.onurkoserealestate.com\/tr\/wp-json\/wp\/v2\/country?post=18324"},{"taxonomy":"district","embeddable":true,"href":"https:\/\/www.onurkoserealestate.com\/tr\/wp-json\/wp\/v2\/district?post=18324"},{"taxonomy":"selling-type","embeddable":true,"href":"https:\/\/www.onurkoserealestate.com\/tr\/wp-json\/wp\/v2\/selling-type?post=18324"},{"taxonomy":"property-type","embeddable":true,"href":"https:\/\/www.onurkoserealestate.com\/tr\/wp-json\/wp\/v2\/property-type?post=18324"},{"taxonomy":"location","embeddable":true,"href":"https:\/\/www.onurkoserealestate.com\/tr\/wp-json\/wp\/v2\/location?post=18324"},{"taxonomy":"property-city","embeddable":true,"href":"https:\/\/www.onurkoserealestate.com\/tr\/wp-json\/wp\/v2\/property-city?post=18324"}],"curies":[{"name":"wp","href":"https:\/\/api.w.org\/{rel}","templated":true}]}}