{"id":18401,"date":"2025-08-11T09:35:20","date_gmt":"2025-08-11T09:35:20","guid":{"rendered":"https:\/\/www.onurkoserealestate.com\/product\/gazipasa-pazarci-bolgesinde-satilik-genis-31-daire\/"},"modified":"2025-08-11T09:35:20","modified_gmt":"2025-08-11T09:35:20","slug":"spacious-31-apartment-for-sale-in-gazipasa-pazarci-area","status":"publish","type":"product","link":"https:\/\/www.onurkoserealestate.com\/tr\/product\/spacious-31-apartment-for-sale-in-gazipasa-pazarci-area\/","title":{"rendered":"Gazipa\u015fa \u2013 Pazarc\u0131 B\u00f6lgesi&#8217;nde Sat\u0131l\u0131k Geni\u015f 3+1 Daire"},"content":{"rendered":"<p data-start=\"195\" data-end=\"266\"><strong data-start=\"195\" data-end=\"266\">Gazipa\u015fa&#8217;da Geni\u015f 3+1 Daire \u2013 Konfor ve Ya\u015fam Tarz\u0131n\u0131n Birle\u015fimi<\/strong><\/p>\n<p data-start=\"268\" data-end=\"612\"><strong data-start=\"316\" data-end=\"328\">Gazipa\u015fa&#8217;n\u0131n <\/strong>huzurlu <strong data-start=\"599\" data-end=\"611\">Pazarc\u0131 <\/strong>mahallesinde bulunan bu modern 3+1 daire, geni\u015flik, i\u015flevsellik ve rahatl\u0131\u011f\u0131n m\u00fckemmel bir kombinasyonunu sunuyor. 135 m\u00b2&#8217;lik geni\u015f ya\u015fam alan\u0131na sahip bu do\u011fuya bakan daire, 3. katta yer almakta olup 2 banyo ve 2 balkona sahiptir \u2014 g\u00fcne\u015fli Gazipa\u015fa&#8217;da aile ya\u015fam\u0131 i\u00e7in idealdir. <\/p>\n<p data-start=\"614\" data-end=\"849\"><strong data-start=\"754\" data-end=\"766\">2018 <\/strong>y\u0131l\u0131nda in\u015fa edilmi\u015f ve beyaz e\u015fyalarla tam donan\u0131ml\u0131 olan daire, ta\u015f\u0131nmaya haz\u0131rd\u0131r ve Gazipa\u015fa&#8217;da kal\u0131c\u0131 ikametgah veya tatil evi olarak m\u00fckemmeldir. Geni\u015f yerle\u015fim plan\u0131 ve do\u011fal \u0131\u015f\u0131k, bu evi hem pratik hem de davetkar hale getirir. <\/p>\n<p data-start=\"851\" data-end=\"1069\">Konut binas\u0131, asans\u00f6r, bak\u0131ml\u0131 bah\u00e7e, a\u00e7\u0131k otopark ve fitness merkezi gibi \u00e7e\u015fitli kullan\u0131\u015fl\u0131 olanaklar sunarak <strong data-start=\"1056\" data-end=\"1068\">Gazipa\u015fa&#8217;da <\/strong>sa\u011fl\u0131kl\u0131 bir ya\u015fam tarz\u0131n\u0131n keyfini \u00e7\u0131karman\u0131z\u0131 sa\u011flar.<\/p>\n<p data-start=\"1071\" data-end=\"1265\">Pazarc\u0131&#8217;daki konumu sayesinde marketlere, okullara, kafelere ve havaalan\u0131na yak\u0131n olan bu m\u00fclk, <strong data-start=\"1240\" data-end=\"1252\">Gazipa\u015fa&#8217;da <\/strong>yerle\u015fmek veya gayrimenkul yat\u0131r\u0131m\u0131 yapmak isteyenler i\u00e7in ideal bir se\u00e7imdir.<\/p>\n<p data-start=\"1267\" data-end=\"1401\"><strong data-start=\"1357\" data-end=\"1371\">Gazipa\u015fa&#8217;n\u0131n <\/strong>en g\u00f6zde mahallelerinden birinde konforlu ve modern bir daire sahibi olmak i\u00e7in bu m\u00fckemmel f\u0131rsat\u0131 ka\u00e7\u0131rmay\u0131n.<\/p>\n","protected":false},"excerpt":{"rendered":"<p>Gazipa\u015fa&#8217;da Geni\u015f 3+1 Daire \u2013 Konfor ve Ya\u015fam Tarz\u0131n\u0131n Birle\u015fimi Gazipa\u015fa&#8217;n\u0131n huzurlu Pazarc\u0131 mahallesinde bulunan bu modern 3+1 daire, geni\u015flik,<\/p>\n","protected":false},"featured_media":18366,"comment_status":"open","ping_status":"closed","template":"","meta":[],"product_cat":[77],"product_tag":[],"country":[109],"district":[227],"selling-type":[118],"property-type":[120],"location":[152],"property-city":[124],"class_list":{"0":"post-18401","1":"product","2":"type-product","3":"status-publish","4":"has-post-thumbnail","6":"product_cat-acil-satilik","7":"country-turkey-tr","8":"district-gazipasa-tr","9":"selling-type-resale-tr","10":"property-type-apartment-tr","11":"location-alanya-tr","12":"property-city-antalya-tr","14":"first","15":"instock","16":"shipping-taxable","17":"purchasable","18":"product-type-simple"},"_links":{"self":[{"href":"https:\/\/www.onurkoserealestate.com\/tr\/wp-json\/wp\/v2\/product\/18401","targetHints":{"allow":["GET"]}}],"collection":[{"href":"https:\/\/www.onurkoserealestate.com\/tr\/wp-json\/wp\/v2\/product"}],"about":[{"href":"https:\/\/www.onurkoserealestate.com\/tr\/wp-json\/wp\/v2\/types\/product"}],"replies":[{"embeddable":true,"href":"https:\/\/www.onurkoserealestate.com\/tr\/wp-json\/wp\/v2\/comments?post=18401"}],"wp:featuredmedia":[{"embeddable":true,"href":"https:\/\/www.onurkoserealestate.com\/tr\/wp-json\/wp\/v2\/media\/18366"}],"wp:attachment":[{"href":"https:\/\/www.onurkoserealestate.com\/tr\/wp-json\/wp\/v2\/media?parent=18401"}],"wp:term":[{"taxonomy":"product_cat","embeddable":true,"href":"https:\/\/www.onurkoserealestate.com\/tr\/wp-json\/wp\/v2\/product_cat?post=18401"},{"taxonomy":"product_tag","embeddable":true,"href":"https:\/\/www.onurkoserealestate.com\/tr\/wp-json\/wp\/v2\/product_tag?post=18401"},{"taxonomy":"country","embeddable":true,"href":"https:\/\/www.onurkoserealestate.com\/tr\/wp-json\/wp\/v2\/country?post=18401"},{"taxonomy":"district","embeddable":true,"href":"https:\/\/www.onurkoserealestate.com\/tr\/wp-json\/wp\/v2\/district?post=18401"},{"taxonomy":"selling-type","embeddable":true,"href":"https:\/\/www.onurkoserealestate.com\/tr\/wp-json\/wp\/v2\/selling-type?post=18401"},{"taxonomy":"property-type","embeddable":true,"href":"https:\/\/www.onurkoserealestate.com\/tr\/wp-json\/wp\/v2\/property-type?post=18401"},{"taxonomy":"location","embeddable":true,"href":"https:\/\/www.onurkoserealestate.com\/tr\/wp-json\/wp\/v2\/location?post=18401"},{"taxonomy":"property-city","embeddable":true,"href":"https:\/\/www.onurkoserealestate.com\/tr\/wp-json\/wp\/v2\/property-city?post=18401"}],"curies":[{"name":"wp","href":"https:\/\/api.w.org\/{rel}","templated":true}]}}