{"id":18640,"date":"2025-08-12T06:41:41","date_gmt":"2025-08-12T06:41:41","guid":{"rendered":"https:\/\/www.onurkoserealestate.com\/product\/sofya-park-residence-kargicak-alanyada-sik-11-daire\/"},"modified":"2025-08-12T06:41:41","modified_gmt":"2025-08-12T06:41:41","slug":"stylish-11-apartment-in-sofia-park-residence-kargicak-alanya","status":"publish","type":"product","link":"https:\/\/www.onurkoserealestate.com\/tr\/product\/stylish-11-apartment-in-sofia-park-residence-kargicak-alanya\/","title":{"rendered":"Sofya Park Residence \u2013 Karg\u0131cak, Alanya&#8217;da \u015e\u0131k 1+1 Daire"},"content":{"rendered":"<p data-start=\"411\" data-end=\"748\"><strong data-start=\"578\" data-end=\"588\">Alanya&#8217;n\u0131n <\/strong>huzurlu <strong data-start=\"553\" data-end=\"565\">Karg\u0131cak <\/strong>b\u00f6lgesinde bulunan <strong data-start=\"503\" data-end=\"527\">Sofia Park Residence<\/strong>&#8216;da yer alan bu tam donan\u0131ml\u0131 1+1 daire ile konfor ve l\u00fcks\u00fcn m\u00fckemmel uyumunu ke\u015ffedin. A Blok&#8217;un 3. kat\u0131nda yer alan bu modern daire, ola\u011fan\u00fcst\u00fc olanaklara eri\u015fim imkan\u0131 sunar ve <strong data-start=\"737\" data-end=\"747\">Alanya&#8217;n\u0131n <\/strong>muhte\u015fem plajlar\u0131na sadece 900 metre uzakl\u0131ktad\u0131r. <\/p>\n<p data-start=\"750\" data-end=\"1144\">2022 y\u0131l\u0131nda in\u015fa edilen rezidans, hem kapal\u0131 hem de a\u00e7\u0131k y\u00fczme havuzlar\u0131, ayr\u0131 bir \u00e7ocuk havuzu, kapal\u0131\/a\u00e7\u0131k oyun alanlar\u0131, tam donan\u0131ml\u0131 bir fitness merkezi, T\u00fcrk hamam\u0131, sauna ve jakuzi sunarak <strong data-start=\"991\" data-end=\"1001\">Alanya&#8217;da <\/strong>ger\u00e7ek bir spa deneyimi ya\u015fat\u0131yor. Sakinler ayr\u0131ca kafe, bah\u00e7e, barbek\u00fc alan\u0131, \u00e7ardak ve tesis i\u00e7i personel, a\u00e7\u0131k ve kapal\u0131 otopark ve jenerat\u00f6r gibi olanaklar\u0131n keyfini \u00e7\u0131karabilirler. <\/p>\n<p data-start=\"1146\" data-end=\"1383\"><strong data-start=\"1164\" data-end=\"1176\">Karg\u0131cak&#8217;taki <\/strong>bu daire, <strong data-start=\"1239\" data-end=\"1251\">Alanya&#8217;n\u0131n <\/strong>h\u0131zla b\u00fcy\u00fcyen emlak piyasas\u0131nda y\u0131l boyunca ya\u015famak, tatil yapmak veya yat\u0131r\u0131m yapmak i\u00e7in m\u00fckemmeldir. Ayl\u0131k sadece 50 \u20ac olan d\u00fc\u015f\u00fck bak\u0131m \u00fccreti ile y\u00fcksek maliyetler olmadan t\u00fcm olanaklar\u0131n tad\u0131n\u0131 \u00e7\u0131karabilirsiniz. <\/p>\n<p data-start=\"1385\" data-end=\"1555\"><strong data-start=\"1473\" data-end=\"1483\">Alanya&#8217;da <\/strong>dinlendirici bir sahil evi veya y\u00fcksek kira getirisi olan bir yat\u0131r\u0131m ar\u0131yorsan\u0131z,<strong data-start=\"1507\" data-end=\"1531\"> Sofia Park Residence&#8217;<\/strong>daki bu 1+1 daire m\u00fckemmel bir se\u00e7imdir.<\/p>\n","protected":false},"excerpt":{"rendered":"<p>Alanya&#8217;n\u0131n huzurlu Karg\u0131cak b\u00f6lgesinde bulunan Sofia Park Residence&#8216;da yer alan bu tam donan\u0131ml\u0131 1+1 daire ile konfor ve l\u00fcks\u00fcn m\u00fckemmel<\/p>\n","protected":false},"featured_media":18629,"comment_status":"open","ping_status":"closed","template":"","meta":[],"product_cat":[77],"product_tag":[],"country":[109],"district":[154],"selling-type":[118],"property-type":[120],"location":[152],"property-city":[124],"class_list":{"0":"post-18640","1":"product","2":"type-product","3":"status-publish","4":"has-post-thumbnail","6":"product_cat-acil-satilik","7":"country-turkey-tr","8":"district-kargicak-tr","9":"selling-type-resale-tr","10":"property-type-apartment-tr","11":"location-alanya-tr","12":"property-city-antalya-tr","14":"first","15":"instock","16":"shipping-taxable","17":"purchasable","18":"product-type-simple"},"_links":{"self":[{"href":"https:\/\/www.onurkoserealestate.com\/tr\/wp-json\/wp\/v2\/product\/18640","targetHints":{"allow":["GET"]}}],"collection":[{"href":"https:\/\/www.onurkoserealestate.com\/tr\/wp-json\/wp\/v2\/product"}],"about":[{"href":"https:\/\/www.onurkoserealestate.com\/tr\/wp-json\/wp\/v2\/types\/product"}],"replies":[{"embeddable":true,"href":"https:\/\/www.onurkoserealestate.com\/tr\/wp-json\/wp\/v2\/comments?post=18640"}],"wp:featuredmedia":[{"embeddable":true,"href":"https:\/\/www.onurkoserealestate.com\/tr\/wp-json\/wp\/v2\/media\/18629"}],"wp:attachment":[{"href":"https:\/\/www.onurkoserealestate.com\/tr\/wp-json\/wp\/v2\/media?parent=18640"}],"wp:term":[{"taxonomy":"product_cat","embeddable":true,"href":"https:\/\/www.onurkoserealestate.com\/tr\/wp-json\/wp\/v2\/product_cat?post=18640"},{"taxonomy":"product_tag","embeddable":true,"href":"https:\/\/www.onurkoserealestate.com\/tr\/wp-json\/wp\/v2\/product_tag?post=18640"},{"taxonomy":"country","embeddable":true,"href":"https:\/\/www.onurkoserealestate.com\/tr\/wp-json\/wp\/v2\/country?post=18640"},{"taxonomy":"district","embeddable":true,"href":"https:\/\/www.onurkoserealestate.com\/tr\/wp-json\/wp\/v2\/district?post=18640"},{"taxonomy":"selling-type","embeddable":true,"href":"https:\/\/www.onurkoserealestate.com\/tr\/wp-json\/wp\/v2\/selling-type?post=18640"},{"taxonomy":"property-type","embeddable":true,"href":"https:\/\/www.onurkoserealestate.com\/tr\/wp-json\/wp\/v2\/property-type?post=18640"},{"taxonomy":"location","embeddable":true,"href":"https:\/\/www.onurkoserealestate.com\/tr\/wp-json\/wp\/v2\/location?post=18640"},{"taxonomy":"property-city","embeddable":true,"href":"https:\/\/www.onurkoserealestate.com\/tr\/wp-json\/wp\/v2\/property-city?post=18640"}],"curies":[{"name":"wp","href":"https:\/\/api.w.org\/{rel}","templated":true}]}}