{"id":18792,"date":"2025-08-12T07:07:14","date_gmt":"2025-08-12T07:07:14","guid":{"rendered":"https:\/\/www.onurkoserealestate.com\/product\/aqua-platinium-kargicak-alanyada-tamamen-mobilyali-21-daire\/"},"modified":"2025-08-12T07:21:43","modified_gmt":"2025-08-12T07:21:43","slug":"fully-furnished-21-apartment-in-aqua-platinium-kargicak-alanya","status":"publish","type":"product","link":"https:\/\/www.onurkoserealestate.com\/tr\/product\/fully-furnished-21-apartment-in-aqua-platinium-kargicak-alanya\/","title":{"rendered":"Aqua Platinium \u2013 Karg\u0131cak, Alanya&#8217;da Tamamen Mobilyal\u0131 2+1 Daire"},"content":{"rendered":"<p data-start=\"425\" data-end=\"771\">Bu \u015f\u0131k ve tamamen mobilyal\u0131 2+1 daire, <strong data-start=\"576\" data-end=\"588\">Alanya&#8217;<\/strong>n\u0131n <strong data-start=\"590\" data-end=\"600\">Karg\u0131cak <\/strong>b\u00f6lgesindeki en prestijli konut komplekslerinden biri olan <strong data-start=\"503\" data-end=\"521\">Aqua Platinium<\/strong>&#8216;un 5. kat\u0131nda yer almaktad\u0131r. Toplam 110 m\u00b2 alana sahip ve g\u00fcneybat\u0131 cepheli olan daire, ayd\u0131nl\u0131k i\u00e7 mekanlar, muhte\u015fem manzaralar ve g\u00fcn boyu bol miktarda do\u011fal g\u00fcne\u015f \u0131\u015f\u0131\u011f\u0131 sunmaktad\u0131r. <\/p>\n<p data-start=\"773\" data-end=\"1086\">2019 y\u0131l\u0131nda in\u015fa edilen bu m\u00fclk, modern konfor i\u00e7in tasarlanm\u0131\u015f 1 geni\u015f banyo, a\u00e7\u0131k plan mutfak ve geni\u015f bir oturma alan\u0131na sahiptir. Konumu m\u00fckemmeldir \u2013 plaja sadece 200 metre ve <strong data-start=\"987\" data-end=\"1007\">Gazipa\u015fa Havaliman\u0131<\/strong>&#8216;na sadece 41 km uzakl\u0131kta olup, <strong data-start=\"1075\" data-end=\"1085\">Alanya&#8217;da <\/strong>hem kal\u0131c\u0131 ya\u015fam hem de tatil ka\u00e7amaklar\u0131 i\u00e7in idealdir. <\/p>\n<p data-start=\"1088\" data-end=\"1311\"><strong data-start=\"1101\" data-end=\"1119\">Aqua Platinium<\/strong> sakinleri, kapal\u0131 ve a\u00e7\u0131k y\u00fczme havuzlar\u0131, T\u00fcrk hamam\u0131, sauna, fitness merkezi, asans\u00f6r ve a\u00e7\u0131k otopark gibi m\u00fckemmel olanaklar\u0131n keyfini \u00e7\u0131karabilirler. T\u00fcm bu olanaklar, <strong data-start=\"1300\" data-end=\"1310\">Alanya&#8217;daki <\/strong>ya\u015fam kalitenizi art\u0131rmak i\u00e7in tasarlanm\u0131\u015ft\u0131r.<\/p>\n<p data-start=\"1313\" data-end=\"1584\"><strong data-start=\"1331\" data-end=\"1351\">Alanya&#8217;n\u0131n Karg\u0131cak<\/strong> b\u00f6lgesinde bulunan bu daire, denize yak\u0131n y\u00fcksek kaliteli bir ya\u015fam arayanlar i\u00e7in harika bir f\u0131rsat. Hayalinizdeki evi ar\u0131yorsan\u0131z ya da ak\u0131ll\u0131 bir yat\u0131r\u0131m yapmak istiyorsan\u0131z, bu m\u00fclk <strong data-start=\"1551\" data-end=\"1561\">Alanya&#8217;n\u0131n <\/strong>g\u00fczel sahil \u015feridinin kalbinde ihtiyac\u0131n\u0131z olan her \u015feyi sunuyor. <\/p>\n","protected":false},"excerpt":{"rendered":"<p>Bu \u015f\u0131k ve tamamen mobilyal\u0131 2+1 daire, Alanya&#8217;n\u0131n Karg\u0131cak b\u00f6lgesindeki en prestijli konut komplekslerinden biri olan Aqua Platinium&#8216;un 5. kat\u0131nda<\/p>\n","protected":false},"featured_media":18733,"comment_status":"open","ping_status":"closed","template":"","meta":[],"product_cat":[77],"product_tag":[],"country":[109],"district":[154],"selling-type":[118],"property-type":[120],"location":[152],"property-city":[124],"class_list":{"0":"post-18792","1":"product","2":"type-product","3":"status-publish","4":"has-post-thumbnail","6":"product_cat-acil-satilik","7":"country-turkey-tr","8":"district-kargicak-tr","9":"selling-type-resale-tr","10":"property-type-apartment-tr","11":"location-alanya-tr","12":"property-city-antalya-tr","14":"first","15":"instock","16":"shipping-taxable","17":"purchasable","18":"product-type-simple"},"_links":{"self":[{"href":"https:\/\/www.onurkoserealestate.com\/tr\/wp-json\/wp\/v2\/product\/18792","targetHints":{"allow":["GET"]}}],"collection":[{"href":"https:\/\/www.onurkoserealestate.com\/tr\/wp-json\/wp\/v2\/product"}],"about":[{"href":"https:\/\/www.onurkoserealestate.com\/tr\/wp-json\/wp\/v2\/types\/product"}],"replies":[{"embeddable":true,"href":"https:\/\/www.onurkoserealestate.com\/tr\/wp-json\/wp\/v2\/comments?post=18792"}],"wp:featuredmedia":[{"embeddable":true,"href":"https:\/\/www.onurkoserealestate.com\/tr\/wp-json\/wp\/v2\/media\/18733"}],"wp:attachment":[{"href":"https:\/\/www.onurkoserealestate.com\/tr\/wp-json\/wp\/v2\/media?parent=18792"}],"wp:term":[{"taxonomy":"product_cat","embeddable":true,"href":"https:\/\/www.onurkoserealestate.com\/tr\/wp-json\/wp\/v2\/product_cat?post=18792"},{"taxonomy":"product_tag","embeddable":true,"href":"https:\/\/www.onurkoserealestate.com\/tr\/wp-json\/wp\/v2\/product_tag?post=18792"},{"taxonomy":"country","embeddable":true,"href":"https:\/\/www.onurkoserealestate.com\/tr\/wp-json\/wp\/v2\/country?post=18792"},{"taxonomy":"district","embeddable":true,"href":"https:\/\/www.onurkoserealestate.com\/tr\/wp-json\/wp\/v2\/district?post=18792"},{"taxonomy":"selling-type","embeddable":true,"href":"https:\/\/www.onurkoserealestate.com\/tr\/wp-json\/wp\/v2\/selling-type?post=18792"},{"taxonomy":"property-type","embeddable":true,"href":"https:\/\/www.onurkoserealestate.com\/tr\/wp-json\/wp\/v2\/property-type?post=18792"},{"taxonomy":"location","embeddable":true,"href":"https:\/\/www.onurkoserealestate.com\/tr\/wp-json\/wp\/v2\/location?post=18792"},{"taxonomy":"property-city","embeddable":true,"href":"https:\/\/www.onurkoserealestate.com\/tr\/wp-json\/wp\/v2\/property-city?post=18792"}],"curies":[{"name":"wp","href":"https:\/\/api.w.org\/{rel}","templated":true}]}}