{"id":18892,"date":"2025-08-12T07:43:08","date_gmt":"2025-08-12T07:43:08","guid":{"rendered":"https:\/\/www.onurkoserealestate.com\/product\/neva-boutique-kargicak-alanyada-modern-11-dairealanyanin-huzurlu-ve-manzarali-kargicak-semtinde-bulunan-bu-sik-11-daire-yeni-insa-edilen-neva-boutique-kompleksinin-bir-parcasidir-to\/"},"modified":"2025-08-12T09:05:17","modified_gmt":"2025-08-12T09:05:17","slug":"modern-11-apartment-in-neva-boutique-kargicak-alanyalocated-in-the-peaceful-and-scenic-neighborhood-of-kargicak-alanya-this-stylish-11-apartment-is-part-of-the-newly-built-neva-boutique","status":"publish","type":"product","link":"https:\/\/www.onurkoserealestate.com\/tr\/product\/modern-11-apartment-in-neva-boutique-kargicak-alanyalocated-in-the-peaceful-and-scenic-neighborhood-of-kargicak-alanya-this-stylish-11-apartment-is-part-of-the-newly-built-neva-boutique\/","title":{"rendered":"Neva Boutique \u2013 Karg\u0131cak&#8217;ta Modern 1+1 Daire"},"content":{"rendered":"<p data-start=\"424\" data-end=\"737\"><strong data-start=\"475\" data-end=\"487\">Alanya&#8217;n\u0131n <\/strong>huzurlu ve manzaral\u0131 <strong data-start=\"726\" data-end=\"736\">Karg\u0131cak <\/strong>semtinde bulunan bu \u015f\u0131k 1+1 daire, yeni in\u015fa edilen <strong data-start=\"489\" data-end=\"499\">Neva Boutique<\/strong> kompleksinin bir par\u00e7as\u0131d\u0131r. Toplam 55 m\u00b2 alana sahip ve 2. katta bulunan bu daire, <strong data-start=\"555\" data-end=\"572\">Alanya&#8217;da <\/strong>konforlu bir ya\u015fam veya ak\u0131ll\u0131 bir yat\u0131r\u0131m f\u0131rsat\u0131 i\u00e7in m\u00fckemmeldir. <\/p>\n<p data-start=\"739\" data-end=\"1021\">2022 y\u0131l\u0131nda in\u015fa edilen daire, <strong data-start=\"817\" data-end=\"827\">Alanya&#8217;n\u0131n <\/strong>berrak kumsallar\u0131na sadece 1,1 km uzakl\u0131kta olup Akdeniz k\u0131y\u0131s\u0131na kolay eri\u015fim imkan\u0131 sunmaktad\u0131r. \u0130ster kal\u0131c\u0131 bir konut, ister tatil evi, ister kira geliri kayna\u011f\u0131 ar\u0131yor olun, <strong data-start=\"987\" data-end=\"999\">Karg\u0131cak&#8217;taki <\/strong>bu ev size b\u00fcy\u00fck bir de\u011fer sunar. <\/p>\n<p data-start=\"1023\" data-end=\"1332\"><strong data-start=\"1023\" data-end=\"1040\">Neva Boutique<\/strong>, kapal\u0131 ve a\u00e7\u0131k y\u00fczme havuzlar\u0131, fitness merkezi, T\u00fcrk hamam\u0131, sauna, \u00e7ocuk oyun alan\u0131 ve peyzajl\u0131 bah\u00e7eler gibi birinci s\u0131n\u0131f olanaklara sahip tam donan\u0131ml\u0131 bir konut kompleksidir. Kompleks, <strong data-start=\"1304\" data-end=\"1314\">Alanya&#8217;n\u0131n <\/strong>do\u011fal g\u00fczelli\u011finin kalbinde resort tarz\u0131 bir ya\u015fam sunmak \u00fczere tasarlanm\u0131\u015ft\u0131r. <\/p>\n<p data-start=\"1334\" data-end=\"1591\"><strong data-start=\"1465\" data-end=\"1475\">Alanya&#8217;n\u0131n <\/strong>en sakin b\u00f6lgelerinden biri olan <strong data-start=\"1334\" data-end=\"1346\">Karg\u0131cak<\/strong>, sakin ama ba\u011flant\u0131l\u0131 bir ya\u015fam tarz\u0131 arayanlar i\u00e7in idealdir. <strong data-start=\"1355\" data-end=\"1367\">Alanya&#8217;daki <\/strong>bu daire, modern ya\u015fam, tesis i\u00e7indeki t\u00fcm aktiviteler ve plaja yak\u0131nl\u0131k gibi \u00f6zellikleri y\u00fcksek kaliteli bir binada bir araya getiriyor. <\/p>\n","protected":false},"excerpt":{"rendered":"<p>Alanya&#8217;n\u0131n huzurlu ve manzaral\u0131 Karg\u0131cak semtinde bulunan bu \u015f\u0131k 1+1 daire, yeni in\u015fa edilen Neva Boutique kompleksinin bir par\u00e7as\u0131d\u0131r. Toplam<\/p>\n","protected":false},"featured_media":18885,"comment_status":"open","ping_status":"closed","template":"","meta":[],"product_cat":[77],"product_tag":[],"country":[109],"district":[154],"selling-type":[118],"property-type":[120],"location":[152],"property-city":[124],"class_list":{"0":"post-18892","1":"product","2":"type-product","3":"status-publish","4":"has-post-thumbnail","6":"product_cat-acil-satilik","7":"country-turkey-tr","8":"district-kargicak-tr","9":"selling-type-resale-tr","10":"property-type-apartment-tr","11":"location-alanya-tr","12":"property-city-antalya-tr","14":"first","15":"instock","16":"shipping-taxable","17":"purchasable","18":"product-type-simple"},"_links":{"self":[{"href":"https:\/\/www.onurkoserealestate.com\/tr\/wp-json\/wp\/v2\/product\/18892","targetHints":{"allow":["GET"]}}],"collection":[{"href":"https:\/\/www.onurkoserealestate.com\/tr\/wp-json\/wp\/v2\/product"}],"about":[{"href":"https:\/\/www.onurkoserealestate.com\/tr\/wp-json\/wp\/v2\/types\/product"}],"replies":[{"embeddable":true,"href":"https:\/\/www.onurkoserealestate.com\/tr\/wp-json\/wp\/v2\/comments?post=18892"}],"wp:featuredmedia":[{"embeddable":true,"href":"https:\/\/www.onurkoserealestate.com\/tr\/wp-json\/wp\/v2\/media\/18885"}],"wp:attachment":[{"href":"https:\/\/www.onurkoserealestate.com\/tr\/wp-json\/wp\/v2\/media?parent=18892"}],"wp:term":[{"taxonomy":"product_cat","embeddable":true,"href":"https:\/\/www.onurkoserealestate.com\/tr\/wp-json\/wp\/v2\/product_cat?post=18892"},{"taxonomy":"product_tag","embeddable":true,"href":"https:\/\/www.onurkoserealestate.com\/tr\/wp-json\/wp\/v2\/product_tag?post=18892"},{"taxonomy":"country","embeddable":true,"href":"https:\/\/www.onurkoserealestate.com\/tr\/wp-json\/wp\/v2\/country?post=18892"},{"taxonomy":"district","embeddable":true,"href":"https:\/\/www.onurkoserealestate.com\/tr\/wp-json\/wp\/v2\/district?post=18892"},{"taxonomy":"selling-type","embeddable":true,"href":"https:\/\/www.onurkoserealestate.com\/tr\/wp-json\/wp\/v2\/selling-type?post=18892"},{"taxonomy":"property-type","embeddable":true,"href":"https:\/\/www.onurkoserealestate.com\/tr\/wp-json\/wp\/v2\/property-type?post=18892"},{"taxonomy":"location","embeddable":true,"href":"https:\/\/www.onurkoserealestate.com\/tr\/wp-json\/wp\/v2\/location?post=18892"},{"taxonomy":"property-city","embeddable":true,"href":"https:\/\/www.onurkoserealestate.com\/tr\/wp-json\/wp\/v2\/property-city?post=18892"}],"curies":[{"name":"wp","href":"https:\/\/api.w.org\/{rel}","templated":true}]}}