{"id":19080,"date":"2025-08-12T09:20:13","date_gmt":"2025-08-12T09:20:13","guid":{"rendered":"https:\/\/www.onurkoserealestate.com\/product\/monarch-residence-kargicak-alanyada-genis-21-daire\/"},"modified":"2025-08-12T09:37:01","modified_gmt":"2025-08-12T09:37:01","slug":"spacious-21-ground-floor-apartment-in-monarch-residence-kargicak-alanya","status":"publish","type":"product","link":"https:\/\/www.onurkoserealestate.com\/tr\/product\/spacious-21-ground-floor-apartment-in-monarch-residence-kargicak-alanya\/","title":{"rendered":"Monarch Residence \u2013 Karg\u0131cak, Alanya&#8217;da geni\u015f 2+1 daire"},"content":{"rendered":"<p data-start=\"416\" data-end=\"789\"><strong data-start=\"470\" data-end=\"480\">Alanya&#8217;n\u0131n <\/strong>g\u00fczel plajlar\u0131na sadece 300 metre uzakl\u0131kta bulunan bu modern 2+1 daire, <strong data-start=\"778\" data-end=\"788\">Karg\u0131cak&#8217;\u0131n <\/strong>sakin ve ye\u015fil b\u00f6lgesinde yer alan prestijli <strong data-start=\"539\" data-end=\"560\">Monarch Residence<\/strong>&#8216;da bulunmaktad\u0131r. 99 m\u00b2 ya\u015fam alan\u0131 ve zemin kat konumuyla bu ev, hem konfor hem de kolay eri\u015fim sunmaktad\u0131r \u2014 <strong data-start=\"593\" data-end=\"605\">Alanya&#8217;da <\/strong>m\u00fclk arayan aileler, emekliler veya yat\u0131r\u0131mc\u0131lar i\u00e7in idealdir. <\/p>\n<p data-start=\"791\" data-end=\"1178\">Dairede iki yatak odas\u0131, a\u00e7\u0131k plan mutfakl\u0131 geni\u015f bir oturma odas\u0131 ve bah\u00e7eye do\u011frudan eri\u015fim bulunmaktad\u0131r. <strong data-start=\"1167\" data-end=\"1177\">Karg\u0131cak&#8217;taki <\/strong><strong data-start=\"941\" data-end=\"953\">Monarch Residence<\/strong>, kapal\u0131 ve a\u00e7\u0131k y\u00fczme havuzlar\u0131, fitness merkezi, T\u00fcrk hamam\u0131, sauna, \u00e7ocuk oyun alanlar\u0131, peyzajl\u0131 bah\u00e7eler ve \u00e7ok daha fazlas\u0131n\u0131 sunan tam donan\u0131ml\u0131 bir komplekstir \u2014 <strong data-start=\"916\" data-end=\"937\">Alanya&#8217;da <\/strong>ger\u00e7ek bir tatil k\u00f6y\u00fc deneyimi ya\u015fat\u0131r.<\/p>\n<p data-start=\"1180\" data-end=\"1479\">Kaliteli malzemelerle in\u015fa edilmi\u015f ve modern ya\u015fam i\u00e7in tasarlanm\u0131\u015f bu daire, Alanya&#8217;n\u0131n <strong data-start=\"1249\" data-end=\"1269\">Karg\u0131cak <\/strong>b\u00f6lgesinde yer almaktad\u0131r. Akdeniz&#8217;in huzurlu ya\u015fam tarz\u0131 i\u00e7in veya y\u00fcksek sezonluk kira potansiyeli i\u00e7in m\u00fckemmel bir se\u00e7imdir. \u0130ster kal\u0131c\u0131 olarak ta\u015f\u0131nmay\u0131 planl\u0131yor olun, ister tatil ama\u00e7l\u0131 kullanmay\u0131 d\u00fc\u015f\u00fcn\u00fcn, bu ev t\u00fcm ihtiya\u00e7lar\u0131n\u0131z\u0131 kar\u015f\u0131layacakt\u0131r. <\/p>\n<p data-start=\"1481\" data-end=\"1587\">Do\u011faya yak\u0131n ya\u015fay\u0131n, deniz esintisinin tad\u0131n\u0131 \u00e7\u0131kar\u0131n ve t\u00fcm olanaklardan yararlan\u0131n \u2014 hepsi g\u00fczel <strong data-start=\"1576\" data-end=\"1586\">Alanya&#8217;da<\/strong>.<\/p>\n","protected":false},"excerpt":{"rendered":"<p>Alanya&#8217;n\u0131n g\u00fczel plajlar\u0131na sadece 300 metre uzakl\u0131kta bulunan bu modern 2+1 daire, Karg\u0131cak&#8217;\u0131n sakin ve ye\u015fil b\u00f6lgesinde yer alan prestijli<\/p>\n","protected":false},"featured_media":18989,"comment_status":"open","ping_status":"closed","template":"","meta":[],"product_cat":[77],"product_tag":[],"country":[109],"district":[154],"selling-type":[118],"property-type":[120],"location":[152],"property-city":[124],"class_list":{"0":"post-19080","1":"product","2":"type-product","3":"status-publish","4":"has-post-thumbnail","6":"product_cat-acil-satilik","7":"country-turkey-tr","8":"district-kargicak-tr","9":"selling-type-resale-tr","10":"property-type-apartment-tr","11":"location-alanya-tr","12":"property-city-antalya-tr","14":"first","15":"instock","16":"shipping-taxable","17":"purchasable","18":"product-type-simple"},"_links":{"self":[{"href":"https:\/\/www.onurkoserealestate.com\/tr\/wp-json\/wp\/v2\/product\/19080","targetHints":{"allow":["GET"]}}],"collection":[{"href":"https:\/\/www.onurkoserealestate.com\/tr\/wp-json\/wp\/v2\/product"}],"about":[{"href":"https:\/\/www.onurkoserealestate.com\/tr\/wp-json\/wp\/v2\/types\/product"}],"replies":[{"embeddable":true,"href":"https:\/\/www.onurkoserealestate.com\/tr\/wp-json\/wp\/v2\/comments?post=19080"}],"wp:featuredmedia":[{"embeddable":true,"href":"https:\/\/www.onurkoserealestate.com\/tr\/wp-json\/wp\/v2\/media\/18989"}],"wp:attachment":[{"href":"https:\/\/www.onurkoserealestate.com\/tr\/wp-json\/wp\/v2\/media?parent=19080"}],"wp:term":[{"taxonomy":"product_cat","embeddable":true,"href":"https:\/\/www.onurkoserealestate.com\/tr\/wp-json\/wp\/v2\/product_cat?post=19080"},{"taxonomy":"product_tag","embeddable":true,"href":"https:\/\/www.onurkoserealestate.com\/tr\/wp-json\/wp\/v2\/product_tag?post=19080"},{"taxonomy":"country","embeddable":true,"href":"https:\/\/www.onurkoserealestate.com\/tr\/wp-json\/wp\/v2\/country?post=19080"},{"taxonomy":"district","embeddable":true,"href":"https:\/\/www.onurkoserealestate.com\/tr\/wp-json\/wp\/v2\/district?post=19080"},{"taxonomy":"selling-type","embeddable":true,"href":"https:\/\/www.onurkoserealestate.com\/tr\/wp-json\/wp\/v2\/selling-type?post=19080"},{"taxonomy":"property-type","embeddable":true,"href":"https:\/\/www.onurkoserealestate.com\/tr\/wp-json\/wp\/v2\/property-type?post=19080"},{"taxonomy":"location","embeddable":true,"href":"https:\/\/www.onurkoserealestate.com\/tr\/wp-json\/wp\/v2\/location?post=19080"},{"taxonomy":"property-city","embeddable":true,"href":"https:\/\/www.onurkoserealestate.com\/tr\/wp-json\/wp\/v2\/property-city?post=19080"}],"curies":[{"name":"wp","href":"https:\/\/api.w.org\/{rel}","templated":true}]}}