{"id":19178,"date":"2025-08-13T06:30:16","date_gmt":"2025-08-13T06:30:16","guid":{"rendered":"https:\/\/www.onurkoserealestate.com\/product\/california-residence-kestel-alanyada-modern-11-daire\/"},"modified":"2025-08-13T06:30:16","modified_gmt":"2025-08-13T06:30:16","slug":"modern-11-apartment-in-california-residence-kestel-alanya","status":"publish","type":"product","link":"https:\/\/www.onurkoserealestate.com\/tr\/product\/modern-11-apartment-in-california-residence-kestel-alanya\/","title":{"rendered":"California Residence \u2013 Kestel, Alanya&#8217;da Modern 1+1 Daire"},"content":{"rendered":"<p data-start=\"432\" data-end=\"752\"><strong data-start=\"518\" data-end=\"542\">Alanya&#8217;n\u0131n <\/strong>huzurlu <strong data-start=\"741\" data-end=\"751\">Kestel <\/strong>semtinde bulunan <strong data-start=\"568\" data-end=\"578\">California Residence<\/strong>&#8216;daki bu modern 1+1 daire ile konfor, g\u00fcvenlik ve aktif bir ya\u015fam tarz\u0131n\u0131 ke\u015ffedin. 1. katta bulunan ve toplam 50 m\u00b2 alana sahip bu daire, \u00e7iftler, bekarlar veya g\u00fczel <strong data-start=\"595\" data-end=\"605\">Alanya&#8217;da <\/strong>tatil evi olarak idealdir. <\/p>\n<p data-start=\"754\" data-end=\"1093\"><strong data-start=\"754\" data-end=\"778\">Kestel&#8217;deki <\/strong><strong data-start=\"782\" data-end=\"792\">California Residence<\/strong>, <strong data-start=\"1082\" data-end=\"1092\">Alanya&#8217;da<\/strong> resort tarz\u0131 bir ya\u015fam tarz\u0131n\u0131 desteklemek i\u00e7in tasarlanm\u0131\u015f, kapal\u0131 ve a\u00e7\u0131k y\u00fczme havuzlar\u0131, tam donan\u0131ml\u0131 fitness merkezi, T\u00fcrk hamam\u0131, sauna, buhar odas\u0131, voleybol ve basketbol sahalar\u0131, \u00e7ocuk oyun alan\u0131 ve 7\/24 g\u00fcvenlik gibi \u00e7ok \u00e7e\u015fitli \u00fcst d\u00fczey olanaklar sunmaktad\u0131r.<\/p>\n<p data-start=\"1095\" data-end=\"1365\">Konut ayr\u0131ca a\u00e7\u0131k otopark, g\u00fczel peyzajl\u0131 bah\u00e7eler ve samimi bir topluluk atmosferine sahiptir. Plaja, ma\u011fazalara ve toplu ta\u015f\u0131ma ara\u00e7lar\u0131na k\u0131sa bir y\u00fcr\u00fcy\u00fc\u015f mesafesinde bulunan bu daire, Alanya&#8217;n\u0131n \u00fcnl\u00fc <strong data-start=\"1340\" data-end=\"1350\">Akdeniz <\/strong>ya\u015fam\u0131n\u0131n tad\u0131n\u0131 \u00e7\u0131karman\u0131z\u0131 sa\u011flar. <\/p>\n<p data-start=\"1367\" data-end=\"1560\"><strong data-start=\"1476\" data-end=\"1486\">Alanya&#8217;da <\/strong>dinlendirici bir sahil evi, mevsimlik bir tatil yeri veya ak\u0131ll\u0131 bir gayrimenkul yat\u0131r\u0131m\u0131 ar\u0131yorsan\u0131z, <strong data-start=\"1510\" data-end=\"1520\">Kestel&#8217;deki <\/strong>bu 1+1 daire ola\u011fan\u00fcst\u00fc bir de\u011fer ve konfor sunuyor.<\/p>\n","protected":false},"excerpt":{"rendered":"<p>Alanya&#8217;n\u0131n huzurlu Kestel semtinde bulunan California Residence&#8216;daki bu modern 1+1 daire ile konfor, g\u00fcvenlik ve aktif bir ya\u015fam tarz\u0131n\u0131 ke\u015ffedin.<\/p>\n","protected":false},"featured_media":19095,"comment_status":"open","ping_status":"closed","template":"","meta":[],"product_cat":[77],"product_tag":[],"country":[109],"district":[200],"selling-type":[118],"property-type":[120],"location":[152],"property-city":[124],"class_list":{"0":"post-19178","1":"product","2":"type-product","3":"status-publish","4":"has-post-thumbnail","6":"product_cat-acil-satilik","7":"country-turkey-tr","8":"district-kestel-tr","9":"selling-type-resale-tr","10":"property-type-apartment-tr","11":"location-alanya-tr","12":"property-city-antalya-tr","14":"first","15":"instock","16":"shipping-taxable","17":"purchasable","18":"product-type-simple"},"_links":{"self":[{"href":"https:\/\/www.onurkoserealestate.com\/tr\/wp-json\/wp\/v2\/product\/19178","targetHints":{"allow":["GET"]}}],"collection":[{"href":"https:\/\/www.onurkoserealestate.com\/tr\/wp-json\/wp\/v2\/product"}],"about":[{"href":"https:\/\/www.onurkoserealestate.com\/tr\/wp-json\/wp\/v2\/types\/product"}],"replies":[{"embeddable":true,"href":"https:\/\/www.onurkoserealestate.com\/tr\/wp-json\/wp\/v2\/comments?post=19178"}],"wp:featuredmedia":[{"embeddable":true,"href":"https:\/\/www.onurkoserealestate.com\/tr\/wp-json\/wp\/v2\/media\/19095"}],"wp:attachment":[{"href":"https:\/\/www.onurkoserealestate.com\/tr\/wp-json\/wp\/v2\/media?parent=19178"}],"wp:term":[{"taxonomy":"product_cat","embeddable":true,"href":"https:\/\/www.onurkoserealestate.com\/tr\/wp-json\/wp\/v2\/product_cat?post=19178"},{"taxonomy":"product_tag","embeddable":true,"href":"https:\/\/www.onurkoserealestate.com\/tr\/wp-json\/wp\/v2\/product_tag?post=19178"},{"taxonomy":"country","embeddable":true,"href":"https:\/\/www.onurkoserealestate.com\/tr\/wp-json\/wp\/v2\/country?post=19178"},{"taxonomy":"district","embeddable":true,"href":"https:\/\/www.onurkoserealestate.com\/tr\/wp-json\/wp\/v2\/district?post=19178"},{"taxonomy":"selling-type","embeddable":true,"href":"https:\/\/www.onurkoserealestate.com\/tr\/wp-json\/wp\/v2\/selling-type?post=19178"},{"taxonomy":"property-type","embeddable":true,"href":"https:\/\/www.onurkoserealestate.com\/tr\/wp-json\/wp\/v2\/property-type?post=19178"},{"taxonomy":"location","embeddable":true,"href":"https:\/\/www.onurkoserealestate.com\/tr\/wp-json\/wp\/v2\/location?post=19178"},{"taxonomy":"property-city","embeddable":true,"href":"https:\/\/www.onurkoserealestate.com\/tr\/wp-json\/wp\/v2\/property-city?post=19178"}],"curies":[{"name":"wp","href":"https:\/\/api.w.org\/{rel}","templated":true}]}}