{"id":19270,"date":"2025-08-13T06:53:23","date_gmt":"2025-08-13T06:53:23","guid":{"rendered":"https:\/\/www.onurkoserealestate.com\/product\/vatandaslik-hakki-olan-31-havuz-manzarali-dubleks-kestel-alanya\/"},"modified":"2025-08-13T06:53:23","modified_gmt":"2025-08-13T06:53:23","slug":"citizenship-eligible-31-duplex-with-pool-view-kestel-alanya","status":"publish","type":"product","link":"https:\/\/www.onurkoserealestate.com\/tr\/product\/citizenship-eligible-31-duplex-with-pool-view-kestel-alanya\/","title":{"rendered":"Vatanda\u015fl\u0131k Hakk\u0131 Olan 3+1 Havuz Manzaral\u0131 Dubleks \u2013 Kestel, Alanya"},"content":{"rendered":"<p data-start=\"401\" data-end=\"787\">Bu geni\u015f ve modern<strong data-start=\"533\" data-end=\"543\"> 3+1<\/strong> dubleks daire, Alanya&#8217;n\u0131n huzurlu <strong data-start=\"649\" data-end=\"663\">Kestel <\/strong>b\u00f6lgesinde bulunan \u00fcnl\u00fc <strong data-start=\"776\" data-end=\"786\">Myra Park<\/strong> kompleksinde yer almaktad\u0131r. <strong data-start=\"514\" data-end=\"524\">170 m\u00b2<\/strong> ya\u015fam alan\u0131 sunan bu do\u011fuya bakan daire, 4. katta yer almakta olup, g\u00fczel havuz manzaras\u0131, geni\u015f a\u00e7\u0131k alanlar ve ayd\u0131nl\u0131k, i\u015flevsel bir yerle\u015fim plan\u0131na sahiptir \u2014 <strong data-start=\"476\" data-end=\"489\">Alanya&#8217;da <\/strong>birinci s\u0131n\u0131f bir ya\u015fam tarz\u0131 arayan aileler veya ki\u015filer i\u00e7in idealdir. <\/p>\n<p data-start=\"789\" data-end=\"1007\">En \u00f6nemlisi, daire <strong data-start=\"996\" data-end=\"1006\">T\u00fcrk vatanda\u015fl\u0131\u011f\u0131<\/strong> i\u00e7in uygun oldu\u011fundan, hem l\u00fcks bir ev hem de <strong data-start=\"824\" data-end=\"860\">Alanya&#8217;da <\/strong>ikamet i\u00e7in yasal bir yol arayan yabanc\u0131 al\u0131c\u0131lar i\u00e7in cazip bir yat\u0131r\u0131m se\u00e7ene\u011fi haline gelmektedir.<\/p>\n<p data-start=\"1009\" data-end=\"1272\"><strong data-start=\"1009\" data-end=\"1022\">Myra Park,<\/strong> a\u00e7\u0131k y\u00fczme havuzu, T\u00fcrk hamam\u0131, sauna, buhar odas\u0131, masaj odalar\u0131, fitness merkezi, barbek\u00fc alan\u0131 ve a\u00e7\u0131k otopark gibi \u00e7ok \u00e7e\u015fitli sosyal ve sa\u011fl\u0131k tesisleri sunmaktad\u0131r. T\u00fcm bu tesisler, <strong data-start=\"1253\" data-end=\"1271\">Alanya&#8217;n\u0131n <\/strong>Kestel b\u00f6lgesinde resort tarz\u0131 bir ya\u015fam i\u00e7in tasarlanm\u0131\u015ft\u0131r.<\/p>\n<p data-start=\"1274\" data-end=\"1417\">Plaja ve yerel olanaklara sadece k\u0131sa bir mesafede bulunan bu dubleks daire, dinlenme, rahatl\u0131k ve uzun vadeli de\u011ferlerin bir kar\u0131\u015f\u0131m\u0131n\u0131 sunmaktad\u0131r.<\/p>\n<p data-start=\"1419\" data-end=\"1591\">Aile evi, tatil evi veya vatanda\u015fl\u0131k avantajlar\u0131 sunan bir yat\u0131r\u0131m ar\u0131yorsan\u0131z, <strong data-start=\"1540\" data-end=\"1552\">Alanya&#8217;n\u0131n <\/strong>Kestel b\u00f6lgesinde bulunan bu m\u00fclk m\u00fckemmel bir se\u00e7imdir.<\/p>\n","protected":false},"excerpt":{"rendered":"<p>Bu geni\u015f ve modern 3+1 dubleks daire, Alanya&#8217;n\u0131n huzurlu Kestel b\u00f6lgesinde bulunan \u00fcnl\u00fc Myra Park kompleksinde yer almaktad\u0131r. 170 m\u00b2<\/p>\n","protected":false},"featured_media":19251,"comment_status":"open","ping_status":"closed","template":"","meta":[],"product_cat":[77],"product_tag":[],"country":[109],"district":[200],"selling-type":[118],"property-type":[120],"location":[152],"property-city":[124],"class_list":{"0":"post-19270","1":"product","2":"type-product","3":"status-publish","4":"has-post-thumbnail","6":"product_cat-acil-satilik","7":"country-turkey-tr","8":"district-kestel-tr","9":"selling-type-resale-tr","10":"property-type-apartment-tr","11":"location-alanya-tr","12":"property-city-antalya-tr","14":"first","15":"instock","16":"shipping-taxable","17":"purchasable","18":"product-type-simple"},"_links":{"self":[{"href":"https:\/\/www.onurkoserealestate.com\/tr\/wp-json\/wp\/v2\/product\/19270","targetHints":{"allow":["GET"]}}],"collection":[{"href":"https:\/\/www.onurkoserealestate.com\/tr\/wp-json\/wp\/v2\/product"}],"about":[{"href":"https:\/\/www.onurkoserealestate.com\/tr\/wp-json\/wp\/v2\/types\/product"}],"replies":[{"embeddable":true,"href":"https:\/\/www.onurkoserealestate.com\/tr\/wp-json\/wp\/v2\/comments?post=19270"}],"wp:featuredmedia":[{"embeddable":true,"href":"https:\/\/www.onurkoserealestate.com\/tr\/wp-json\/wp\/v2\/media\/19251"}],"wp:attachment":[{"href":"https:\/\/www.onurkoserealestate.com\/tr\/wp-json\/wp\/v2\/media?parent=19270"}],"wp:term":[{"taxonomy":"product_cat","embeddable":true,"href":"https:\/\/www.onurkoserealestate.com\/tr\/wp-json\/wp\/v2\/product_cat?post=19270"},{"taxonomy":"product_tag","embeddable":true,"href":"https:\/\/www.onurkoserealestate.com\/tr\/wp-json\/wp\/v2\/product_tag?post=19270"},{"taxonomy":"country","embeddable":true,"href":"https:\/\/www.onurkoserealestate.com\/tr\/wp-json\/wp\/v2\/country?post=19270"},{"taxonomy":"district","embeddable":true,"href":"https:\/\/www.onurkoserealestate.com\/tr\/wp-json\/wp\/v2\/district?post=19270"},{"taxonomy":"selling-type","embeddable":true,"href":"https:\/\/www.onurkoserealestate.com\/tr\/wp-json\/wp\/v2\/selling-type?post=19270"},{"taxonomy":"property-type","embeddable":true,"href":"https:\/\/www.onurkoserealestate.com\/tr\/wp-json\/wp\/v2\/property-type?post=19270"},{"taxonomy":"location","embeddable":true,"href":"https:\/\/www.onurkoserealestate.com\/tr\/wp-json\/wp\/v2\/location?post=19270"},{"taxonomy":"property-city","embeddable":true,"href":"https:\/\/www.onurkoserealestate.com\/tr\/wp-json\/wp\/v2\/property-city?post=19270"}],"curies":[{"name":"wp","href":"https:\/\/api.w.org\/{rel}","templated":true}]}}