{"id":19371,"date":"2025-08-13T07:15:17","date_gmt":"2025-08-13T07:15:17","guid":{"rendered":"https:\/\/www.onurkoserealestate.com\/product\/myra-park-kestel-alanyada-genis-21-daire\/"},"modified":"2025-08-13T07:15:17","modified_gmt":"2025-08-13T07:15:17","slug":"spacious-21-apartment-in-myra-park-kestel-alanya","status":"publish","type":"product","link":"https:\/\/www.onurkoserealestate.com\/tr\/product\/spacious-21-apartment-in-myra-park-kestel-alanya\/","title":{"rendered":"Myra Park \u2013 Kestel, Alanya&#8217;da Geni\u015f 2+1 Daire"},"content":{"rendered":"<p data-start=\"414\" data-end=\"747\"><strong data-start=\"464\" data-end=\"474\">Alanya&#8217;n\u0131n <\/strong>huzurlu ve ye\u015fil <strong data-start=\"604\" data-end=\"624\">Kestel <\/strong>semtinde bulunan bu geni\u015f 2+1 daire, tam donan\u0131ml\u0131 <strong data-start=\"476\" data-end=\"486\">Myra Park Residence<\/strong>&#8216;\u0131n bir par\u00e7as\u0131d\u0131r. Toplam <strong data-start=\"736\" data-end=\"746\">120 m\u00b2<\/strong> alana ve kuzeybat\u0131ya bakan bir plana sahip olan bu ev, <strong data-start=\"545\" data-end=\"568\">Alanya&#8217;daki <\/strong>plaja ve yerel olanaklara sadece birka\u00e7 dakika uzakl\u0131kta konforlu ve modern bir ya\u015fam tarz\u0131 sunmaktad\u0131r. <\/p>\n<p data-start=\"749\" data-end=\"1055\">Dairenin \u00f6zenle tasarlanm\u0131\u015f yap\u0131s\u0131, iki yatak odas\u0131, geni\u015f bir oturma alan\u0131 ve do\u011fal \u0131\u015f\u0131k ve taze Akdeniz havas\u0131 alan bir balkona sahiptir. Kat ve manzara hakk\u0131nda ayr\u0131nt\u0131l\u0131 bilgi verilmese de, <strong data-start=\"966\" data-end=\"976\">Kestel&#8217;deki <\/strong>konumu, do\u011fa ve <strong data-start=\"1044\" data-end=\"1054\">Alanya&#8217;n\u0131n <\/strong>g\u00fczelli\u011fi ile \u00e7evrili sakin bir ortam sunmaktad\u0131r. <\/p>\n<p data-start=\"1057\" data-end=\"1303\"><strong data-start=\"1057\" data-end=\"1070\">Myra Park<\/strong>, b\u00fcy\u00fck bir a\u00e7\u0131k y\u00fczme havuzu, T\u00fcrk hamam\u0131, sauna, buhar odas\u0131, masaj odalar\u0131, barbek\u00fc alan\u0131, fitness merkezi ve a\u00e7\u0131k otopark gibi resort tarz\u0131 olanaklarla <strong data-start=\"1292\" data-end=\"1302\">Alanya&#8217;da <\/strong>modern sahil ya\u015fam\u0131n\u0131n t\u00fcm konforunu sunmaktad\u0131r.<\/p>\n<p data-start=\"1305\" data-end=\"1508\"><strong data-start=\"1394\" data-end=\"1406\">Alanya&#8217;n\u0131n <\/strong>b\u00fcy\u00fcyen emlak piyasas\u0131nda tatil ka\u00e7ama\u011f\u0131, tam zamanl\u0131 ikametgah veya ak\u0131ll\u0131 bir yat\u0131r\u0131m ar\u0131yorsan\u0131z, <strong data-start=\"1457\" data-end=\"1467\">Kestel&#8217;deki <\/strong>bu 2+1 daire m\u00fckemmel bir se\u00e7enek ve \u00e7ok uygun bir fiyata.<\/p>\n","protected":false},"excerpt":{"rendered":"<p>Alanya&#8217;n\u0131n huzurlu ve ye\u015fil Kestel semtinde bulunan bu geni\u015f 2+1 daire, tam donan\u0131ml\u0131 Myra Park Residence&#8216;\u0131n bir par\u00e7as\u0131d\u0131r. Toplam 120<\/p>\n","protected":false},"featured_media":19275,"comment_status":"open","ping_status":"closed","template":"","meta":[],"product_cat":[77,95],"product_tag":[],"country":[109],"district":[200],"selling-type":[118],"property-type":[120],"location":[152],"property-city":[124],"class_list":{"0":"post-19371","1":"product","2":"type-product","3":"status-publish","4":"has-post-thumbnail","6":"product_cat-acil-satilik","7":"product_cat-havuz-manzarasi","8":"country-turkey-tr","9":"district-kestel-tr","10":"selling-type-resale-tr","11":"property-type-apartment-tr","12":"location-alanya-tr","13":"property-city-antalya-tr","15":"first","16":"instock","17":"shipping-taxable","18":"purchasable","19":"product-type-simple"},"_links":{"self":[{"href":"https:\/\/www.onurkoserealestate.com\/tr\/wp-json\/wp\/v2\/product\/19371","targetHints":{"allow":["GET"]}}],"collection":[{"href":"https:\/\/www.onurkoserealestate.com\/tr\/wp-json\/wp\/v2\/product"}],"about":[{"href":"https:\/\/www.onurkoserealestate.com\/tr\/wp-json\/wp\/v2\/types\/product"}],"replies":[{"embeddable":true,"href":"https:\/\/www.onurkoserealestate.com\/tr\/wp-json\/wp\/v2\/comments?post=19371"}],"wp:featuredmedia":[{"embeddable":true,"href":"https:\/\/www.onurkoserealestate.com\/tr\/wp-json\/wp\/v2\/media\/19275"}],"wp:attachment":[{"href":"https:\/\/www.onurkoserealestate.com\/tr\/wp-json\/wp\/v2\/media?parent=19371"}],"wp:term":[{"taxonomy":"product_cat","embeddable":true,"href":"https:\/\/www.onurkoserealestate.com\/tr\/wp-json\/wp\/v2\/product_cat?post=19371"},{"taxonomy":"product_tag","embeddable":true,"href":"https:\/\/www.onurkoserealestate.com\/tr\/wp-json\/wp\/v2\/product_tag?post=19371"},{"taxonomy":"country","embeddable":true,"href":"https:\/\/www.onurkoserealestate.com\/tr\/wp-json\/wp\/v2\/country?post=19371"},{"taxonomy":"district","embeddable":true,"href":"https:\/\/www.onurkoserealestate.com\/tr\/wp-json\/wp\/v2\/district?post=19371"},{"taxonomy":"selling-type","embeddable":true,"href":"https:\/\/www.onurkoserealestate.com\/tr\/wp-json\/wp\/v2\/selling-type?post=19371"},{"taxonomy":"property-type","embeddable":true,"href":"https:\/\/www.onurkoserealestate.com\/tr\/wp-json\/wp\/v2\/property-type?post=19371"},{"taxonomy":"location","embeddable":true,"href":"https:\/\/www.onurkoserealestate.com\/tr\/wp-json\/wp\/v2\/location?post=19371"},{"taxonomy":"property-city","embeddable":true,"href":"https:\/\/www.onurkoserealestate.com\/tr\/wp-json\/wp\/v2\/property-city?post=19371"}],"curies":[{"name":"wp","href":"https:\/\/api.w.org\/{rel}","templated":true}]}}