{"id":19572,"date":"2025-08-15T07:21:44","date_gmt":"2025-08-15T07:21:44","guid":{"rendered":"https:\/\/www.onurkoserealestate.com\/product\/tamamen-mobilyali-2-yatak-odali-daire-plaja-sadece-250-metre-uzaklikta-alanya\/"},"modified":"2025-08-15T07:42:48","modified_gmt":"2025-08-15T07:42:48","slug":"fully-furnished-2-bedroom-flat-just-250m-from-the-beach-alanya","status":"publish","type":"product","link":"https:\/\/www.onurkoserealestate.com\/tr\/product\/fully-furnished-2-bedroom-flat-just-250m-from-the-beach-alanya\/","title":{"rendered":"Tamamen Mobilyal\u0131 2 Yatak Odal\u0131 Daire, Plaja Sadece 250 Metre Uzakl\u0131kta \u2013 Alanya"},"content":{"rendered":"<p data-start=\"425\" data-end=\"786\">Plaja sadece 250 metre uzakl\u0131kta bulunan bu tam donan\u0131ml\u0131 <strong data-start=\"486\" data-end=\"503\">2+1 daire<\/strong>, Alanya&#8217;n\u0131n pop\u00fcler <strong data-start=\"722\" data-end=\"734\">Mahmutlar <\/strong>b\u00f6lgesindeki modern <strong data-start=\"548\" data-end=\"575\">Novita Deluxe Residence<\/strong>&#8216;\u0131n 10. kat\u0131nda yer almaktad\u0131r. <strong data-start=\"591\" data-end=\"604\">2022 <\/strong>y\u0131l\u0131nda in\u015fa edilen daire, <strong data-start=\"617\" data-end=\"627\">90 m\u00b2 <\/strong>ya\u015fam alan\u0131, iki balkon ve nefes kesici bir deniz manzaras\u0131 sunmaktad\u0131r \u2014 Akdeniz ya\u015fam tarz\u0131n\u0131n tad\u0131n\u0131 \u00e7\u0131karmak i\u00e7in m\u00fckemmeldir. <\/p>\n<p data-start=\"788\" data-end=\"1085\">Bu \u015f\u0131k dairede iki yatak odas\u0131, ayd\u0131nl\u0131k bir a\u00e7\u0131k plan oturma odas\u0131 ve mutfak, modern bir banyo ve t\u00fcm odalarda kaliteli mobilyalar bulunmaktad\u0131r. <strong data-start=\"1074\" data-end=\"1084\">Y\u00fcksek kat<\/strong>ta yer almas\u0131 sayesinde daire, engelsiz manzaralar ve bol miktarda do\u011fal \u0131\u015f\u0131k sunar \u2014 <strong data-start=\"942\" data-end=\"965\">Alanya&#8217;n\u0131n <\/strong>kalbinde huzurlu bir s\u0131\u011f\u0131nak. <\/p>\n<p data-start=\"1087\" data-end=\"1396\"><strong data-start=\"1087\" data-end=\"1104\">Novita Deluxe<\/strong>, a\u00e7\u0131k y\u00fczme havuzu, fitness merkezi, sauna ve sosyalle\u015fmek veya dinlenmek i\u00e7in b\u00fcy\u00fcleyici bir \u00e7ardak alan\u0131 gibi m\u00fckemmel tesis i\u00e7i olanaklar sunmaktad\u0131r. Konut, kafeler, marketler ve toplu ta\u015f\u0131ma ara\u00e7lar\u0131na yak\u0131n bir konumda yer almaktad\u0131r, bu da onu hem tam zamanl\u0131 ya\u015fam hem de tatil konaklamalar\u0131 i\u00e7in ideal hale getirmektedir. <\/p>\n<p data-start=\"1398\" data-end=\"1587\"><strong data-start=\"1476\" data-end=\"1486\">Alanya&#8217;da <\/strong>modern bir aile evi veya karl\u0131 bir yat\u0131r\u0131m ar\u0131yorsan\u0131z, <strong data-start=\"1506\" data-end=\"1519\">Mahmutlar&#8217;daki <\/strong>bu daire konfor, konum ve ya\u015fam tarz\u0131n\u0131n m\u00fckemmel birle\u015fimini sunuyor.<\/p>\n","protected":false},"excerpt":{"rendered":"<p>Plaja sadece 250 metre uzakl\u0131kta bulunan bu tam donan\u0131ml\u0131 2+1 daire, Alanya&#8217;n\u0131n pop\u00fcler Mahmutlar b\u00f6lgesindeki modern Novita Deluxe Residence&#8216;\u0131n 10.<\/p>\n","protected":false},"featured_media":19525,"comment_status":"open","ping_status":"closed","template":"","meta":[],"product_cat":[77],"product_tag":[],"country":[109],"district":[186],"selling-type":[118],"property-type":[120],"location":[152],"property-city":[124],"class_list":{"0":"post-19572","1":"product","2":"type-product","3":"status-publish","4":"has-post-thumbnail","6":"product_cat-acil-satilik","7":"country-turkey-tr","8":"district-mahmutlar-tr","9":"selling-type-resale-tr","10":"property-type-apartment-tr","11":"location-alanya-tr","12":"property-city-antalya-tr","14":"first","15":"instock","16":"shipping-taxable","17":"purchasable","18":"product-type-simple"},"_links":{"self":[{"href":"https:\/\/www.onurkoserealestate.com\/tr\/wp-json\/wp\/v2\/product\/19572","targetHints":{"allow":["GET"]}}],"collection":[{"href":"https:\/\/www.onurkoserealestate.com\/tr\/wp-json\/wp\/v2\/product"}],"about":[{"href":"https:\/\/www.onurkoserealestate.com\/tr\/wp-json\/wp\/v2\/types\/product"}],"replies":[{"embeddable":true,"href":"https:\/\/www.onurkoserealestate.com\/tr\/wp-json\/wp\/v2\/comments?post=19572"}],"wp:featuredmedia":[{"embeddable":true,"href":"https:\/\/www.onurkoserealestate.com\/tr\/wp-json\/wp\/v2\/media\/19525"}],"wp:attachment":[{"href":"https:\/\/www.onurkoserealestate.com\/tr\/wp-json\/wp\/v2\/media?parent=19572"}],"wp:term":[{"taxonomy":"product_cat","embeddable":true,"href":"https:\/\/www.onurkoserealestate.com\/tr\/wp-json\/wp\/v2\/product_cat?post=19572"},{"taxonomy":"product_tag","embeddable":true,"href":"https:\/\/www.onurkoserealestate.com\/tr\/wp-json\/wp\/v2\/product_tag?post=19572"},{"taxonomy":"country","embeddable":true,"href":"https:\/\/www.onurkoserealestate.com\/tr\/wp-json\/wp\/v2\/country?post=19572"},{"taxonomy":"district","embeddable":true,"href":"https:\/\/www.onurkoserealestate.com\/tr\/wp-json\/wp\/v2\/district?post=19572"},{"taxonomy":"selling-type","embeddable":true,"href":"https:\/\/www.onurkoserealestate.com\/tr\/wp-json\/wp\/v2\/selling-type?post=19572"},{"taxonomy":"property-type","embeddable":true,"href":"https:\/\/www.onurkoserealestate.com\/tr\/wp-json\/wp\/v2\/property-type?post=19572"},{"taxonomy":"location","embeddable":true,"href":"https:\/\/www.onurkoserealestate.com\/tr\/wp-json\/wp\/v2\/location?post=19572"},{"taxonomy":"property-city","embeddable":true,"href":"https:\/\/www.onurkoserealestate.com\/tr\/wp-json\/wp\/v2\/property-city?post=19572"}],"curies":[{"name":"wp","href":"https:\/\/api.w.org\/{rel}","templated":true}]}}